{"id":1208,"date":"2025-02-18T10:52:04","date_gmt":"2025-02-18T09:52:04","guid":{"rendered":"http:\/\/sentidos.mittelerde.lan:8081\/?page_id=1208"},"modified":"2025-09-30T12:00:02","modified_gmt":"2025-09-30T10:00:02","slug":"agb","status":"publish","type":"page","link":"https:\/\/www.lichendorf.at\/hschwaiger\/?page_id=1208","title":{"rendered":"AGB"},"content":{"rendered":"\n<p>Allgemeine Gesch\u00e4ftsbedingungen (AGB) von H.Schwaiger Handmade &#8211; G\u00fcltig ab 18.02.2025<\/p>\n\n\n\n<p><strong>H.Schwaiger Handmade<br>Br\u00fcckenfeldweg 14<br>8473 Lichendorf<br>Telefon: +43677 64 29 38 66<br>E-Mail: hschwaiger@lichendorf.at<\/strong><\/p>\n\n\n\n<p><strong>1. Geltungsbereich<\/strong><\/p>\n\n\n\n<p>1.1. Die folgenden allgemeinen Gesch\u00e4ftsbedingungen (nachfolgend \u201eAGB\u201c) gelten f\u00fcr s\u00e4mtliche Gesch\u00e4ftsbeziehungen zwischen <strong>H.Schwaiger Handmade<\/strong> und den Kunden, die \u00fcber den Onlinemarktplatz unter https:\/\/www.hschwaiger.lichendorf.at\/ get\u00e4tigt werden.<br>Ma\u00dfgeblich ist jeweils die zum Zeitpunkt des Vertragsschlusses g\u00fcltige Fassung.<br>Abweichende Bedingungen des Kunden werden nicht anerkannt, soweit sie nicht gesetzlich vorgeschrieben sind. Mit der Abgabe einer Bestellung erkl\u00e4rt sich der Kunde mit diesen Allgemeinen Gesch\u00e4ftsbedingungen einverstanden und ist an sie gebunden.<\/p>\n\n\n\n<p><strong>2. Vertragsschluss<\/strong><\/p>\n\n\n\n<p>2.1. Alle Angebote von H:Schwaiger Handmade auf <a href=\"https:\/\/www.hschwaiger.lichendorf.at\/\">https:\/\/www.hschwaiger.lichendorf.at\/ <\/a> sind unverbindlich, das hei\u00dft, die Pr\u00e4sentation der Produkte auf dem Marktplatz stellt kein bindendes Angebot von H.Schwaiger Handmade dar. Es handelt sich dabei lediglich als Aufforderung an Kunden, ein Angebot zu stellen. Der Vertrag kommt mit der Annahme durch H.Schwaiger Handmade zustande.<\/p>\n\n\n\n<p>2.2. Die Bestellung erfolgt in folgenden Schritten: 1. Der K\u00e4ufer gibt die gew\u00fcnschten Produkte in den Warenkorb. 2. Wenn alles im Warenkorb ist klickt der Kunde auf &#8222;Weiter zum Bezahlen&#8220;. 3. Als erstes wird die E-Mailadresse angegeben, an welche die Informationen und Updates zur Bestellung erfolgen.4.  Danach wird die Art der Zustellung oder Abholung ausgew\u00e4hlt. 5. Je nach Auswahl wird Im n\u00e4chsten Schritt die korrekte Lieferadresse oder die korrekte Rechnungsadresse eingegeben werden. (Auch bei Abholung vor Ort ist die Rechnungsadresse bekannt zu geben, da diese in der Rechnung erfasst wird.) <\/p>\n\n\n\n<p> <strong>werden die pers\u00f6nlichen Daten f\u00fcr die Versand- bzw. Lieferadresse eingegeben, dh. Vorname, Nachname, Stra\u00dfe, Hausnummer, PLZ, Ort und E-Mailadresse. Danach werden die vorvertraglichen Informationen f\u00fcr Verbraucher eingeblendet und die Angaben im Warenkorb \u00fcberpr\u00fcft.<\/strong> Der K\u00e4ufer best\u00e4tigt die korrekten Angaben durch Klick auf den Button \u201eKostenpflichtig bestellen!\u201c. Danach wird die Bestellung an H.Schwaiger Handmade weitergeleitet.<br><\/p>\n\n\n\n<p>Der K\u00e4ufer bekommt unmittelbar danach eine Bestell\u00fcbersicht per E-Mail zugesandt. Dies stellt noch keine Annahme der Bestellung dar, sondern dient als digitaler Beleg f\u00fcr den Eingang der Bestellung. Die Bestellung wird seitens H.Schwaiger Handmade durch Hochladen der Rechnung oder durch Kontaktaufnahme per Telefon oder E&#8211;Mail mit dem K\u00e4ufer angenommen und best\u00e4tigt oder abgelehnt.<br>Der K\u00e4ufer wird dar\u00fcber per E-Mail informiert und bekommt den Vertragstext, die rechtswirksam einbezogenen AGB sowie die Rechnung zugesandt.<\/p>\n\n\n\n<p>2.3. H.Schwaiger Handmade ist nicht verpflichtet, die Bestellung \u2013 zum Beispiel nach Pr\u00fcfung der Bonit\u00e4t des Kunden oder aus anderen Gr\u00fcnden\u2013 anzunehmen.<\/p>\n\n\n\n<p>2.4. Lieferzeit: Die voraussichtliche Lieferzeit wird immer direkt bei jedem Produkt angegeben. Sofern ein Produkt extra angefertigt oder individualisiert wird, kann die voraussichtliche Lieferzeit durch eine Nachricht an H.Schwaiger Handmade ermittelt werden. Die angegebene Lieferzeit bezieht sich<br>auf den Moment ab der Bezahlung der Bestellung durch den K\u00e4ufer und wird in Werktagen berechnet.<\/p>\n\n\n\n<p>2.5. Stornierung: Bis zur schriftlichen Bestellbest\u00e4tigung per E-Mail kann die Bestellung durch den K\u00e4ufer in seinem Profil unter \u201eMeine Eink\u00e4ufe\u201c storniert werden. Sollte der Kunde keinen Kontenzugang angelegt haben, so ist die Stornierung formlos mit Stornierungsgrund, Name und Adresse sowie den bestellten Artikeln schriftlich per E-Mail an hschwaiger@lichendorf.at zu \u00fcbermitteln.<\/p>\n\n\n\n<p><strong>3. Belehrung \u00fcber das Widerrufsrecht:<\/strong><br>Gem\u00e4\u00df des Fern- und Ausw\u00e4rtsgesch\u00e4fte-Gesetzes k\u00f6nnen Verbraucher in \u00d6sterreich von einem im Fernabsatz geschlossenen Vertrag binnen vierzehn Tagen ohne Angabe von Gr\u00fcnden zur\u00fccktreten.<br>Sie haben das Recht, binnen vierzehn Tagen ohne Angabe von Gr\u00fcnden diesen Vertrag zu widerrufen.<br>Die Widerrufsfrist betr\u00e4gt vierzehn Tage ab dem Tag, an dem Sie oder ein von Ihnen benannter Dritter, der nicht der Bef\u00f6rderer ist, die Waren in Besitz genommen haben bzw. hat.<br>Um Ihr Widerrufsrecht auszu\u00fcben, m\u00fcssen Sie uns (H.Schwaiger Handmade, Br\u00fcckenfeldweg 14, 8473 Lichendorf, +43677 64 29 38 66, hschwaiger@lichendorf.at mittels einer eindeutigen Erkl\u00e4rung (z.B. ein mit der Post versandter Brief, E-Mail, Nachricht \u00fcber das Nachrichtensystem ) \u00fcber Ihren Entschluss, diesen Vertrag zu widerrufen, informieren. Sie k\u00f6nnen daf\u00fcr das beigef\u00fcgte Muster-Widerrufsformular verwenden, das jedoch nicht vorgeschrieben ist.<br>Zur Wahrung der Widerrufsfrist reicht es aus, dass Sie die Mitteilung \u00fcber die Aus\u00fcbung des Widerrufsrechts vor Ablauf der R\u00fccktrittsfrist absenden.<\/p>\n\n\n\n<p>3.1. Folgen des Widerrufs:<br>Wenn Sie von diesem Vertrag zur\u00fccktreten<\/p>\n\n\n\n<p>3.1.1. haben wir Ihnen alle Zahlungen, die wir von Ihnen erhalten haben, einschlie\u00dflich der Lieferkosten (mit Ausnahme der zus\u00e4tzlichen Kosten, die sich daraus ergeben, dass Sie eine andere Art der Lieferung als die von uns angebotene, g\u00fcnstigste Standardlieferung gew\u00e4hlt haben), unverz\u00fcglich<br>und sp\u00e4testens binnen vierzehn Tagen ab dem Tag zur\u00fcckzuzahlen, an dem die Mitteilung \u00fcber Ihren R\u00fccktritt von diesem Vertrag bei uns eingegangen ist. F\u00fcr diese R\u00fcckzahlung verwenden wir dasselbe Zahlungsmittel, das Sie bei der urspr\u00fcnglichen Transaktion eingesetzt haben, es sei denn, mit Ihnen wurde ausdr\u00fccklich etwas anderes vereinbart; in keinem Fall werden Ihnen wegen dieser R\u00fcckzahlung Entgelte berechnet.<\/p>\n\n\n\n<p><strong>Wir k\u00f6nnen die R\u00fcckzahlung verweigern, bis wir die Waren wieder zur\u00fcckerhalten haben oder bis Sie den Nachweis erbracht haben, dass Sie die Waren zur\u00fcckgesandt haben, je nachdem, welches der fr\u00fchere Zeitpunkt ist.<\/strong><\/p>\n\n\n\n<p>3.1.2. Sie haben die Waren unverz\u00fcglich und in jedem Fall sp\u00e4testens binnen vierzehn Tagen ab dem Tag, an dem Sie uns \u00fcber den R\u00fccktritt von diesem Vertrag unterrichten, an uns zur\u00fcckzusenden oder nach Absprache zu \u00fcbergeben. Die Frist ist gewahrt, wenn Sie die Waren vor Ablauf der Frist von vierzehn Tagen absenden. <strong>Die Kosten der R\u00fccksendung tr\u00e4gt der Kunde.<\/strong><\/p>\n\n\n\n<p>Sie m\u00fcssen f\u00fcr einen etwaigen Wertverlust der Waren nur aufkommen, wenn dieser Wertverlust auf einen zur Pr\u00fcfung der Beschaffenheit, Eigenschaften und Funktionsweise der Waren nicht notwendigen Umgang mit ihnen zur\u00fcckzuf\u00fchren ist.<\/p>\n\n\n\n<p><strong>3.2. Das Widerrufssrecht besteht nicht bei Lieferung von &#8211; Waren, die nach Kundenspezifikationen angefertigt werden oder eindeutig auf die pers\u00f6nlichen Bed\u00fcrfnisse zugeschnitten sind<\/strong>:<br>&#8211; Waren, die schnell verderben k\u00f6nnen oder deren Verfallsdatum schnell \u00fcberschritten w\u00fcrde<br><strong>&#8211; Waren, die aus Hygiene- und Gesundheitsschutzgr\u00fcnden nicht zur R\u00fcckgabe geeignet sind (zB. Hygieneartikel ZB Seifen und Kosmetikartikel)<\/strong><br>&#8211; Waren, die nach ihrer Lieferung auf Grund ihrer Beschaffenheit untrennbar mit anderen G\u00fctern vermischt wurden,<br>&#8211; die Lieferung von nicht auf einem k\u00f6rperlichen Datentr\u00e4ger gespeicherten digitalen Inhalten, wenn H.Schwaiger Handmade \u2013 mit ausdr\u00fccklicher Zustimmung des Verbrauchers, verbunden mit dessen Kenntnisnahme vom Verlust des R\u00fccktrittsrechts bei vorzeitigem Beginn mit der Vertragserf\u00fcllung, und nach Zurverf\u00fcgungstellung einer Ausfertigung oder Best\u00e4tigung\u2013 noch vor<br>Ablauf der R\u00fccktrittsfrist nach \u00a7 11 mit der Lieferung begonnen hat.<\/p>\n\n\n\n<p><strong>4. Sonstiger Vertragsr\u00fccktritt<\/strong><\/p>\n\n\n\n<p>4.1. R\u00fccktrittsrecht von H.Schwaiger Handmade<br>H.Schwaiger Handmade ist berechtigt, bei vertragswidrigem Verhalten des Kunden vom Vertrag zur\u00fcck zu treten und die Ware heraus zu verlangen. Insbesondere bei Zahlungsverzug ist H.Schwaiger Handmade berechtigt angemessene Mahnspesen und Verzugszinsen zu verlangen.<\/p>\n\n\n\n<p>4.2. R\u00fccksendung: Kommt es gem. Pkt. 4.1 zum Vertragsr\u00fccktritt, hat der Kunde bereits gelieferte Waren umgehend, sp\u00e4testens aber binnen 14 Tagen, auf eigene Gefahr und Kosten an H.Schwaiger Handmade zur\u00fcckzusenden. Die R\u00fccksendeadresse lautet: Br\u00fcckenfeldweg 14, 8473 Lichendorf,<\/p>\n\n\n\n<p><strong>5. Shop- &amp; Produktangaben<\/strong><\/p>\n\n\n\n<p>5.1. Produktfotos und Abbildungen gelten nur als Ann\u00e4herungswerte, sofern diese beim jeweiligen Produkt nicht als ausdr\u00fccklich verbindlicher Fixwert angegeben wurden. Da es sich bei unseren Produkten um handgefertigte Unikate handelt, kann es zu nat\u00fcrlichen Abweichungen in Farbe, Struktur oder Form im Vergleich zu den Produktfotos und Beschreibungstexten kommen. Diese Abweichungen stellen keinen Mangel dar, soweit sie geringf\u00fcgig sind und die Funktionalit\u00e4t des Produkts nicht beeintr\u00e4chtigen.<\/p>\n\n\n\n<p>5.2. Produktpreise: Die angegeben Preise sind Tagespreise und gelten bis auf Widerruf. H.Schwaiger Handmade ist umsatzsteuerbefreit aufgrund der Kleinunternehmerregelung gem. \u00a7 6 Abs. 1 Z 27 UStG.<\/p>\n\n\n\n<p>5.3. Versandkosten: Die Kosten f\u00fcr den Versand werden gesondert angegeben und werden in der Bestellung als eigene Position ausgewiesen. Diese gelten durch den Kunden mit der Bestellung inhaltlich und der H\u00f6he nach als genehmigt. Ma\u00dfgeblich sind immer die zum Zeitpunkt der Bestellung g\u00fcltigen<br>Preise.<\/p>\n\n\n\n<p><strong>6. Zahlung:<\/strong><\/p>\n\n\n\n<p>6.1. Der Kunde kann den Preis per Vorauskasse, PayPal oder sonstige im Onlineshop angebotene Zahlungsformen leisten.<\/p>\n\n\n\n<p>6.2. Der Kunde verpflichtet sich sp\u00e4testens nach Erhalt der Rechnung innerhalb von 7 Tagen den Preis zu bezahlen. Nach Ablauf dieser Frist ger\u00e4t der Kunde in Zahlungsverzug.<\/p>\n\n\n\n<p>6.3. Zahlt der Kunde die geschuldete Summe nach Setzung einer angemessenen Nachfrist nicht, so hat H.Schwaiger Handmade das Recht vom Vertrag zur\u00fcckzutreten und\/oder Schadenersatz statt Erf\u00fcllung zu verlangen. Der Kunde ist in jedem Fall des Zahlungsverzuges verpflichtet, Verzugszinsen setzen sich aus Basiszinssatz + max. 4 % zusammen, sowie die erforderlichen Mahnspesen (\u20ac 10,00 f\u00fcr eine qualifizierte Mahnung) sowie nach erfolgter Mahnung die angemessenen Eintreibungskosten (Inkassob\u00fcros, Rechtsanw\u00e4lte, gerichtliche Geltendmachung) zu tragen.<\/p>\n\n\n\n<p><strong>7. Lieferung:<\/strong><\/p>\n\n\n\n<p>7.1. Lieferungen sind ausschlie\u00dflich innerhalb \u00d6sterreichs m\u00f6glich. Sofern nicht anders vereinbart, erfolgt die Lieferung an die vom Kunden angegebene Lieferadresse entsprechend den Lieferbedingungen.<\/p>\n\n\n\n<p>7.2. Wenn H.Schwaiger Handmade die angegebenen Lieferfristen oder vereinbarte Liefertermine \u00fcberschreitet, so kann der Kunde schriftlich eine angemessene Nachfrist von zumindest der Dauer der urspr\u00fcnglich angegebenen Lieferfrist setzten und bei deren \u00dcberschreitung vom Vertrag zur\u00fccktreten.<\/p>\n\n\n\n<p><strong>8. Eigentumsvorbehalt:<\/strong><\/p>\n\n\n\n<p>8.1. Die gelieferte Ware bleibt bis zur vollst\u00e4ndigen Bezahlung (einschlie\u00dflich Zinsen, Spesen und Kosten) uneingeschr\u00e4nktes Eigentum von H.Schwaiger Handmade. Der Kunde verpflichtet sich, den Kaufgegenstand bis zur vollst\u00e4ndigen Bezahlung frei von Rechten Dritter zu halten, insbesondere den<br>Kaufgegenstand weder weiter zu ver\u00e4u\u00dfern noch zu verpf\u00e4nden oder Dritten zur Sicherheit zu geben.<\/p>\n\n\n\n<p>8.2. Dem Kunden ist die Be- und Verarbeitung der Ware w\u00e4hrend des aufrechten Eigentumsvorbehalts nicht gestattet.<\/p>\n\n\n\n<p>8.3. Der Kunde ist verpflichtet, die Ware w\u00e4hrend des Bestehens des Eigentumsvorbehalts pfleglich zu behandeln.<\/p>\n\n\n\n<p><strong>9. Haftungsbeschr\u00e4nkungen:<\/strong><\/p>\n\n\n\n<p>9.1. H.Schwaiger Handmade haftet unbeschr\u00e4nkt f\u00fcr Sch\u00e4den aus der Verletzung des Lebens, des K\u00f6rpers oder der Gesundheit, die auf einer vors\u00e4tzlichen oder fahrl\u00e4ssigen Pflichtverletzung von H.Schwaiger Handmade oder eines gesetzlichen Vertreters oder Erf\u00fcllungsgehilfen beruhen.<\/p>\n\n\n\n<p>9.2. F\u00fcr sonstige Sch\u00e4den haftet H.Schwaiger Handmade nur, soweit diese vors\u00e4tzlich oder grob fahrl\u00e4ssig verursacht wurden. Eine Haftung f\u00fcr leichte Fahrl\u00e4ssigkeit ist ausgeschlossen, <strong>soweit es sich nicht um Sch\u00e4den aus der Verletzung wesentlicher Vertragspflichten handelt<\/strong>, deren Erf\u00fcllung die ordnungsgem\u00e4\u00dfe Durchf\u00fchrung des Vertrags \u00fcberhaupt erst erm\u00f6glicht und auf deren Einhaltung der Kunde regelm\u00e4\u00dfig vertrauen darf.<\/p>\n\n\n\n<p>9.3. Die Haftung nach dem Produkthaftungsgesetz bleibt unber\u00fchrt.<\/p>\n\n\n\n<p>9.4. Diese Haftungsbeschr\u00e4nkungen gelten gleicherma\u00dfen f\u00fcr gesetzliche Vertreter und Erf\u00fcllungsgehilfen von H.Schwaiger Handmade.<\/p>\n\n\n\n<p><strong>10. Anwendbares Recht \/ Gerichtsstand<\/strong><\/p>\n\n\n\n<p>10.1. Es gilt ausschlie\u00dflich die Anwendbarkeit des \u00f6sterreichischen Rechts unter Ausschluss des UN-Kaufrechts als vereinbart. Bei Verbrauchern gilt diese Rechtswahl nur insoweit, als nicht der gew\u00e4hrte Schutz durch zwingende Bestimmungen des Rechts des Staates, in dem der Verbraucher seinen<br>gew\u00f6hnlichen Aufenthalt oder Wohnsitz hat, entzogen wird.<\/p>\n\n\n\n<p>10.2. F\u00fcr allf\u00e4llige Streitigkeiten wird die \u00f6rtliche Zust\u00e4ndigkeit des jeweils sachlich f\u00fcr den Sitz des Verk\u00e4ufers zust\u00e4ndigen Gerichtes ausdr\u00fccklich vereinbart. Dies gilt nicht, soweit diese Vereinbarung gesetzliche Vorschriften, insbesondere das Konsumentenschutzgesetz zu Gunsten von Verbrauchern,<br>entgegensteht.<\/p>\n\n\n\n<p><strong>11. Schlussbestimmungen<\/strong><\/p>\n\n\n\n<p>11.1. Als Erf\u00fcllungsort gilt der Sitz von H.Schwaiger Handmade.<\/p>\n\n\n\n<p>11.2. Die Vertragssprache ist Deutsch.<\/p>\n\n\n\n<p>11.3. Sollten einzelne Bestimmungen des Vertrages mit dem Nutzer einschlie\u00dflich dieser Allgemeinen Gesch\u00e4ftsbedingungen ganz oder teilweise unwirksam sein oder werden, bliebt die G\u00fcltigkeit der \u00fcbrigen Regelungen davon unber\u00fchrt.<\/p>\n\n\n\n<p>11.4. Durch diese Allgemeinen Gesch\u00e4ftsbedingungen werden die Rechtsbeziehungen zwischen den Vertragsparteien abschlie\u00dfend geregelt. \u00c4nderungen oder Erg\u00e4nzungen dieser Vereinbarung bed\u00fcrfen der Schriftform, das gilt auch f\u00fcr das Abgehen vom Schriftlichkeitserfordernis.<\/p>\n\n\n\n<p>____________________________________________________________________________________<\/p>\n\n\n\n<p><strong>Widerrufsformular<\/strong><br>(wenn Sie den Vertrag widerrufen wollen, dann f\u00fcllen Sie bitte dieses Formular aus und senden es zur\u00fcck)<\/p>\n\n\n\n<p>&#8211; An (hier ist der Name, die Anschrift und gegebenenfalls die Faxnummer und E-Mail-Adresse des<br>Unternehmers durch den Unternehmer einzuf\u00fcgen)<br>&#8211; Hiermit widerrufe(n) ich\/wir(*) den von mir\/uns(*) abgeschlossenen Vertrag \u00fcber den Kauf der<br>folgenden Waren(*) \/ die Erbringung der folgenden Dienstleistung (*):<br>&#8211; Bestellt am (*) \/ erhalten am (*):<\/p>\n\n\n\n<p>&#8211; Name des\/der Verbraucher(s):<br>&#8211; Anschrift des\/der Verbraucher(s):<br>&#8211; Unterschrift des\/der Verbraucher(s) (nur bei Mitteilung auf Papier)<\/p>\n\n\n\n<p>&#8211; Datum:<\/p>\n\n\n\n<p>(*) Unzutreffendes streichen<\/p>\n\n\n\n<p><a href=\"https:\/\/www.lichendorf.at\/http\/natschwas\/wp-content\/uploads\/2023\/09\/Widerrufsformular-Anhang-I-BGBl_2.pdf\" target=\"_blank\" rel=\"noreferrer noopener\">Formular aufrufen<\/a><\/p>\n","protected":false},"excerpt":{"rendered":"<p>Allgemeine Gesch\u00e4ftsbedingungen (AGB) von H.Schwaiger Handmade &#8211; G\u00fcltig ab 18.02.2025 H.Schwaiger HandmadeBr\u00fcckenfeldweg 148473 LichendorfTelefon: +43677 64 29 38 66E-Mail: hschwaiger@lichendorf.at 1. Geltungsbereich 1.1. Die folgenden&hellip;<\/p>\n","protected":false},"author":1,"featured_media":0,"parent":0,"menu_order":0,"comment_status":"closed","ping_status":"closed","template":"","meta":{"footnotes":""},"class_list":["post-1208","page","type-page","status-publish","hentry"],"_links":{"self":[{"href":"https:\/\/www.lichendorf.at\/hschwaiger\/index.php?rest_route=\/wp\/v2\/pages\/1208","targetHints":{"allow":["GET"]}}],"collection":[{"href":"https:\/\/www.lichendorf.at\/hschwaiger\/index.php?rest_route=\/wp\/v2\/pages"}],"about":[{"href":"https:\/\/www.lichendorf.at\/hschwaiger\/index.php?rest_route=\/wp\/v2\/types\/page"}],"author":[{"embeddable":true,"href":"https:\/\/www.lichendorf.at\/hschwaiger\/index.php?rest_route=\/wp\/v2\/users\/1"}],"replies":[{"embeddable":true,"href":"https:\/\/www.lichendorf.at\/hschwaiger\/index.php?rest_route=%2Fwp%2Fv2%2Fcomments&post=1208"}],"version-history":[{"count":4,"href":"https:\/\/www.lichendorf.at\/hschwaiger\/index.php?rest_route=\/wp\/v2\/pages\/1208\/revisions"}],"predecessor-version":[{"id":2210,"href":"https:\/\/www.lichendorf.at\/hschwaiger\/index.php?rest_route=\/wp\/v2\/pages\/1208\/revisions\/2210"}],"wp:attachment":[{"href":"https:\/\/www.lichendorf.at\/hschwaiger\/index.php?rest_route=%2Fwp%2Fv2%2Fmedia&parent=1208"}],"curies":[{"name":"wp","href":"https:\/\/api.w.org\/{rel}","templated":true}]}}