{"id":216,"date":"2025-02-11T14:37:31","date_gmt":"2025-02-11T13:37:31","guid":{"rendered":"http:\/\/sentidos.mittelerde.lan:8081\/?page_id=216"},"modified":"2025-02-17T19:55:57","modified_gmt":"2025-02-17T18:55:57","slug":"allergene","status":"publish","type":"page","link":"https:\/\/www.lichendorf.at\/hschwaiger\/?page_id=216","title":{"rendered":"Allergene"},"content":{"rendered":"\n<blockquote class=\"wp-block-quote is-layout-flow wp-block-quote-is-layout-flow\">\n<p><mark style=\"background-color:rgba(0, 0, 0, 0)\" class=\"has-inline-color has-luminous-vivid-orange-color\">Hier findest du alle Allergene die seit dem 15. August 2023 gem\u00e4\u00df EU-Verordnung 2023\/1545 gelten. Die erweiterte Liste deklarationspflichtiger allergener Duftstoffe f\u00fcr kosmetische Mittel muss sp\u00e4testens im August 2026 f\u00fcr bereits inverkehrgebrachte Produkte bzw. im August 2028 f\u00fcr neue Produkte verpflichtend umgesetzt werden. Wir arbeiten gerade daran, alles schnellstm\u00f6glich f\u00fcr dich umzusetzen!<\/mark><\/p>\n<\/blockquote>\n\n\n\n<p>Gib die Zahl oder Teile der Zahl die auf deinem Produkt unter &#8222;<strong>Allergene<\/strong>&#8220; zu finden ist einfach in das Suchfeld ein!<\/p>\n\n\n\n<table id=\"tablepress-2\" class=\"tablepress tablepress-id-2\">\n<thead>\n<tr class=\"row-1\">\n\t<th class=\"column-1\">Legende<\/th>\n<\/tr>\n<\/thead>\n<tbody class=\"row-striping row-hover\">\n<tr class=\"row-2\">\n\t<td class=\"column-1\">A-001 | Acetyl Cedrene<\/td>\n<\/tr>\n<tr class=\"row-3\">\n\t<td class=\"column-1\">A-002 | AMYL CINAMAL<\/td>\n<\/tr>\n<tr class=\"row-4\">\n\t<td class=\"column-1\">A-003 | Amyl Salicylate<\/td>\n<\/tr>\n<tr class=\"row-5\">\n\t<td class=\"column-1\">A-004 | Amylcinnamyl Alcohol<\/td>\n<\/tr>\n<tr class=\"row-6\">\n\t<td class=\"column-1\">A-005 | Anisyl Alcohol<\/td>\n<\/tr>\n<tr class=\"row-7\">\n\t<td class=\"column-1\">A-006 | Anethole<\/td>\n<\/tr>\n<tr class=\"row-8\">\n\t<td class=\"column-1\">A-007 | Benzaldehyde<\/td>\n<\/tr>\n<tr class=\"row-9\">\n\t<td class=\"column-1\">A-008 | Benzyl Alcohol<\/td>\n<\/tr>\n<tr class=\"row-10\">\n\t<td class=\"column-1\">A-009 | Benzyl Benzoate<\/td>\n<\/tr>\n<tr class=\"row-11\">\n\t<td class=\"column-1\">A-010 | Benzyl Cinnamate<\/td>\n<\/tr>\n<tr class=\"row-12\">\n\t<td class=\"column-1\">A-011 | Benzyl Salicylate<\/td>\n<\/tr>\n<tr class=\"row-13\">\n\t<td class=\"column-1\">A-012 | Butylphenyl Methylpropional<\/td>\n<\/tr>\n<tr class=\"row-14\">\n\t<td class=\"column-1\">A-013 | Camphor<\/td>\n<\/tr>\n<tr class=\"row-15\">\n\t<td class=\"column-1\">A-014 | Cananga Odorata Oil\/Extract<\/td>\n<\/tr>\n<tr class=\"row-16\">\n\t<td class=\"column-1\">A-015 | Carvone<\/td>\n<\/tr>\n<tr class=\"row-17\">\n\t<td class=\"column-1\">A-016 | Beta-Caryophyllene<\/td>\n<\/tr>\n<tr class=\"row-18\">\n\t<td class=\"column-1\">A-017 | Cedrus Atlantica Oil\/Extract<\/td>\n<\/tr>\n<tr class=\"row-19\">\n\t<td class=\"column-1\">A-018 | Cinnamal<\/td>\n<\/tr>\n<tr class=\"row-20\">\n\t<td class=\"column-1\">A-019 | Cinnamomum Cassia Leaf Oil<\/td>\n<\/tr>\n<tr class=\"row-21\">\n\t<td class=\"column-1\">A-020 | Cinnamomum Zeylanicum Bark Oil<\/td>\n<\/tr>\n<tr class=\"row-22\">\n\t<td class=\"column-1\">A-021 | Citral<\/td>\n<\/tr>\n<tr class=\"row-23\">\n\t<td class=\"column-1\">A-022 | Cinnamyl Alcohol<\/td>\n<\/tr>\n<tr class=\"row-24\">\n\t<td class=\"column-1\">A-023 | Citronellol<\/td>\n<\/tr>\n<tr class=\"row-25\">\n\t<td class=\"column-1\">A-024 | Citrus Aurantium Flower Oil<\/td>\n<\/tr>\n<tr class=\"row-26\">\n\t<td class=\"column-1\">A-025 | Citrus Aurantium Peel Oil<\/td>\n<\/tr>\n<tr class=\"row-27\">\n\t<td class=\"column-1\">A-026 | Citrus Aurantium Bergamia Peel Oil<\/td>\n<\/tr>\n<tr class=\"row-28\">\n\t<td class=\"column-1\">A-027 | Citrus Limon Peel Oil<\/td>\n<\/tr>\n<tr class=\"row-29\">\n\t<td class=\"column-1\">A-028 | Coumarin<\/td>\n<\/tr>\n<tr class=\"row-30\">\n\t<td class=\"column-1\">A-029 | Dimethyl Phenethyl Acetate<\/td>\n<\/tr>\n<tr class=\"row-31\">\n\t<td class=\"column-1\">A-030 | Eucalyptus Globulus Oil<\/td>\n<\/tr>\n<tr class=\"row-32\">\n\t<td class=\"column-1\">A-031 | Eugenia Caryophyllus Oil<\/td>\n<\/tr>\n<tr class=\"row-33\">\n\t<td class=\"column-1\">A-032 | Eugenol<\/td>\n<\/tr>\n<tr class=\"row-34\">\n\t<td class=\"column-1\">A-033 | Eugenyl Acetate<\/td>\n<\/tr>\n<tr class=\"row-35\">\n\t<td class=\"column-1\">A-034 | Evernia Furfuracea Extract<\/td>\n<\/tr>\n<tr class=\"row-36\">\n\t<td class=\"column-1\">A-035 | Evernia Prunastri Extract<\/td>\n<\/tr>\n<tr class=\"row-37\">\n\t<td class=\"column-1\">A-036 | Farnesol<\/td>\n<\/tr>\n<tr class=\"row-38\">\n\t<td class=\"column-1\">A-037 | Geraniol<\/td>\n<\/tr>\n<tr class=\"row-39\">\n\t<td class=\"column-1\">A-038 | Geranyl Acetate<\/td>\n<\/tr>\n<tr class=\"row-40\">\n\t<td class=\"column-1\">A-039 | Hexadecanolactone<\/td>\n<\/tr>\n<tr class=\"row-41\">\n\t<td class=\"column-1\">A-040 | Hexamethylindanopyran<\/td>\n<\/tr>\n<tr class=\"row-42\">\n\t<td class=\"column-1\">A-041 | Hexyl Cinnamal<\/td>\n<\/tr>\n<tr class=\"row-43\">\n\t<td class=\"column-1\">A-042 | Hydroxycitronellal<\/td>\n<\/tr>\n<tr class=\"row-44\">\n\t<td class=\"column-1\">A-043 | Hydroxyisohexyl 3-Cyclohexene Carboxaldehyde<\/td>\n<\/tr>\n<tr class=\"row-45\">\n\t<td class=\"column-1\">A-044 | alpha-Isomethyl Ionone<\/td>\n<\/tr>\n<tr class=\"row-46\">\n\t<td class=\"column-1\">A-045 | Isoeugenol<\/td>\n<\/tr>\n<tr class=\"row-47\">\n\t<td class=\"column-1\">A-046 | Isoeugenyl Acetate<\/td>\n<\/tr>\n<tr class=\"row-48\">\n\t<td class=\"column-1\">A-047 | Jasmine Oil\/Extract<\/td>\n<\/tr>\n<tr class=\"row-49\">\n\t<td class=\"column-1\">A-048 | Juniperus Virginiana Oil<\/td>\n<\/tr>\n<tr class=\"row-50\">\n\t<td class=\"column-1\">A-049 | Laurus Nobilis Leaf Oil<\/td>\n<\/tr>\n<tr class=\"row-51\">\n\t<td class=\"column-1\">A-050 | Lavandula Oil\/Extract<\/td>\n<\/tr>\n<tr class=\"row-52\">\n\t<td class=\"column-1\">A-051 | Lemongrass Oil<\/td>\n<\/tr>\n<tr class=\"row-53\">\n\t<td class=\"column-1\">A-052 | Limonene<\/td>\n<\/tr>\n<tr class=\"row-54\">\n\t<td class=\"column-1\">A-053 | Linalool<\/td>\n<\/tr>\n<tr class=\"row-55\">\n\t<td class=\"column-1\">A-054 | Linalyl Acetate<\/td>\n<\/tr>\n<tr class=\"row-56\">\n\t<td class=\"column-1\">A-055 | Lippia Citriodora Absolute<\/td>\n<\/tr>\n<tr class=\"row-57\">\n\t<td class=\"column-1\">A-056 | Mentha Piperita Oil<\/td>\n<\/tr>\n<tr class=\"row-58\">\n\t<td class=\"column-1\">A-057 | Mentha Viridis Leaf Oil<\/td>\n<\/tr>\n<tr class=\"row-59\">\n\t<td class=\"column-1\">A-058 | Menthol<\/td>\n<\/tr>\n<tr class=\"row-60\">\n\t<td class=\"column-1\">A-059 | Methyl 2-Octynoate<\/td>\n<\/tr>\n<tr class=\"row-61\">\n\t<td class=\"column-1\">A-060 | 6-Methyl coumarine<\/td>\n<\/tr>\n<tr class=\"row-62\">\n\t<td class=\"column-1\">A-061 | Methyl Salicylate<\/td>\n<\/tr>\n<tr class=\"row-63\">\n\t<td class=\"column-1\">A-062 | Myroxylon Pereirae Oil\/Extract<\/td>\n<\/tr>\n<tr class=\"row-64\">\n\t<td class=\"column-1\">A-063 | Narcissus Extract<\/td>\n<\/tr>\n<tr class=\"row-65\">\n\t<td class=\"column-1\">A-064 | Pelargonium Graveolens Flower Oil<\/td>\n<\/tr>\n<tr class=\"row-66\">\n\t<td class=\"column-1\">A-065 | Pinene<\/td>\n<\/tr>\n<tr class=\"row-67\">\n\t<td class=\"column-1\">A-066 | Pinus Mugo<\/td>\n<\/tr>\n<tr class=\"row-68\">\n\t<td class=\"column-1\">A-067 | Pinus Pumila<\/td>\n<\/tr>\n<tr class=\"row-69\">\n\t<td class=\"column-1\">A-068 | Pogostemon Cablin Oil<\/td>\n<\/tr>\n<tr class=\"row-70\">\n\t<td class=\"column-1\">A-069 | 3-Propylidenephthalide<\/td>\n<\/tr>\n<tr class=\"row-71\">\n\t<td class=\"column-1\">A-070 | Rose Flower Oil\/Extract<\/td>\n<\/tr>\n<tr class=\"row-72\">\n\t<td class=\"column-1\">A-071 | Rose Ketones<\/td>\n<\/tr>\n<tr class=\"row-73\">\n\t<td class=\"column-1\">A-072 | Salicylaldehyde<\/td>\n<\/tr>\n<tr class=\"row-74\">\n\t<td class=\"column-1\">A-073 | Santalol<\/td>\n<\/tr>\n<tr class=\"row-75\">\n\t<td class=\"column-1\">A-074 | Santalum Album Oil<\/td>\n<\/tr>\n<tr class=\"row-76\">\n\t<td class=\"column-1\">A-075 | Sclareol<\/td>\n<\/tr>\n<tr class=\"row-77\">\n\t<td class=\"column-1\">A-076 | alpha-Terpinene<\/td>\n<\/tr>\n<tr class=\"row-78\">\n\t<td class=\"column-1\">A-077 | Terpineol<\/td>\n<\/tr>\n<tr class=\"row-79\">\n\t<td class=\"column-1\">A-078 | Terpinolene<\/td>\n<\/tr>\n<tr class=\"row-80\">\n\t<td class=\"column-1\">A-079 | Tetramethyl Acetyloctahydronaphtalenes<\/td>\n<\/tr>\n<tr class=\"row-81\">\n\t<td class=\"column-1\">A-080 | Trimethylbenzenepropanol<\/td>\n<\/tr>\n<tr class=\"row-82\">\n\t<td class=\"column-1\">A-081 | Trimethylcyclopentenyl Methylisopentenol<\/td>\n<\/tr>\n<tr class=\"row-83\">\n\t<td class=\"column-1\">A-082 | Turpentine<\/td>\n<\/tr>\n<tr class=\"row-84\">\n\t<td class=\"column-1\">A-083 | Vanillin<\/td>\n<\/tr>\n<\/tbody>\n<\/table>\n<!-- #tablepress-2 from cache -->\n","protected":false},"excerpt":{"rendered":"<p>Hier findest du alle Allergene die seit dem 15. August 2023 gem\u00e4\u00df EU-Verordnung 2023\/1545 gelten. Die erweiterte Liste deklarationspflichtiger allergener Duftstoffe f\u00fcr kosmetische Mittel muss&hellip;<\/p>\n","protected":false},"author":1,"featured_media":0,"parent":0,"menu_order":0,"comment_status":"closed","ping_status":"closed","template":"","meta":{"footnotes":""},"class_list":["post-216","page","type-page","status-publish","hentry"],"_links":{"self":[{"href":"https:\/\/www.lichendorf.at\/hschwaiger\/index.php?rest_route=\/wp\/v2\/pages\/216","targetHints":{"allow":["GET"]}}],"collection":[{"href":"https:\/\/www.lichendorf.at\/hschwaiger\/index.php?rest_route=\/wp\/v2\/pages"}],"about":[{"href":"https:\/\/www.lichendorf.at\/hschwaiger\/index.php?rest_route=\/wp\/v2\/types\/page"}],"author":[{"embeddable":true,"href":"https:\/\/www.lichendorf.at\/hschwaiger\/index.php?rest_route=\/wp\/v2\/users\/1"}],"replies":[{"embeddable":true,"href":"https:\/\/www.lichendorf.at\/hschwaiger\/index.php?rest_route=%2Fwp%2Fv2%2Fcomments&post=216"}],"version-history":[{"count":8,"href":"https:\/\/www.lichendorf.at\/hschwaiger\/index.php?rest_route=\/wp\/v2\/pages\/216\/revisions"}],"predecessor-version":[{"id":1188,"href":"https:\/\/www.lichendorf.at\/hschwaiger\/index.php?rest_route=\/wp\/v2\/pages\/216\/revisions\/1188"}],"wp:attachment":[{"href":"https:\/\/www.lichendorf.at\/hschwaiger\/index.php?rest_route=%2Fwp%2Fv2%2Fmedia&parent=216"}],"curies":[{"name":"wp","href":"https:\/\/api.w.org\/{rel}","templated":true}]}}