{"id":2388,"date":"2025-11-09T12:00:39","date_gmt":"2025-11-09T11:00:39","guid":{"rendered":"https:\/\/www.lichendorf.at\/hschwaiger\/?page_id=2388"},"modified":"2025-11-09T12:06:46","modified_gmt":"2025-11-09T11:06:46","slug":"ueber-mich","status":"publish","type":"page","link":"https:\/\/www.lichendorf.at\/hschwaiger\/?page_id=2388","title":{"rendered":"\u00dcber mich"},"content":{"rendered":"\n<div class=\"wp-block-columns is-layout-flex wp-container-core-columns-is-layout-9d6595d7 wp-block-columns-is-layout-flex\">\n<div class=\"wp-block-column is-layout-flow wp-block-column-is-layout-flow\" style=\"flex-basis:100%\"><\/div>\n<\/div>\n\n\n\n<h3 class=\"wp-block-heading\">Wie passt Naturkosmetik mit digitalen Services zusammen?<\/h3>\n\n\n\n<hr class=\"wp-block-separator has-alpha-channel-opacity\"\/>\n\n\n\n<div class=\"wp-block-columns is-layout-flex wp-container-core-columns-is-layout-9d6595d7 wp-block-columns-is-layout-flex\">\n<div class=\"wp-block-column is-layout-flow wp-block-column-is-layout-flow\" style=\"flex-basis:100%\">\n<div class=\"wp-block-columns is-layout-flex wp-container-core-columns-is-layout-9d6595d7 wp-block-columns-is-layout-flex\">\n<div class=\"wp-block-column is-layout-flow wp-block-column-is-layout-flow\">\n<figure class=\"wp-block-image size-full\"><img loading=\"lazy\" decoding=\"async\" width=\"271\" height=\"271\" src=\"https:\/\/www.lichendorf.at\/hschwaiger\/wp-content\/uploads\/2025\/11\/FB_IMG_1578048628906.jpg\" alt=\"\" class=\"wp-image-2385\" srcset=\"https:\/\/www.lichendorf.at\/hschwaiger\/wp-content\/uploads\/2025\/11\/FB_IMG_1578048628906.jpg 271w, https:\/\/www.lichendorf.at\/hschwaiger\/wp-content\/uploads\/2025\/11\/FB_IMG_1578048628906-150x150.jpg 150w, https:\/\/www.lichendorf.at\/hschwaiger\/wp-content\/uploads\/2025\/11\/FB_IMG_1578048628906-100x100.jpg 100w\" sizes=\"auto, (max-width: 271px) 100vw, 271px\" \/><\/figure>\n<\/div>\n\n\n\n<div class=\"wp-block-column is-layout-flow wp-block-column-is-layout-flow\">\n<p>Auf den ersten Blick wirken handgemachte Kosmetik und digitale Dienstleistungen wie zwei v\u00f6llig verschiedene Welten. F\u00fcr mich geh\u00f6ren sie aber zusammen \u2013 denn in beiden steckt Kreativit\u00e4t, Genauigkeit und der Wunsch, Menschen den Alltag zu erleichtern.<\/p>\n\n\n\n<p>Meine Leidenschaft f\u00fcr Naturkosmetik begann 2015, als ich mein erstes Shampoo aus Heilerde, Meersalz und \u00e4therischem Pfefferminz\u00f6l ausprobierte. Das Ergebnis war nicht perfekt \u2013 aber es hat mich neugierig gemacht. Ich begann, Seifen zu sieden, Rezepte zu verfeinern und nat\u00fcrliche Pflegeprodukte zu entwickeln, die wirklich \u00fcberzeugen. 2021 machte ich meine Leidenschaft zum Beruf.<\/p>\n\n\n\n<p>Mein zweites Standbein sind digitale Services. Durch viele Jahre in der Erwachsenenbildung wei\u00df ich, wie man Wissen einfach und verst\u00e4ndlich vermittelt. Heute nutze ich diese Erfahrung, um Menschen beim Einstieg in digitale Themen zu unterst\u00fctzen \u2013 vom Fotobuch bis zu individuellen Alltagsl\u00f6sungen.<\/p>\n\n\n\n<p>Beides folgt dem gleichen Prinzip: mit Herz, Erfahrung und einem klaren Blick f\u00fcrs Detail das Beste aus Natur und Technik zu verbinden.<\/p>\n\n\n\n<p><em>Heidemarie Schwaiger<\/em><\/p>\n<\/div>\n<\/div>\n<\/div>\n<\/div>\n\n\n\n<p><\/p>\n","protected":false},"excerpt":{"rendered":"<p>Wie passt Naturkosmetik mit digitalen Services zusammen? Auf den ersten Blick wirken handgemachte Kosmetik und digitale Dienstleistungen wie zwei v\u00f6llig verschiedene Welten. F\u00fcr mich geh\u00f6ren&hellip;<\/p>\n","protected":false},"author":1,"featured_media":0,"parent":0,"menu_order":0,"comment_status":"closed","ping_status":"closed","template":"","meta":{"footnotes":""},"class_list":["post-2388","page","type-page","status-publish","hentry"],"_links":{"self":[{"href":"https:\/\/www.lichendorf.at\/hschwaiger\/index.php?rest_route=\/wp\/v2\/pages\/2388","targetHints":{"allow":["GET"]}}],"collection":[{"href":"https:\/\/www.lichendorf.at\/hschwaiger\/index.php?rest_route=\/wp\/v2\/pages"}],"about":[{"href":"https:\/\/www.lichendorf.at\/hschwaiger\/index.php?rest_route=\/wp\/v2\/types\/page"}],"author":[{"embeddable":true,"href":"https:\/\/www.lichendorf.at\/hschwaiger\/index.php?rest_route=\/wp\/v2\/users\/1"}],"replies":[{"embeddable":true,"href":"https:\/\/www.lichendorf.at\/hschwaiger\/index.php?rest_route=%2Fwp%2Fv2%2Fcomments&post=2388"}],"version-history":[{"count":3,"href":"https:\/\/www.lichendorf.at\/hschwaiger\/index.php?rest_route=\/wp\/v2\/pages\/2388\/revisions"}],"predecessor-version":[{"id":2396,"href":"https:\/\/www.lichendorf.at\/hschwaiger\/index.php?rest_route=\/wp\/v2\/pages\/2388\/revisions\/2396"}],"wp:attachment":[{"href":"https:\/\/www.lichendorf.at\/hschwaiger\/index.php?rest_route=%2Fwp%2Fv2%2Fmedia&parent=2388"}],"curies":[{"name":"wp","href":"https:\/\/api.w.org\/{rel}","templated":true}]}}