{"id":240,"date":"2025-02-11T18:53:40","date_gmt":"2025-02-11T17:53:40","guid":{"rendered":"http:\/\/sentidos.mittelerde.lan:8081\/?page_id=240"},"modified":"2025-02-13T09:29:34","modified_gmt":"2025-02-13T08:29:34","slug":"mica-and-iron-oxides-and-titanium-dioxide","status":"publish","type":"page","link":"https:\/\/www.lichendorf.at\/hschwaiger\/?page_id=240","title":{"rendered":"I-001 MICA (AND) IRON OXIDES (AND) TITANIUM DIOXIDE:"},"content":{"rendered":"\n<p><strong>Mica Aborigine Amber Braun<\/strong><\/p>\n\n\n\n<p><strong>MICA<\/strong>: Verleiht einen nat\u00fcrlichen Glanz und Schimmer auf der Haut und im Haar. <\/p>\n\n\n\n<p><strong>Einfache Anwendung<\/strong>: L\u00e4sst sich gut in verschiedene Formulierungen integrieren. <\/p>\n\n\n\n<p><strong>Lichtstreuung<\/strong>: Reflektiert Licht, was feine Linien und Unreinheiten kaschiert. <\/p>\n\n\n\n<p><strong>Hautfreundlich<\/strong>: In der Regel gut vertr\u00e4glich und hypoallergen. <\/p>\n\n\n\n<p><strong>Texturverbesserung<\/strong>: Sorgt f\u00fcr ein seidiges, glattes Hautgef\u00fchl. <\/p>\n\n\n\n<p><strong>Pigmentierung<\/strong>: Verbessert die Farbtiefe und -intensit\u00e4t in kosmetischen Produkten. <\/p>\n\n\n\n<p><strong>UV-Schutz<\/strong>: Titaniumdioxid bietet einen gewissen Schutz vor UV-Strahlen. <\/p>\n\n\n\n<p><strong>Mattierung<\/strong>: Reduziert Glanz und sorgt f\u00fcr ein mattes Finish auf der Haut. <\/p>\n\n\n\n<p><strong>Farbstabilit\u00e4t<\/strong>: Beh\u00e4lt die Farbe \u00fcber einen l\u00e4ngeren Zeitraum bei. <\/p>\n\n\n\n<p><strong>Vielseitigkeit<\/strong>: Kann in einer Vielzahl von Produkten wie Make-up, Hautpflege und Haarpflege verwendet werden.<\/p>\n","protected":false},"excerpt":{"rendered":"<p>Mica Aborigine Amber Braun MICA: Verleiht einen nat\u00fcrlichen Glanz und Schimmer auf der Haut und im Haar. Einfache Anwendung: L\u00e4sst sich gut in verschiedene Formulierungen&hellip;<\/p>\n","protected":false},"author":1,"featured_media":0,"parent":0,"menu_order":0,"comment_status":"closed","ping_status":"closed","template":"","meta":{"footnotes":""},"class_list":["post-240","page","type-page","status-publish","hentry"],"_links":{"self":[{"href":"https:\/\/www.lichendorf.at\/hschwaiger\/index.php?rest_route=\/wp\/v2\/pages\/240","targetHints":{"allow":["GET"]}}],"collection":[{"href":"https:\/\/www.lichendorf.at\/hschwaiger\/index.php?rest_route=\/wp\/v2\/pages"}],"about":[{"href":"https:\/\/www.lichendorf.at\/hschwaiger\/index.php?rest_route=\/wp\/v2\/types\/page"}],"author":[{"embeddable":true,"href":"https:\/\/www.lichendorf.at\/hschwaiger\/index.php?rest_route=\/wp\/v2\/users\/1"}],"replies":[{"embeddable":true,"href":"https:\/\/www.lichendorf.at\/hschwaiger\/index.php?rest_route=%2Fwp%2Fv2%2Fcomments&post=240"}],"version-history":[{"count":4,"href":"https:\/\/www.lichendorf.at\/hschwaiger\/index.php?rest_route=\/wp\/v2\/pages\/240\/revisions"}],"predecessor-version":[{"id":548,"href":"https:\/\/www.lichendorf.at\/hschwaiger\/index.php?rest_route=\/wp\/v2\/pages\/240\/revisions\/548"}],"wp:attachment":[{"href":"https:\/\/www.lichendorf.at\/hschwaiger\/index.php?rest_route=%2Fwp%2Fv2%2Fmedia&parent=240"}],"curies":[{"name":"wp","href":"https:\/\/api.w.org\/{rel}","templated":true}]}}