{"id":243,"date":"2025-02-11T18:55:53","date_gmt":"2025-02-11T17:55:53","guid":{"rendered":"http:\/\/sentidos.mittelerde.lan:8081\/?page_id=243"},"modified":"2025-02-13T09:26:07","modified_gmt":"2025-02-13T08:26:07","slug":"characoal-powder","status":"publish","type":"page","link":"https:\/\/www.lichendorf.at\/hschwaiger\/?page_id=243","title":{"rendered":"I-002 CHARACOAL POWDER"},"content":{"rendered":"\n<p><strong>Aktivkohle<\/strong><\/p>\n\n\n\n<p><strong>Entgiftend<\/strong>: Entfernt Unreinheiten und Giftstoffe von der Haut. <\/p>\n\n\n\n<p><strong>Porenverfeinernd<\/strong>: Hilft, das Erscheinungsbild von gro\u00dfen Poren zu minimieren. <\/p>\n\n\n\n<p><strong>\u00d6lregulierend<\/strong>: Reduziert \u00fcbersch\u00fcssigen Talg und mattiert die Haut. <\/p>\n\n\n\n<p><strong>Peeling-Effekt<\/strong>: Entfernt abgestorbene Hautzellen und f\u00f6rdert die Zellregeneration. <\/p>\n\n\n\n<p><strong>Antibakteriell<\/strong>: Bek\u00e4mpft Bakterien, die Akne verursachen k\u00f6nnen. <\/p>\n\n\n\n<p><strong>Beruhigend<\/strong>: Lindert Hautirritationen und R\u00f6tungen. <\/p>\n\n\n\n<p><strong>Haarreinigung<\/strong>: Entfernt R\u00fcckst\u00e4nde von Stylingprodukten und Schmutz aus dem Haar. <\/p>\n\n\n\n<p><strong>St\u00e4rkt das Haar<\/strong>: F\u00f6rdert die Gesundheit der Haarfollikel und kann Haarausfall reduzieren. <\/p>\n\n\n\n<p><strong>Frischegef\u00fchl<\/strong>: Sorgt f\u00fcr ein erfrischendes und sauberes Hautgef\u00fchl. <\/p>\n\n\n\n<p><strong>Nat\u00fcrlicher Glanz<\/strong>: Verleiht dem Haar einen gesunden, nat\u00fcrlichen Glanz.<\/p>\n","protected":false},"excerpt":{"rendered":"<p>Aktivkohle Entgiftend: Entfernt Unreinheiten und Giftstoffe von der Haut. Porenverfeinernd: Hilft, das Erscheinungsbild von gro\u00dfen Poren zu minimieren. \u00d6lregulierend: Reduziert \u00fcbersch\u00fcssigen Talg und mattiert die&hellip;<\/p>\n","protected":false},"author":1,"featured_media":0,"parent":0,"menu_order":0,"comment_status":"closed","ping_status":"closed","template":"","meta":{"footnotes":""},"class_list":["post-243","page","type-page","status-publish","hentry"],"_links":{"self":[{"href":"https:\/\/www.lichendorf.at\/hschwaiger\/index.php?rest_route=\/wp\/v2\/pages\/243","targetHints":{"allow":["GET"]}}],"collection":[{"href":"https:\/\/www.lichendorf.at\/hschwaiger\/index.php?rest_route=\/wp\/v2\/pages"}],"about":[{"href":"https:\/\/www.lichendorf.at\/hschwaiger\/index.php?rest_route=\/wp\/v2\/types\/page"}],"author":[{"embeddable":true,"href":"https:\/\/www.lichendorf.at\/hschwaiger\/index.php?rest_route=\/wp\/v2\/users\/1"}],"replies":[{"embeddable":true,"href":"https:\/\/www.lichendorf.at\/hschwaiger\/index.php?rest_route=%2Fwp%2Fv2%2Fcomments&post=243"}],"version-history":[{"count":4,"href":"https:\/\/www.lichendorf.at\/hschwaiger\/index.php?rest_route=\/wp\/v2\/pages\/243\/revisions"}],"predecessor-version":[{"id":546,"href":"https:\/\/www.lichendorf.at\/hschwaiger\/index.php?rest_route=\/wp\/v2\/pages\/243\/revisions\/546"}],"wp:attachment":[{"href":"https:\/\/www.lichendorf.at\/hschwaiger\/index.php?rest_route=%2Fwp%2Fv2%2Fmedia&parent=243"}],"curies":[{"name":"wp","href":"https:\/\/api.w.org\/{rel}","templated":true}]}}