{"id":245,"date":"2025-02-11T18:56:51","date_gmt":"2025-02-11T17:56:51","guid":{"rendered":"http:\/\/sentidos.mittelerde.lan:8081\/?page_id=245"},"modified":"2025-02-13T09:20:24","modified_gmt":"2025-02-13T08:20:24","slug":"radix-alannae-plv-extract","status":"publish","type":"page","link":"https:\/\/www.lichendorf.at\/hschwaiger\/?page_id=245","title":{"rendered":"I-003 RADIX ALANNAE PLV EXTRACT"},"content":{"rendered":"\n<p><strong>Alkanawurzel\u00f6l<\/strong><\/p>\n\n\n\n<p><strong>Feuchtigkeitsspendend<\/strong> | Hilft, die Haut und Haare mit Feuchtigkeit zu versorgen und Trockenheit zu reduzieren.<\/p>\n\n\n\n<p><strong>Beruhigend<\/strong> | Kann Hautirritationen lindern und die Haut beruhigen, besonders bei empfindlicher Haut.<\/p>\n\n\n\n<p><strong>Antioxidativ<\/strong> | Sch\u00fctzt die Haut vor Sch\u00e4den durch freie Radikale und Umweltstressoren.<\/p>\n\n\n\n<p><strong>Entz\u00fcndungshemmend<\/strong> | Reduziert Entz\u00fcndungen und R\u00f6tungen der Haut, was zu einem gleichm\u00e4\u00dfigeren Hautbild f\u00fchrt.<\/p>\n\n\n\n<p><strong>Hautregenerierend<\/strong> | F\u00f6rdert die Zellregeneration und unterst\u00fctzt die Heilung von Hautsch\u00e4den.<\/p>\n\n\n\n<p><strong>St\u00e4rkung der Haarstruktur<\/strong> | Verbessert die Festigkeit und Elastizit\u00e4t der Haare, wodurch sie weniger br\u00fcchig werden.<\/p>\n\n\n\n<p><strong>Glanzf\u00f6rdernd<\/strong> | Verleiht dem Haar einen gesunden Glanz und verbessert das allgemeine Erscheinungsbild. <\/p>\n\n\n\n<p><strong>N\u00e4hrstoffreich<\/strong> | Enth\u00e4lt wichtige N\u00e4hrstoffe, die das Haarwachstum unterst\u00fctzen und die Haarfollikel st\u00e4rken.<\/p>\n\n\n\n<p><strong>Regulierung der Talgproduktion<\/strong> | Hilft, die Talgproduktion der Haut zu regulieren und das Auftreten von Akne zu verringern.<\/p>\n\n\n\n<p> <strong>Anti-Aging-Effekte<\/strong> | Kann das Erscheinungsbild feiner Linien und Falten reduzieren und die Haut jugendlicher wirken lassen.<\/p>\n\n\n\n<p>Diese Eigenschaften machen Radix Alannae PLV Extract zu einer wertvollen Zutat in Haut- und Haarpflegeprodukten.<\/p>\n","protected":false},"excerpt":{"rendered":"<p>Alkanawurzel\u00f6l Feuchtigkeitsspendend | Hilft, die Haut und Haare mit Feuchtigkeit zu versorgen und Trockenheit zu reduzieren. Beruhigend | Kann Hautirritationen lindern und die Haut beruhigen,&hellip;<\/p>\n","protected":false},"author":1,"featured_media":0,"parent":0,"menu_order":0,"comment_status":"closed","ping_status":"closed","template":"","meta":{"footnotes":""},"class_list":["post-245","page","type-page","status-publish","hentry"],"_links":{"self":[{"href":"https:\/\/www.lichendorf.at\/hschwaiger\/index.php?rest_route=\/wp\/v2\/pages\/245","targetHints":{"allow":["GET"]}}],"collection":[{"href":"https:\/\/www.lichendorf.at\/hschwaiger\/index.php?rest_route=\/wp\/v2\/pages"}],"about":[{"href":"https:\/\/www.lichendorf.at\/hschwaiger\/index.php?rest_route=\/wp\/v2\/types\/page"}],"author":[{"embeddable":true,"href":"https:\/\/www.lichendorf.at\/hschwaiger\/index.php?rest_route=\/wp\/v2\/users\/1"}],"replies":[{"embeddable":true,"href":"https:\/\/www.lichendorf.at\/hschwaiger\/index.php?rest_route=%2Fwp%2Fv2%2Fcomments&post=245"}],"version-history":[{"count":4,"href":"https:\/\/www.lichendorf.at\/hschwaiger\/index.php?rest_route=\/wp\/v2\/pages\/245\/revisions"}],"predecessor-version":[{"id":543,"href":"https:\/\/www.lichendorf.at\/hschwaiger\/index.php?rest_route=\/wp\/v2\/pages\/245\/revisions\/543"}],"wp:attachment":[{"href":"https:\/\/www.lichendorf.at\/hschwaiger\/index.php?rest_route=%2Fwp%2Fv2%2Fmedia&parent=245"}],"curies":[{"name":"wp","href":"https:\/\/api.w.org\/{rel}","templated":true}]}}