{"id":256,"date":"2025-02-11T19:06:44","date_gmt":"2025-02-11T18:06:44","guid":{"rendered":"http:\/\/sentidos.mittelerde.lan:8081\/?page_id=256"},"modified":"2025-02-13T09:32:41","modified_gmt":"2025-02-13T08:32:41","slug":"i-005-aloe-barbadensis-fresh-leaf-juice","status":"publish","type":"page","link":"https:\/\/www.lichendorf.at\/hschwaiger\/?page_id=256","title":{"rendered":"I-005 ALOE BARBADENSIS FRESH LEAF JUICE"},"content":{"rendered":"\n<p><strong>BIO Aloe Vera Gel<\/strong><\/p>\n\n\n\n<p><strong>Feuchtigkeitsspendend<\/strong> Aloe Barbadensis Fresh Leaf Juice ist ein hervorragender Feuchtigkeitsspender, der die Haut intensiv hydratisiert. <\/p>\n\n\n\n<p><strong>Beruhigend<\/strong> Es hat beruhigende Eigenschaften, die Irritationen und R\u00f6tungen der Haut lindern. <\/p>\n\n\n\n<p><strong>Entz\u00fcndungshemmend<\/strong> Aloe Vera wirkt entz\u00fcndungshemmend und kann bei Hautproblemen wie Akne helfen. <\/p>\n\n\n\n<p><strong>Wundheilung<\/strong> Es unterst\u00fctzt die Wundheilung und f\u00f6rdert die Regeneration von gesch\u00e4digter Haut. <\/p>\n\n\n\n<p><strong>Antioxidativ<\/strong> Die enthaltenen Antioxidantien sch\u00fctzen die Haut vor freien Radikalen und Umweltsch\u00e4den. <\/p>\n\n\n\n<p><strong>Hautstraffend<\/strong> Aloe Vera kann die Hautelastizit\u00e4t verbessern und ein strafferes Hautbild f\u00f6rdern. <\/p>\n\n\n\n<p><strong>Haarpflege<\/strong> Es st\u00e4rkt die Haarwurzeln und kann Haarausfall reduzieren. <\/p>\n\n\n\n<p><strong>Kopfhautgesundheit<\/strong> Aloe Vera f\u00f6rdert die Gesundheit der Kopfhaut und kann Schuppenbildung reduzieren. <\/p>\n\n\n\n<p><strong>Glanzf\u00f6rdernd<\/strong> Es verleiht dem Haar einen nat\u00fcrlichen Glanz und verbessert die Haarstruktur. <\/p>\n\n\n\n<p><strong>pH-regulierend<\/strong> Aloe Barbadensis hilft, den pH-Wert der Haut und der Kopfhaut auszugleichen, was zu einem ges\u00fcnderen Erscheinungsbild f\u00fchrt.<\/p>\n\n\n\n<p><\/p>\n","protected":false},"excerpt":{"rendered":"<p>BIO Aloe Vera Gel Feuchtigkeitsspendend Aloe Barbadensis Fresh Leaf Juice ist ein hervorragender Feuchtigkeitsspender, der die Haut intensiv hydratisiert. Beruhigend Es hat beruhigende Eigenschaften, die&hellip;<\/p>\n","protected":false},"author":1,"featured_media":0,"parent":0,"menu_order":0,"comment_status":"closed","ping_status":"closed","template":"","meta":{"footnotes":""},"class_list":["post-256","page","type-page","status-publish","hentry"],"_links":{"self":[{"href":"https:\/\/www.lichendorf.at\/hschwaiger\/index.php?rest_route=\/wp\/v2\/pages\/256","targetHints":{"allow":["GET"]}}],"collection":[{"href":"https:\/\/www.lichendorf.at\/hschwaiger\/index.php?rest_route=\/wp\/v2\/pages"}],"about":[{"href":"https:\/\/www.lichendorf.at\/hschwaiger\/index.php?rest_route=\/wp\/v2\/types\/page"}],"author":[{"embeddable":true,"href":"https:\/\/www.lichendorf.at\/hschwaiger\/index.php?rest_route=\/wp\/v2\/users\/1"}],"replies":[{"embeddable":true,"href":"https:\/\/www.lichendorf.at\/hschwaiger\/index.php?rest_route=%2Fwp%2Fv2%2Fcomments&post=256"}],"version-history":[{"count":2,"href":"https:\/\/www.lichendorf.at\/hschwaiger\/index.php?rest_route=\/wp\/v2\/pages\/256\/revisions"}],"predecessor-version":[{"id":550,"href":"https:\/\/www.lichendorf.at\/hschwaiger\/index.php?rest_route=\/wp\/v2\/pages\/256\/revisions\/550"}],"wp:attachment":[{"href":"https:\/\/www.lichendorf.at\/hschwaiger\/index.php?rest_route=%2Fwp%2Fv2%2Fmedia&parent=256"}],"curies":[{"name":"wp","href":"https:\/\/api.w.org\/{rel}","templated":true}]}}