{"id":278,"date":"2025-02-11T19:14:28","date_gmt":"2025-02-11T18:14:28","guid":{"rendered":"http:\/\/sentidos.mittelerde.lan:8081\/?page_id=278"},"modified":"2025-02-13T11:15:47","modified_gmt":"2025-02-13T10:15:47","slug":"i-016-cymbopogon-citratus-leaf-oil","status":"publish","type":"page","link":"https:\/\/www.lichendorf.at\/hschwaiger\/?page_id=278","title":{"rendered":"I-016 CYMBOPOGON CITRATUS LEAF OIL"},"content":{"rendered":"\n<p><strong>\u00c4therisches \u00d6l Lemongras<\/strong><\/p>\n\n\n\n<figure class=\"wp-block-table\"><table class=\"has-fixed-layout\"><tbody><tr><td><strong>Positive Eigenschaften von CYMBOPOGON CITRATUS LEAF OIL f\u00fcr Haut und Haar:<\/strong><\/td><td><strong>Positive Eigenschaften von CYMBOPOGON CITRATUS LEAF OIL f\u00fcr <strong>Aromatherapie<\/strong>:<\/strong><\/td><\/tr><tr><td>I<strong>ntensive Feuchtigkeit<\/strong> Cymbopogon Citratus Leaf Oil spendet der Haut Feuchtigkeit, was zu einem geschmeidigen und strahlenden Hautbild f\u00fchrt. <br><strong>Antibakterielle Eigenschaften<\/strong> Das \u00d6l hat antibakterielle Wirkungen, die helfen, Hautunreinheiten und Akne zu bek\u00e4mpfen. <br><strong>Hautberuhigung<\/strong> Es kann R\u00f6tungen und Reizungen der Haut lindern, was zu einem gleichm\u00e4\u00dfigeren Hautbild f\u00fchrt. <br><strong>Entgiftende Wirkung<\/strong> Cymbopogon Citratus unterst\u00fctzt die Entgiftung der Haut, indem es Schadstoffe und Unreinheiten entfernt. <br><strong>Verbesserte Hautelastizit\u00e4t<\/strong> Durch die F\u00f6rderung der Kollagenproduktion tr\u00e4gt das \u00d6l zur Verbesserung der Hautelastizit\u00e4t bei, was Faltenbildung vorbeugt. <br><strong>Regeneration der Hautzellen<\/strong> Es f\u00f6rdert die Erneuerung der Hautzellen, was die Haut frischer und ges\u00fcnder erscheinen l\u00e4sst. <br><strong>Reduktion von Talgproduktion<\/strong> Das \u00d6l hilft, die Talgproduktion zu regulieren, was besonders f\u00fcr fettige Haut von Vorteil ist. <br><strong>Haarst\u00e4rkung<\/strong> Cymbopogon Citratus kann die Haarwurzeln st\u00e4rken und die Haarstruktur verbessern, was zu ges\u00fcnderem Haar f\u00fchrt. <br><strong>Glanz und Geschmeidigkeit<\/strong> Es verleiht dem Haar Glanz und Geschmeidigkeit, wodurch es lebendiger aussieht. <br><strong>Schutz vor Umwelteinfl\u00fcssen<\/strong> Das \u00d6l bietet einen Schutzschild gegen sch\u00e4dliche Umwelteinfl\u00fcsse, die die Haut sch\u00e4digen k\u00f6nnen.<\/td><td> <strong>Stimmungsaufhellend<\/strong> Der erfrischende Duft hebt die Stimmung und sorgt f\u00fcr ein positives Gef\u00fchl. <br><strong>Stressabbau<\/strong> Cymbopogon Citratus hat eine beruhigende Wirkung, die hilft, Stress abzubauen und Entspannung zu f\u00f6rdern. <br><strong>Energieboost<\/strong> Der belebende Duft wirkt anregend und gibt einen Energieschub, der die Produktivit\u00e4t steigert. <br><strong>F\u00f6rdert die Konzentration<\/strong> Der frische Duft kann die Konzentration steigern und die geistige Klarheit f\u00f6rdern. <br><strong>Antidepressiv<\/strong> Die aromatischen Eigenschaften k\u00f6nnen helfen, depressive Verstimmungen zu mildern und das allgemeine Wohlbefinden zu f\u00f6rdern. <br><strong>Atemwegserleichterung<\/strong> Der Duft kann bei Atemwegserkrankungen lindernd wirken und die Atmung erleichtern. <br><strong>Insektenabwehr<\/strong> Cymbopogon Citratus wirkt als nat\u00fcrliches Insektenschutzmittel und kann helfen, Insekten fernzuhalten. <br><strong>Harmonisierung der Sinne<\/strong> Der Duft harmonisiert die Sinne und f\u00f6rdert ein allgemeines Wohlbefinden. <br><strong>Erfrischung<\/strong> Das \u00d6l hat einen erfrischenden Duft, der die Sinne belebt und f\u00fcr Frische sorgt. <br><strong>Unterst\u00fctzung der Meditation<\/strong> Es kann eine ruhige und entspannende Atmosph\u00e4re schaffen, die die Meditation unterst\u00fctzt.<\/td><\/tr><\/tbody><\/table><\/figure>\n","protected":false},"excerpt":{"rendered":"<p>\u00c4therisches \u00d6l Lemongras Positive Eigenschaften von CYMBOPOGON CITRATUS LEAF OIL f\u00fcr Haut und Haar: Positive Eigenschaften von CYMBOPOGON CITRATUS LEAF OIL f\u00fcr Aromatherapie: Intensive Feuchtigkeit&hellip;<\/p>\n","protected":false},"author":1,"featured_media":0,"parent":0,"menu_order":0,"comment_status":"closed","ping_status":"closed","template":"","meta":{"footnotes":""},"class_list":["post-278","page","type-page","status-publish","hentry"],"_links":{"self":[{"href":"https:\/\/www.lichendorf.at\/hschwaiger\/index.php?rest_route=\/wp\/v2\/pages\/278","targetHints":{"allow":["GET"]}}],"collection":[{"href":"https:\/\/www.lichendorf.at\/hschwaiger\/index.php?rest_route=\/wp\/v2\/pages"}],"about":[{"href":"https:\/\/www.lichendorf.at\/hschwaiger\/index.php?rest_route=\/wp\/v2\/types\/page"}],"author":[{"embeddable":true,"href":"https:\/\/www.lichendorf.at\/hschwaiger\/index.php?rest_route=\/wp\/v2\/users\/1"}],"replies":[{"embeddable":true,"href":"https:\/\/www.lichendorf.at\/hschwaiger\/index.php?rest_route=%2Fwp%2Fv2%2Fcomments&post=278"}],"version-history":[{"count":3,"href":"https:\/\/www.lichendorf.at\/hschwaiger\/index.php?rest_route=\/wp\/v2\/pages\/278\/revisions"}],"predecessor-version":[{"id":593,"href":"https:\/\/www.lichendorf.at\/hschwaiger\/index.php?rest_route=\/wp\/v2\/pages\/278\/revisions\/593"}],"wp:attachment":[{"href":"https:\/\/www.lichendorf.at\/hschwaiger\/index.php?rest_route=%2Fwp%2Fv2%2Fmedia&parent=278"}],"curies":[{"name":"wp","href":"https:\/\/api.w.org\/{rel}","templated":true}]}}