{"id":293,"date":"2025-02-11T19:20:52","date_gmt":"2025-02-11T18:20:52","guid":{"rendered":"http:\/\/sentidos.mittelerde.lan:8081\/?page_id=293"},"modified":"2025-02-13T11:36:07","modified_gmt":"2025-02-13T10:36:07","slug":"i-023-organic-geranium-essential-oil-rose","status":"publish","type":"page","link":"https:\/\/www.lichendorf.at\/hschwaiger\/?page_id=293","title":{"rendered":"I-023 ORGANIC GERANIUM ESSENTIAL OIL &#8211; ROSE"},"content":{"rendered":"\n<p><strong>\u00c4therisches \u00d6l Rosengeranie<\/strong><\/p>\n\n\n\n<figure class=\"wp-block-table\"><table class=\"has-fixed-layout\"><tbody><tr><td><strong>Positive Eigenschaften von ORGANIC GERANIUM ESSENTIAL OIL &#8211; ROSE f\u00fcr Haut und Haar:<\/strong><\/td><td><strong>Positive Eigenschaften von ORGANIC GERANIUM ESSENTIAL OIL &#8211; ROSE f\u00fcr <strong>Aromatherapie<\/strong>:<\/strong><\/td><\/tr><tr><td><strong>Hautfeuchtigkeit<\/strong> Das \u00d6l spendet der Haut intensive Feuchtigkeit, was zu einem geschmeidigen und strahlenden Hautbild f\u00fchrt. <br><strong>Hautregeneration<\/strong> Es f\u00f6rdert die Regeneration der Hautzellen, wodurch sich die Haut schneller erholt und regeneriert. <br><strong>Reduktion von R\u00f6tungen<\/strong> Geranium\u00f6l hilft, R\u00f6tungen zu reduzieren, was die Haut gleichm\u00e4\u00dfiger und ges\u00fcnder erscheinen l\u00e4sst. <br><strong>Antioxidative Eigenschaften<\/strong> Es enth\u00e4lt Antioxidantien, die die Haut vor sch\u00e4dlichen Umwelteinfl\u00fcssen sch\u00fctzen und die Zeichen der Hautalterung verringern. <br><strong>Verbesserte Hautelastizit\u00e4t<\/strong> Durch die F\u00f6rderung der Kollagenproduktion tr\u00e4gt es zur Verbesserung der Hautelastizit\u00e4t bei, was Faltenbildung vorbeugt. <br><strong>Beruhigende Wirkung<\/strong> Das \u00d6l hat eine beruhigende Wirkung auf gereizte Haut und kann Entz\u00fcndungen lindern. <br><strong>Hautaufhellung<\/strong> Geranium\u00f6l hat aufhellende Eigenschaften, die helfen, dunkle Flecken und Unreinheiten zu reduzieren. <br><strong>Regulierung der Talgproduktion<\/strong> Es hilft, die Talgproduktion zu regulieren, was besonders f\u00fcr fettige Hauttypen von Vorteil ist. <br><strong>Verbesserte Haarstruktur<\/strong> Geranium\u00f6l verbessert die Haarstruktur, macht das Haar gl\u00e4nzender und ges\u00fcnder. <br><strong>Antibakterielle Wirkung<\/strong> Das \u00d6l hat antibakterielle Eigenschaften, die helfen, Hautunreinheiten und Akne zu bek\u00e4mpfen.<\/td><td><strong>Stimmungsaufhellend<\/strong> Der Duft des \u00d6ls hebt die Stimmung und sorgt f\u00fcr ein positives Gef\u00fchl, was bei emotionalen Belastungen hilfreich sein kann. <br><strong>Stressabbau<\/strong> Es hat eine beruhigende Wirkung, die hilft, Stress abzubauen und Entspannung zu f\u00f6rdern. <br><strong>F\u00f6rdert die Konzentration<\/strong> Der erfrischende Duft kann die Konzentration steigern und die geistige Klarheit f\u00f6rdern, was bei der Arbeit oder beim Lernen n\u00fctzlich ist. <br><strong>Energieboost<\/strong> Es wirkt belebend und gibt einen Energieschub, der die Produktivit\u00e4t steigert. <br><strong>Entz\u00fcndungshemmend<\/strong> Die entz\u00fcndungshemmenden Eigenschaften helfen, den K\u00f6rper zu beruhigen und Entz\u00fcndungen zu reduzieren. <br><strong>Harmonisierung der Sinne<\/strong> Der Duft harmonisiert die Sinne und f\u00f6rdert ein allgemeines Wohlbefinden, was die emotionale Balance unterst\u00fctzt. <br><strong>Atemwegserleichterung<\/strong> Der Duft kann bei Atemwegserkrankungen lindernd wirken und die Atmung erleichtern. <br><strong>Unterst\u00fctzung der Meditation<\/strong> Es kann bei der Meditation helfen, indem es eine ruhige und entspannende Atmosph\u00e4re schafft. <br><strong>Insektenabwehr<\/strong> Geranium\u00f6l kann als nat\u00fcrliches Insektenschutzmittel verwendet werden, um Insekten fernzuhalten. <br><strong>Erfrischung<\/strong> Das \u00d6l hat einen erfrischenden Duft, der die Sinne belebt und f\u00fcr Frische sorgt.<\/td><\/tr><\/tbody><\/table><\/figure>\n","protected":false},"excerpt":{"rendered":"<p>\u00c4therisches \u00d6l Rosengeranie Positive Eigenschaften von ORGANIC GERANIUM ESSENTIAL OIL &#8211; ROSE f\u00fcr Haut und Haar: Positive Eigenschaften von ORGANIC GERANIUM ESSENTIAL OIL &#8211; ROSE&hellip;<\/p>\n","protected":false},"author":1,"featured_media":0,"parent":0,"menu_order":0,"comment_status":"closed","ping_status":"closed","template":"","meta":{"footnotes":""},"class_list":["post-293","page","type-page","status-publish","hentry"],"_links":{"self":[{"href":"https:\/\/www.lichendorf.at\/hschwaiger\/index.php?rest_route=\/wp\/v2\/pages\/293","targetHints":{"allow":["GET"]}}],"collection":[{"href":"https:\/\/www.lichendorf.at\/hschwaiger\/index.php?rest_route=\/wp\/v2\/pages"}],"about":[{"href":"https:\/\/www.lichendorf.at\/hschwaiger\/index.php?rest_route=\/wp\/v2\/types\/page"}],"author":[{"embeddable":true,"href":"https:\/\/www.lichendorf.at\/hschwaiger\/index.php?rest_route=\/wp\/v2\/users\/1"}],"replies":[{"embeddable":true,"href":"https:\/\/www.lichendorf.at\/hschwaiger\/index.php?rest_route=%2Fwp%2Fv2%2Fcomments&post=293"}],"version-history":[{"count":2,"href":"https:\/\/www.lichendorf.at\/hschwaiger\/index.php?rest_route=\/wp\/v2\/pages\/293\/revisions"}],"predecessor-version":[{"id":613,"href":"https:\/\/www.lichendorf.at\/hschwaiger\/index.php?rest_route=\/wp\/v2\/pages\/293\/revisions\/613"}],"wp:attachment":[{"href":"https:\/\/www.lichendorf.at\/hschwaiger\/index.php?rest_route=%2Fwp%2Fv2%2Fmedia&parent=293"}],"curies":[{"name":"wp","href":"https:\/\/api.w.org\/{rel}","templated":true}]}}