{"id":337,"date":"2025-02-11T19:34:20","date_gmt":"2025-02-11T18:34:20","guid":{"rendered":"http:\/\/sentidos.mittelerde.lan:8081\/?page_id=337"},"modified":"2025-02-14T08:50:20","modified_gmt":"2025-02-14T07:50:20","slug":"i-045-carthamus-tinctorius-oil","status":"publish","type":"page","link":"https:\/\/www.lichendorf.at\/hschwaiger\/?page_id=337","title":{"rendered":"I-045 CARTHAMUS TINCTORIUS OIL"},"content":{"rendered":"\n<p><strong>Distel\u00f6l<\/strong><\/p>\n\n\n\n<p><strong>Positive Eigenschaften f\u00fcr Haut und Haar von CARTHAMUS TINCTORIUS OIL<\/strong><\/p>\n\n\n\n<p><strong>Feuchtigkeitsspendend<\/strong> Carthamus Tinctorius Oil, auch bekannt als F\u00e4rberdistel\u00f6l, hat die F\u00e4higkeit, die Haut intensiv mit Feuchtigkeit zu versorgen. Es zieht schnell ein und hinterl\u00e4sst ein weiches, geschmeidiges Hautgef\u00fchl. <strong>N\u00e4hrstoffreich<\/strong> Das \u00d6l ist reich an essentiellen Fetts\u00e4uren, insbesondere Linols\u00e4ure, die die Haut mit wichtigen N\u00e4hrstoffen versorgt. Dies f\u00f6rdert ein gesundes, strahlendes Hautbild. <\/p>\n\n\n\n<p><strong>Regenerierend<\/strong> Carthamus Tinctorius Oil unterst\u00fctzt die Regeneration der Hautzellen, was zu einer schnelleren Heilung von Hautsch\u00e4den und einem frischeren Teint f\u00fchrt. <\/p>\n\n\n\n<p><strong>Antioxidative Wirkung<\/strong> Die Antioxidantien im \u00d6l sch\u00fctzen die Haut vor sch\u00e4dlichen freien Radikalen, die durch Umweltbelastungen entstehen. Dies hilft, die Zeichen der Hautalterung zu reduzieren. <\/p>\n\n\n\n<p><strong>Beruhigend<\/strong> Das \u00d6l hat beruhigende Eigenschaften, die bei gereizter oder empfindlicher Haut helfen. Es lindert R\u00f6tungen und sorgt f\u00fcr ein angenehmes Hautgef\u00fchl. <\/p>\n\n\n\n<p><strong>Hautstraffend<\/strong> Carthamus Tinctorius Oil verbessert die Elastizit\u00e4t der Haut, wodurch feine Linien und Falten gemildert werden. Dies verleiht der Haut ein strafferes und jugendlicheres Aussehen. <\/p>\n\n\n\n<p><strong>Nicht komedogen<\/strong> Das \u00d6l verstopft die Poren nicht, was es ideal f\u00fcr fettige und zu Akne neigende Haut macht. Es hilft, Hautunreinheiten zu reduzieren und das Hautbild zu kl\u00e4ren. <\/p>\n\n\n\n<p><strong>Hautaufhellend<\/strong> Carthamus Tinctorius Oil kann helfen, dunkle Flecken und Unreinheiten zu reduzieren, was zu einem gleichm\u00e4\u00dfigeren Teint f\u00fchrt und die Haut klarer erscheinen l\u00e4sst. <\/p>\n\n\n\n<p><strong>Haarpflegend<\/strong> Das \u00d6l ist auch vorteilhaft f\u00fcr das Haar, da es Feuchtigkeit spendet und das Haar geschmeidiger macht. Es hilft, br\u00fcchiges Haar zu reparieren und Frizz zu reduzieren. <\/p>\n\n\n\n<p><strong>Schutz vor Umwelteinfl\u00fcssen<\/strong> Carthamus Tinctorius Oil bildet eine sch\u00fctzende Barriere auf der Haut, die sie vor sch\u00e4dlichen Umwelteinfl\u00fcssen sch\u00fctzt. Dies tr\u00e4gt dazu bei, die Haut gesund und vital zu halten.<\/p>\n","protected":false},"excerpt":{"rendered":"<p>Distel\u00f6l Positive Eigenschaften f\u00fcr Haut und Haar von CARTHAMUS TINCTORIUS OIL Feuchtigkeitsspendend Carthamus Tinctorius Oil, auch bekannt als F\u00e4rberdistel\u00f6l, hat die F\u00e4higkeit, die Haut intensiv&hellip;<\/p>\n","protected":false},"author":1,"featured_media":0,"parent":0,"menu_order":0,"comment_status":"closed","ping_status":"closed","template":"","meta":{"footnotes":""},"class_list":["post-337","page","type-page","status-publish","hentry"],"_links":{"self":[{"href":"https:\/\/www.lichendorf.at\/hschwaiger\/index.php?rest_route=\/wp\/v2\/pages\/337","targetHints":{"allow":["GET"]}}],"collection":[{"href":"https:\/\/www.lichendorf.at\/hschwaiger\/index.php?rest_route=\/wp\/v2\/pages"}],"about":[{"href":"https:\/\/www.lichendorf.at\/hschwaiger\/index.php?rest_route=\/wp\/v2\/types\/page"}],"author":[{"embeddable":true,"href":"https:\/\/www.lichendorf.at\/hschwaiger\/index.php?rest_route=\/wp\/v2\/users\/1"}],"replies":[{"embeddable":true,"href":"https:\/\/www.lichendorf.at\/hschwaiger\/index.php?rest_route=%2Fwp%2Fv2%2Fcomments&post=337"}],"version-history":[{"count":3,"href":"https:\/\/www.lichendorf.at\/hschwaiger\/index.php?rest_route=\/wp\/v2\/pages\/337\/revisions"}],"predecessor-version":[{"id":689,"href":"https:\/\/www.lichendorf.at\/hschwaiger\/index.php?rest_route=\/wp\/v2\/pages\/337\/revisions\/689"}],"wp:attachment":[{"href":"https:\/\/www.lichendorf.at\/hschwaiger\/index.php?rest_route=%2Fwp%2Fv2%2Fmedia&parent=337"}],"curies":[{"name":"wp","href":"https:\/\/api.w.org\/{rel}","templated":true}]}}