{"id":345,"date":"2025-02-11T19:36:25","date_gmt":"2025-02-11T18:36:25","guid":{"rendered":"http:\/\/sentidos.mittelerde.lan:8081\/?page_id=345"},"modified":"2025-02-14T09:00:41","modified_gmt":"2025-02-14T08:00:41","slug":"i-049-mica-and-titanium-dioxide-and-c-i-77491-and-c-i-77510","status":"publish","type":"page","link":"https:\/\/www.lichendorf.at\/hschwaiger\/?page_id=345","title":{"rendered":"I-049 MICA (AND) TITANIUM DIOXIDE (AND) C.I. 77491 (AND) C.I. 77510"},"content":{"rendered":"\n<p>Mica Emeraldgr\u00fcn<\/p>\n\n\n\n<p><strong>Positive Eigenschaften f\u00fcr Naturkosmetik von MICA (AND) TITANIUM DIOXIDE (AND) C.I. 77491 (AND) C.I. 77510<\/strong><\/p>\n\n\n\n<p><strong>Nat\u00fcrlicher Glanz<\/strong> Mica verleiht Kosmetikprodukten einen schimmernden, strahlenden Effekt. Dies sorgt f\u00fcr einen gesunden, lebendigen Teint und l\u00e4sst die Haut frischer und jugendlicher erscheinen. <\/p>\n\n\n\n<p><strong>Hautfreundlichkeit<\/strong> Mica und Titaniumdioxid sind in der Regel gut vertr\u00e4glich und verursachen selten Hautirritationen. Das macht sie ideal f\u00fcr empfindliche Hauttypen, die auf viele andere Inhaltsstoffe reagieren k\u00f6nnten. <\/p>\n\n\n\n<p><strong>Lichtstreuung<\/strong> Titaniumdioxid hat die F\u00e4higkeit, Licht zu streuen, was dazu beitr\u00e4gt, Unregelm\u00e4\u00dfigkeiten im Hautbild zu kaschieren. Dies f\u00fchrt zu einem ebenm\u00e4\u00dfigen Teint und reduziert das Erscheinungsbild von feinen Linien und Falten. <\/p>\n\n\n\n<p><strong>UV-Schutz<\/strong> Titaniumdioxid wirkt als physikalischer Sonnenschutz, der die Haut vor sch\u00e4dlichen UV-Strahlen sch\u00fctzt. Dies kann helfen, vorzeitiger Hautalterung und Sonnenbrand vorzubeugen. <\/p>\n\n\n\n<p><strong>Regenerierende Eigenschaften<\/strong> Mica kann die Hautregeneration unterst\u00fctzen, indem es die Hautbarriere st\u00e4rkt und den Feuchtigkeitsgehalt der Haut verbessert. Dies f\u00fchrt zu einer ges\u00fcnderen und geschmeidigeren Haut. <\/p>\n\n\n\n<p><strong>Farbenvielfalt<\/strong> C.I. 77491 und C.I. 77510 bieten eine breite Palette an Farbt\u00f6nen, die in Kosmetikprodukten verwendet werden k\u00f6nnen. Diese Farbpigmente erm\u00f6glichen es, Produkte zu kreieren, die den individuellen Hautt\u00f6nen entsprechen und ein nat\u00fcrliches Aussehen f\u00f6rdern. <\/p>\n\n\n\n<p><strong>Haltbarkeit<\/strong> Die Kombination dieser Inhaltsstoffe verbessert die Haltbarkeit von Kosmetikprodukten. Sie tragen dazu bei, dass die Produkte l\u00e4nger auf der Haut bleiben, ohne zu verblassen oder sich abzusetzen. <\/p>\n\n\n\n<p><strong>Kombinierbarkeit<\/strong> Mica, Titaniumdioxid und die Farbpigmente k\u00f6nnen leicht mit anderen Inhaltsstoffen kombiniert werden. Dies erm\u00f6glicht die Entwicklung vielseitiger Formulierungen, die sowohl pflegende als auch dekorative Eigenschaften bieten. <\/p>\n\n\n\n<p><strong>Feuchtigkeitsbindung<\/strong> Mica hat die F\u00e4higkeit, Feuchtigkeit zu binden, was dazu beitr\u00e4gt, die Haut hydratisiert zu halten. Dies f\u00fchrt zu einem prallen und gesunden Hautbild. <\/p>\n\n\n\n<p><strong>Haarpflege<\/strong> In Haarpflegeprodukten kann Mica f\u00fcr zus\u00e4tzlichen Glanz sorgen und das Haar lebendiger erscheinen lassen. Es hilft, die Haarstruktur zu verbessern und verleiht eine gesunde Ausstrahlung.<\/p>\n","protected":false},"excerpt":{"rendered":"<p>Mica Emeraldgr\u00fcn Positive Eigenschaften f\u00fcr Naturkosmetik von MICA (AND) TITANIUM DIOXIDE (AND) C.I. 77491 (AND) C.I. 77510 Nat\u00fcrlicher Glanz Mica verleiht Kosmetikprodukten einen schimmernden, strahlenden&hellip;<\/p>\n","protected":false},"author":1,"featured_media":0,"parent":0,"menu_order":0,"comment_status":"closed","ping_status":"closed","template":"","meta":{"footnotes":""},"class_list":["post-345","page","type-page","status-publish","hentry"],"_links":{"self":[{"href":"https:\/\/www.lichendorf.at\/hschwaiger\/index.php?rest_route=\/wp\/v2\/pages\/345","targetHints":{"allow":["GET"]}}],"collection":[{"href":"https:\/\/www.lichendorf.at\/hschwaiger\/index.php?rest_route=\/wp\/v2\/pages"}],"about":[{"href":"https:\/\/www.lichendorf.at\/hschwaiger\/index.php?rest_route=\/wp\/v2\/types\/page"}],"author":[{"embeddable":true,"href":"https:\/\/www.lichendorf.at\/hschwaiger\/index.php?rest_route=\/wp\/v2\/users\/1"}],"replies":[{"embeddable":true,"href":"https:\/\/www.lichendorf.at\/hschwaiger\/index.php?rest_route=%2Fwp%2Fv2%2Fcomments&post=345"}],"version-history":[{"count":3,"href":"https:\/\/www.lichendorf.at\/hschwaiger\/index.php?rest_route=\/wp\/v2\/pages\/345\/revisions"}],"predecessor-version":[{"id":696,"href":"https:\/\/www.lichendorf.at\/hschwaiger\/index.php?rest_route=\/wp\/v2\/pages\/345\/revisions\/696"}],"wp:attachment":[{"href":"https:\/\/www.lichendorf.at\/hschwaiger\/index.php?rest_route=%2Fwp%2Fv2%2Fmedia&parent=345"}],"curies":[{"name":"wp","href":"https:\/\/api.w.org\/{rel}","templated":true}]}}