{"id":371,"date":"2025-02-11T19:45:18","date_gmt":"2025-02-11T18:45:18","guid":{"rendered":"http:\/\/sentidos.mittelerde.lan:8081\/?page_id=371"},"modified":"2025-02-14T09:21:35","modified_gmt":"2025-02-14T08:21:35","slug":"i-062-chamomilla-recutita-flower-extract","status":"publish","type":"page","link":"https:\/\/www.lichendorf.at\/hschwaiger\/?page_id=371","title":{"rendered":"I-062 CHAMOMILLA RECUTITA FLOWER EXTRACT"},"content":{"rendered":"\n<p><strong>Kamillenextrakt<\/strong><\/p>\n\n\n\n<p><strong>Beruhigend<\/strong> Der Extrakt aus Kamillenbl\u00fcten hat starke beruhigende Eigenschaften, die R\u00f6tungen und Irritationen der Haut lindern. Nach der Anwendung f\u00fchlt sich die Haut entspannter und weniger gereizt an. <\/p>\n\n\n\n<p><strong>Entz\u00fcndungshemmend<\/strong> Kamillenextrakt hilft, Entz\u00fcndungen zu reduzieren, was besonders vorteilhaft f\u00fcr empfindliche oder zu Akne neigende Haut ist. Dies f\u00fchrt zu einem gleichm\u00e4\u00dfigeren Hautbild und weniger Hautunreinheiten. <\/p>\n\n\n\n<p><strong>Antioxidativ<\/strong> Der hohe Gehalt an Antioxidantien sch\u00fctzt die Haut vor sch\u00e4dlichen Umwelteinfl\u00fcssen und oxidativem Stress. Dies kann die Hautalterung verlangsamen und das Erscheinungsbild von feinen Linien und Falten verbessern. <\/p>\n\n\n\n<p><strong>Feuchtigkeitsspendend<\/strong> Kamille hat die F\u00e4higkeit, die Haut intensiv mit Feuchtigkeit zu versorgen. Dies sorgt daf\u00fcr, dass die Haut weich und geschmeidig bleibt, selbst bei wechselnden Wetterbedingungen. <\/p>\n\n\n\n<p><strong>Hautregenerierend<\/strong> Die regenerierenden Eigenschaften des Kamillenextrakts unterst\u00fctzen die Heilung von Hautsch\u00e4den und f\u00f6rdern die Zellerneuerung. Dies kann das Erscheinungsbild von Narben und anderen Hautunregelm\u00e4\u00dfigkeiten verbessern. <\/p>\n\n\n\n<p><strong>Antiseptisch<\/strong> Kamille hat nat\u00fcrliche antiseptische Eigenschaften, die helfen, Bakterien und andere Mikroben abzut\u00f6ten. Dies ist besonders vorteilhaft f\u00fcr die Behandlung von Akne und anderen Hautinfektionen. <\/p>\n\n\n\n<p><strong>Hautaufhellend<\/strong> Kamillenextrakt kann helfen, dunkle Flecken und ungleichm\u00e4\u00dfige Hautt\u00f6ne zu reduzieren. Dies f\u00fchrt zu einem strahlenderen und gleichm\u00e4\u00dfigeren Teint. <\/p>\n\n\n\n<p><strong>Haarpflegend<\/strong> In Haarpflegeprodukten wirkt Kamille beruhigend auf die Kopfhaut und kann Schuppenbildung reduzieren. Au\u00dferdem verleiht sie dem Haar Glanz und Geschmeidigkeit. <\/p>\n\n\n\n<p><strong>Entspannend<\/strong> Der Duft der Kamille hat eine beruhigende Wirkung auf Geist und K\u00f6rper. Dies kann Stress abbauen und das allgemeine Wohlbefinden f\u00f6rdern, was sich positiv auf das Hautbild auswirkt. <\/p>\n\n\n\n<p><strong>Schutzbarriere<\/strong> Kamillenextrakt bildet eine sch\u00fctzende Barriere auf der Haut, die sie vor sch\u00e4dlichen Umwelteinfl\u00fcssen bewahrt. Dies tr\u00e4gt dazu bei, die Haut gesund und widerstandsf\u00e4hig zu halten.<\/p>\n","protected":false},"excerpt":{"rendered":"<p>Kamillenextrakt Beruhigend Der Extrakt aus Kamillenbl\u00fcten hat starke beruhigende Eigenschaften, die R\u00f6tungen und Irritationen der Haut lindern. Nach der Anwendung f\u00fchlt sich die Haut entspannter&hellip;<\/p>\n","protected":false},"author":1,"featured_media":0,"parent":0,"menu_order":0,"comment_status":"closed","ping_status":"closed","template":"","meta":{"footnotes":""},"class_list":["post-371","page","type-page","status-publish","hentry"],"_links":{"self":[{"href":"https:\/\/www.lichendorf.at\/hschwaiger\/index.php?rest_route=\/wp\/v2\/pages\/371","targetHints":{"allow":["GET"]}}],"collection":[{"href":"https:\/\/www.lichendorf.at\/hschwaiger\/index.php?rest_route=\/wp\/v2\/pages"}],"about":[{"href":"https:\/\/www.lichendorf.at\/hschwaiger\/index.php?rest_route=\/wp\/v2\/types\/page"}],"author":[{"embeddable":true,"href":"https:\/\/www.lichendorf.at\/hschwaiger\/index.php?rest_route=\/wp\/v2\/users\/1"}],"replies":[{"embeddable":true,"href":"https:\/\/www.lichendorf.at\/hschwaiger\/index.php?rest_route=%2Fwp%2Fv2%2Fcomments&post=371"}],"version-history":[{"count":2,"href":"https:\/\/www.lichendorf.at\/hschwaiger\/index.php?rest_route=\/wp\/v2\/pages\/371\/revisions"}],"predecessor-version":[{"id":718,"href":"https:\/\/www.lichendorf.at\/hschwaiger\/index.php?rest_route=\/wp\/v2\/pages\/371\/revisions\/718"}],"wp:attachment":[{"href":"https:\/\/www.lichendorf.at\/hschwaiger\/index.php?rest_route=%2Fwp%2Fv2%2Fmedia&parent=371"}],"curies":[{"name":"wp","href":"https:\/\/api.w.org\/{rel}","templated":true}]}}