{"id":393,"date":"2025-02-11T19:51:54","date_gmt":"2025-02-11T18:51:54","guid":{"rendered":"http:\/\/sentidos.mittelerde.lan:8081\/?page_id=393"},"modified":"2025-02-14T11:58:19","modified_gmt":"2025-02-14T10:58:19","slug":"i-073-magnesium-sulfate","status":"publish","type":"page","link":"https:\/\/www.lichendorf.at\/hschwaiger\/?page_id=393","title":{"rendered":"I-073 MAGNESIUM SULFATE"},"content":{"rendered":"\n<p><strong>Magnesiumsalz, Epsomsalz, Bittersalz<\/strong><\/p>\n\n\n\n<p><strong>Feuchtigkeitsspendend<\/strong> Magnesiumsulfat hilft, die Haut mit Feuchtigkeit zu versorgen, indem es die Wasserbindung in der Haut verbessert. Dies f\u00fchrt zu einer geschmeidigeren und hydratisierten Haut. <\/p>\n\n\n\n<p><strong>Entz\u00fcndungshemmend<\/strong> Es hat entz\u00fcndungshemmende Eigenschaften, die R\u00f6tungen und Schwellungen reduzieren k\u00f6nnen. Dies ist besonders vorteilhaft f\u00fcr empfindliche oder zu Akne neigende Haut. <\/p>\n\n\n\n<p><strong>Regenerierend<\/strong> Magnesiumsulfat unterst\u00fctzt die Regeneration der Hautzellen und f\u00f6rdert die Heilung von kleinen Wunden und Irritationen, was zu einem ges\u00fcnderen Hautbild f\u00fchrt. <\/p>\n\n\n\n<p><strong>Entgiftend<\/strong> Es kann helfen, Giftstoffe aus der Haut zu ziehen, indem es die Durchblutung f\u00f6rdert und die Haut von Unreinheiten befreit, was zu einem klareren Teint f\u00fchrt. <\/p>\n\n\n\n<p><strong>Beruhigend<\/strong> Die Anwendung von Magnesiumsulfat hat eine beruhigende Wirkung auf die Haut und kann bei Hautirritationen Linderung verschaffen. Dies ist besonders hilfreich bei empfindlicher Haut. <\/p>\n\n\n\n<p><strong>Haarst\u00e4rkend<\/strong> In Haarpflegeprodukten kann Magnesiumsulfat die Haarstruktur st\u00e4rken, indem es das Haar mit wichtigen Mineralien versorgt und die Haarfollikel n\u00e4hrt. <\/p>\n\n\n\n<p><strong>Volumensteigernd<\/strong> Es kann dem Haar mehr Volumen und F\u00fclle verleihen, indem es die Haarstruktur auflockert und das Haar dicker erscheinen l\u00e4sst. <\/p>\n\n\n\n<p><strong>Antistatisch<\/strong> Magnesiumsulfat hilft, statische Aufladung im Haar zu reduzieren, was zu weniger Frizz und einer besseren K\u00e4mmbarkeit f\u00fchrt. <\/p>\n\n\n\n<p><strong>pH-Regulierend<\/strong> Es tr\u00e4gt zur Regulierung des pH-Wertes der Haut bei, was wichtig f\u00fcr die Aufrechterhaltung eines gesunden Hautmilieus ist und das Wachstum von sch\u00e4dlichen Bakterien hemmt. <\/p>\n\n\n\n<p><strong>Vielseitig einsetzbar<\/strong> Magnesiumsulfat kann in verschiedenen Kosmetikprodukten verwendet werden, von B\u00e4dern \u00fcber Peelings bis hin zu Haarpflege, was es zu einem flexiblen Inhaltsstoff macht.<\/p>\n","protected":false},"excerpt":{"rendered":"<p>Magnesiumsalz, Epsomsalz, Bittersalz Feuchtigkeitsspendend Magnesiumsulfat hilft, die Haut mit Feuchtigkeit zu versorgen, indem es die Wasserbindung in der Haut verbessert. Dies f\u00fchrt zu einer geschmeidigeren&hellip;<\/p>\n","protected":false},"author":1,"featured_media":0,"parent":0,"menu_order":0,"comment_status":"closed","ping_status":"closed","template":"","meta":{"footnotes":""},"class_list":["post-393","page","type-page","status-publish","hentry"],"_links":{"self":[{"href":"https:\/\/www.lichendorf.at\/hschwaiger\/index.php?rest_route=\/wp\/v2\/pages\/393","targetHints":{"allow":["GET"]}}],"collection":[{"href":"https:\/\/www.lichendorf.at\/hschwaiger\/index.php?rest_route=\/wp\/v2\/pages"}],"about":[{"href":"https:\/\/www.lichendorf.at\/hschwaiger\/index.php?rest_route=\/wp\/v2\/types\/page"}],"author":[{"embeddable":true,"href":"https:\/\/www.lichendorf.at\/hschwaiger\/index.php?rest_route=\/wp\/v2\/users\/1"}],"replies":[{"embeddable":true,"href":"https:\/\/www.lichendorf.at\/hschwaiger\/index.php?rest_route=%2Fwp%2Fv2%2Fcomments&post=393"}],"version-history":[{"count":2,"href":"https:\/\/www.lichendorf.at\/hschwaiger\/index.php?rest_route=\/wp\/v2\/pages\/393\/revisions"}],"predecessor-version":[{"id":738,"href":"https:\/\/www.lichendorf.at\/hschwaiger\/index.php?rest_route=\/wp\/v2\/pages\/393\/revisions\/738"}],"wp:attachment":[{"href":"https:\/\/www.lichendorf.at\/hschwaiger\/index.php?rest_route=%2Fwp%2Fv2%2Fmedia&parent=393"}],"curies":[{"name":"wp","href":"https:\/\/api.w.org\/{rel}","templated":true}]}}