{"id":535,"date":"2025-02-11T20:34:33","date_gmt":"2025-02-11T19:34:33","guid":{"rendered":"http:\/\/sentidos.mittelerde.lan:8081\/?page_id=535"},"modified":"2025-02-15T16:12:09","modified_gmt":"2025-02-15T15:12:09","slug":"i-145-butyrospermum-parkii-butter-sodium-shea-butterate","status":"publish","type":"page","link":"https:\/\/www.lichendorf.at\/hschwaiger\/?page_id=535","title":{"rendered":"I-145 BUTYROSPERMUM PARKII BUTTER \/ SODIUM SHEA BUTTERATE"},"content":{"rendered":"\n<p><strong>Sheabutter<\/strong><\/p>\n\n\n\n<p><strong>Feuchtigkeitsspendend<\/strong> Butyrospermum Parkii Butter, auch bekannt als Sheabutter, hat die F\u00e4higkeit, Feuchtigkeit in der Haut zu speichern. Dies f\u00fchrt zu einer gut hydratisierten und geschmeidigen Haut. <\/p>\n\n\n\n<p><strong>Hautberuhigend<\/strong> Die Butter wirkt beruhigend auf gereizte und empfindliche Haut, wodurch R\u00f6tungen und Irritationen gemildert werden. <\/p>\n\n\n\n<p><strong>Regenerierend<\/strong> Sheabutter unterst\u00fctzt die Regeneration der Hautzellen und f\u00f6rdert die Heilung von kleinen Wunden und Hautsch\u00e4den. <\/p>\n\n\n\n<p><strong>Hautschutz<\/strong> Sie bildet eine sch\u00fctzende Barriere auf der Haut, die vor sch\u00e4dlichen Umwelteinfl\u00fcssen wie Wind und K\u00e4lte sch\u00fctzt. <\/p>\n\n\n\n<p><strong>Antioxidativ<\/strong> Die antioxidativen Eigenschaften der Sheabutter helfen, die Haut vor freien Radikalen zu sch\u00fctzen, was vorzeitiger Hautalterung entgegenwirkt. <\/p>\n\n\n\n<p><strong>N\u00e4hrstoffreich<\/strong> Butyrospermum Parkii Butter ist reich an Vitaminen und Fetts\u00e4uren, die die Haut n\u00e4hren und revitalisieren. <\/p>\n\n\n\n<p><strong>Hautelastizit\u00e4t<\/strong> Die Verwendung von Sheabutter kann die Elastizit\u00e4t der Haut verbessern, was sie straffer und jugendlicher erscheinen l\u00e4sst. <\/p>\n\n\n\n<p><strong>Vielseitig<\/strong> Sie kann in einer Vielzahl von Produkten eingesetzt werden, von Cremes \u00fcber Lotionen bis hin zu Lippenbalsam, was ihre Flexibilit\u00e4t unterstreicht. <\/p>\n\n\n\n<p><strong>Hypoallergen<\/strong> Sheabutter gilt als hypoallergen und ist in der Regel gut vertr\u00e4glich, was sie ideal f\u00fcr empfindliche Haut macht. <\/p>\n\n\n\n<p><strong>Nachhaltig<\/strong> Der pflanzliche Ursprung der Sheabutter unterst\u00fctzt nachhaltige Praktiken in der Naturkosmetik und f\u00f6rdert umweltfreundliche Anbaumethoden. <\/p>\n\n\n\n<p><strong>Verwendung in anderen Branchen:<\/strong> <\/p>\n\n\n\n<p>&#8211; <strong>Lebensmittelherstellung:<\/strong> Sheabutter wird in der Lebensmittelindustrie, beispielsweise in Schokolade und Backwaren, als Fettquelle verwendet. <\/p>\n\n\n\n<p>&#8211; <strong>Pharmaindustrie:<\/strong> Sie findet Anwendung in Salben und Cremes zur Hautpflege und Wundheilung. <\/p>\n\n\n\n<p>&#8211; <strong>Haushaltsprodukte:<\/strong> In umweltfreundlichen Reinigungsmitteln und Seifen wird Sheabutter zur Hautschonung verwendet. <\/p>\n\n\n\n<p>&#8211; <strong>Textilindustrie:<\/strong> Sie wird zur Behandlung und Veredelung von Textilien eingesetzt. <\/p>\n\n\n\n<p>&#8211; <strong>Aromatherapie:<\/strong> In Massage\u00f6len und K\u00f6rperbuttern wird Sheabutter f\u00fcr ihre pflegenden Eigenschaften gesch\u00e4tzt.<\/p>\n","protected":false},"excerpt":{"rendered":"<p>Sheabutter Feuchtigkeitsspendend Butyrospermum Parkii Butter, auch bekannt als Sheabutter, hat die F\u00e4higkeit, Feuchtigkeit in der Haut zu speichern. Dies f\u00fchrt zu einer gut hydratisierten und&hellip;<\/p>\n","protected":false},"author":1,"featured_media":0,"parent":0,"menu_order":0,"comment_status":"closed","ping_status":"closed","template":"","meta":{"footnotes":""},"class_list":["post-535","page","type-page","status-publish","hentry"],"_links":{"self":[{"href":"https:\/\/www.lichendorf.at\/hschwaiger\/index.php?rest_route=\/wp\/v2\/pages\/535","targetHints":{"allow":["GET"]}}],"collection":[{"href":"https:\/\/www.lichendorf.at\/hschwaiger\/index.php?rest_route=\/wp\/v2\/pages"}],"about":[{"href":"https:\/\/www.lichendorf.at\/hschwaiger\/index.php?rest_route=\/wp\/v2\/types\/page"}],"author":[{"embeddable":true,"href":"https:\/\/www.lichendorf.at\/hschwaiger\/index.php?rest_route=\/wp\/v2\/users\/1"}],"replies":[{"embeddable":true,"href":"https:\/\/www.lichendorf.at\/hschwaiger\/index.php?rest_route=%2Fwp%2Fv2%2Fcomments&post=535"}],"version-history":[{"count":2,"href":"https:\/\/www.lichendorf.at\/hschwaiger\/index.php?rest_route=\/wp\/v2\/pages\/535\/revisions"}],"predecessor-version":[{"id":890,"href":"https:\/\/www.lichendorf.at\/hschwaiger\/index.php?rest_route=\/wp\/v2\/pages\/535\/revisions\/890"}],"wp:attachment":[{"href":"https:\/\/www.lichendorf.at\/hschwaiger\/index.php?rest_route=%2Fwp%2Fv2%2Fmedia&parent=535"}],"curies":[{"name":"wp","href":"https:\/\/api.w.org\/{rel}","templated":true}]}}