{"id":898,"date":"2025-02-15T16:20:40","date_gmt":"2025-02-15T15:20:40","guid":{"rendered":"http:\/\/sentidos.mittelerde.lan:8081\/?page_id=898"},"modified":"2025-02-15T16:57:15","modified_gmt":"2025-02-15T15:57:15","slug":"i-148-helianthus-annuus-seed-oil-sodium-sunflowerseedate","status":"publish","type":"page","link":"https:\/\/www.lichendorf.at\/hschwaiger\/?page_id=898","title":{"rendered":"I-148 HELIANTHUS ANNUUS SEED OIL \/ SODIUM SUNFLOWERSEEDATE"},"content":{"rendered":"\n<p><strong>Sonnenblumen\u00f6l<\/strong><\/p>\n\n\n\n<p><strong>Feuchtigkeitsspendend<\/strong> HELIANTHUS ANNUUS SEED OIL (Sonnenblumen\u00f6l) hat die F\u00e4higkeit, Feuchtigkeit in der Haut zu speichern, was zu einer hydratisierten und geschmeidigen Haut f\u00fchrt. <\/p>\n\n\n\n<p><strong>Hautberuhigend<\/strong> Es wirkt beruhigend auf gereizte Haut und hilft, R\u00f6tungen zu reduzieren, was besonders vorteilhaft f\u00fcr empfindliche Haut ist. <\/p>\n\n\n\n<p><strong>Antioxidativ<\/strong> Das \u00d6l enth\u00e4lt Antioxidantien, die die Haut vor freien Radikalen sch\u00fctzen und somit vorzeitiger Hautalterung entgegenwirken. <\/p>\n\n\n\n<p><strong>Hautschutz<\/strong> HELIANTHUS ANNUUS SEED OIL bildet eine sch\u00fctzende Barriere auf der Haut, die vor sch\u00e4dlichen Umwelteinfl\u00fcssen sch\u00fctzt und die Hautbarriere st\u00e4rkt. <\/p>\n\n\n\n<p><strong>N\u00e4hrstoffreich<\/strong> Es ist reich an Vitaminen, insbesondere Vitamin E, das die Haut n\u00e4hrt und regeneriert. <\/p>\n\n\n\n<p><strong>Hautelastizit\u00e4t<\/strong> Dieser Inhaltsstoff tr\u00e4gt zur Verbesserung der Hautelastizit\u00e4t bei, was die Haut straffer und jugendlicher erscheinen l\u00e4sst. <\/p>\n\n\n\n<p><strong>Vielseitigkeit<\/strong> HELIANTHUS ANNUUS SEED OIL kann in einer Vielzahl von Produkten eingesetzt werden, von Cremes \u00fcber Lotionen bis hin zu Haarpflegeprodukten. <\/p>\n\n\n\n<p><strong>Hypoallergen<\/strong> Das \u00d6l gilt als hypoallergen, was bedeutet, dass es in der Regel gut vertr\u00e4glich ist und selten Allergien ausl\u00f6st. <\/p>\n\n\n\n<p><strong>Nachhaltigkeit<\/strong> Da Sonnenblumen\u00f6l aus pflanzlichen Quellen gewonnen wird, unterst\u00fctzt es nachhaltige Praktiken in der Naturkosmetik. <\/p>\n\n\n\n<p><strong>Wirtschaftlichkeit<\/strong> HELIANTHUS ANNUUS SEED OIL ist kosteng\u00fcnstig und leicht verf\u00fcgbar, was es zu einer attraktiven Wahl f\u00fcr Hersteller von Naturkosmetik macht. <\/p>\n\n\n\n<p><strong>Verwendung in anderen Branchen:<\/strong> <\/p>\n\n\n\n<p>&#8211; <strong>Lebensmittelherstellung:<\/strong> In Salaten, Dressings und Snacks als gesunde Fettquelle. <\/p>\n\n\n\n<p>&#8211; <strong>Pharmaindustrie:<\/strong> In Nahrungserg\u00e4nzungsmitteln und pharmazeutischen Produkten als Tr\u00e4ger\u00f6l. <\/p>\n\n\n\n<p>&#8211; <strong>Tierpflege:<\/strong> In Tierfutter und Pflegeprodukten f\u00fcr Haustiere zur Haut- und Fellpflege. <\/p>\n\n\n\n<p>&#8211; <strong>Haushaltsprodukte:<\/strong> In umweltfreundlichen Reinigungsmitteln und Seifen. <\/p>\n\n\n\n<p>&#8211; <strong>Kosmetikindustrie:<\/strong> In Make-up-Produkten und Hautpflegeartikeln als pflegender Inhaltsstoff.<\/p>\n","protected":false},"excerpt":{"rendered":"<p>Sonnenblumen\u00f6l Feuchtigkeitsspendend HELIANTHUS ANNUUS SEED OIL (Sonnenblumen\u00f6l) hat die F\u00e4higkeit, Feuchtigkeit in der Haut zu speichern, was zu einer hydratisierten und geschmeidigen Haut f\u00fchrt. Hautberuhigend&hellip;<\/p>\n","protected":false},"author":1,"featured_media":0,"parent":0,"menu_order":0,"comment_status":"closed","ping_status":"closed","template":"","meta":{"footnotes":""},"class_list":["post-898","page","type-page","status-publish","hentry"],"_links":{"self":[{"href":"https:\/\/www.lichendorf.at\/hschwaiger\/index.php?rest_route=\/wp\/v2\/pages\/898","targetHints":{"allow":["GET"]}}],"collection":[{"href":"https:\/\/www.lichendorf.at\/hschwaiger\/index.php?rest_route=\/wp\/v2\/pages"}],"about":[{"href":"https:\/\/www.lichendorf.at\/hschwaiger\/index.php?rest_route=\/wp\/v2\/types\/page"}],"author":[{"embeddable":true,"href":"https:\/\/www.lichendorf.at\/hschwaiger\/index.php?rest_route=\/wp\/v2\/users\/1"}],"replies":[{"embeddable":true,"href":"https:\/\/www.lichendorf.at\/hschwaiger\/index.php?rest_route=%2Fwp%2Fv2%2Fcomments&post=898"}],"version-history":[{"count":2,"href":"https:\/\/www.lichendorf.at\/hschwaiger\/index.php?rest_route=\/wp\/v2\/pages\/898\/revisions"}],"predecessor-version":[{"id":949,"href":"https:\/\/www.lichendorf.at\/hschwaiger\/index.php?rest_route=\/wp\/v2\/pages\/898\/revisions\/949"}],"wp:attachment":[{"href":"https:\/\/www.lichendorf.at\/hschwaiger\/index.php?rest_route=%2Fwp%2Fv2%2Fmedia&parent=898"}],"curies":[{"name":"wp","href":"https:\/\/api.w.org\/{rel}","templated":true}]}}