{"id":9,"date":"2025-01-01T11:04:08","date_gmt":"2025-01-01T10:04:08","guid":{"rendered":"http:\/\/sentidos.mittelerde.lan:8081\/?page_id=9"},"modified":"2025-11-14T16:56:28","modified_gmt":"2025-11-14T15:56:28","slug":"cart","status":"publish","type":"page","link":"https:\/\/www.lichendorf.at\/hschwaiger\/?page_id=9","title":{"rendered":"Cart"},"content":{"rendered":"\n<div data-block-name=\"woocommerce\/cart\" class=\"wp-block-woocommerce-cart alignwide is-loading\">\n<div data-block-name=\"woocommerce\/filled-cart-block\" class=\"wp-block-woocommerce-filled-cart-block\">\n<div data-block-name=\"woocommerce\/cart-items-block\" class=\"wp-block-woocommerce-cart-items-block\">\n<div data-block-name=\"woocommerce\/cart-line-items-block\" class=\"wp-block-woocommerce-cart-line-items-block\"><\/div>\n\n\n\n<div data-block-name=\"woocommerce\/cart-cross-sells-block\" class=\"wp-block-woocommerce-cart-cross-sells-block\">\n<h2 class=\"wp-block-heading has-large-font-size\">You may be interested in\u2026<\/h2>\n\n\n\n<div data-block-name=\"woocommerce\/cart-cross-sells-products-block\" class=\"wp-block-woocommerce-cart-cross-sells-products-block\"><\/div>\n<\/div>\n<\/div>\n\n\n\n<div data-block-name=\"woocommerce\/cart-totals-block\" class=\"wp-block-woocommerce-cart-totals-block\">\n<div data-block-name=\"woocommerce\/cart-order-summary-block\" class=\"wp-block-woocommerce-cart-order-summary-block\">\n<div data-block-name=\"woocommerce\/cart-order-summary-heading-block\" data-content=\"Warenkorb-Summe\" class=\"wp-block-woocommerce-cart-order-summary-heading-block\"><\/div>\n\n\n\n<div data-block-name=\"woocommerce\/cart-order-summary-coupon-form-block\" class=\"wp-block-woocommerce-cart-order-summary-coupon-form-block\"><\/div>\n\n\n\n<div data-block-name=\"woocommerce\/cart-order-summary-totals-block\" class=\"wp-block-woocommerce-cart-order-summary-totals-block\">\n<div data-block-name=\"woocommerce\/cart-order-summary-subtotal-block\" class=\"wp-block-woocommerce-cart-order-summary-subtotal-block\"><\/div>\n\n\n\n<div data-block-name=\"woocommerce\/cart-order-summary-fee-block\" class=\"wp-block-woocommerce-cart-order-summary-fee-block\"><\/div>\n\n\n\n<div data-block-name=\"woocommerce\/cart-order-summary-discount-block\" class=\"wp-block-woocommerce-cart-order-summary-discount-block\"><\/div>\n\n\n\n<div data-block-name=\"woocommerce\/cart-order-summary-shipping-block\" class=\"wp-block-woocommerce-cart-order-summary-shipping-block\"><\/div>\n\n\n\n<div data-block-name=\"woocommerce\/cart-order-summary-taxes-block\" class=\"wp-block-woocommerce-cart-order-summary-taxes-block\"><\/div>\n<\/div>\n<\/div>\n\n\n\n<div data-block-name=\"woocommerce\/cart-express-payment-block\" class=\"wp-block-woocommerce-cart-express-payment-block\"><\/div>\n\n\n\n<p class=\"has-white-color has-text-color has-background has-link-color wp-elements-e6898298d7b09b10a9daec1b4265c92e\" style=\"background-color:#007843\"><strong>Auf der n\u00e4chsten Seite kannst du ausw\u00e4hlen, ob du die Produkte selbst abholen und ob du dann gerne mit Bargeld bezahlen m\u00f6chtest oder lieber vorher \u00fcberweisen.<\/strong><\/p>\n\n\n\n<div data-block-name=\"woocommerce\/proceed-to-checkout-block\" class=\"wp-block-woocommerce-proceed-to-checkout-block\"><\/div>\n\n\n\n<div data-block-name=\"woocommerce\/cart-accepted-payment-methods-block\" class=\"wp-block-woocommerce-cart-accepted-payment-methods-block\"><\/div>\n\n\n\n<p class=\"has-white-color has-text-color has-link-color wp-elements-c645e628e62f8fbab9d9726851472d16\"><\/p>\n<\/div>\n<\/div>\n\n\n\n<div data-block-name=\"woocommerce\/empty-cart-block\" class=\"wp-block-woocommerce-empty-cart-block\">\n<h2 class=\"wp-block-heading has-text-align-center with-empty-cart-icon wc-block-cart__empty-cart__title\">Ihr Warenkorb ist leer!<\/h2>\n\n\n\n<hr class=\"wp-block-separator has-alpha-channel-opacity is-style-dots\"\/>\n\n\n\n<h2 class=\"wp-block-heading has-text-align-center\">Neu im Shop<\/h2>\n\n\n<div data-block-name=\"woocommerce\/product-new\" data-columns=\"4\" data-rows=\"1\" class=\"wc-block-grid wp-block-product-new wp-block-woocommerce-product-new wc-block-product-new has-4-columns\"><ul class=\"wc-block-grid__products\"><li class=\"wc-block-grid__product\">\n\t\t\t\t<a href=\"https:\/\/www.lichendorf.at\/hschwaiger\/?product=duschseife-grapefruit\" class=\"wc-block-grid__product-link\">\n\t\t\t\t\t\n\t\t\t\t\t<div class=\"wc-block-grid__product-image\"><img loading=\"lazy\" decoding=\"async\" width=\"150\" height=\"150\" src=\"https:\/\/www.lichendorf.at\/hschwaiger\/wp-content\/uploads\/woocommerce-placeholder-150x150.png\" class=\"woocommerce-placeholder wp-post-image\" alt=\"\" srcset=\"https:\/\/www.lichendorf.at\/hschwaiger\/wp-content\/uploads\/woocommerce-placeholder-150x150.png 150w, https:\/\/www.lichendorf.at\/hschwaiger\/wp-content\/uploads\/woocommerce-placeholder-100x100.png 100w, https:\/\/www.lichendorf.at\/hschwaiger\/wp-content\/uploads\/woocommerce-placeholder-400x400.png 400w, https:\/\/www.lichendorf.at\/hschwaiger\/wp-content\/uploads\/woocommerce-placeholder-300x300.png 300w, https:\/\/www.lichendorf.at\/hschwaiger\/wp-content\/uploads\/woocommerce-placeholder-1024x1024.png 1024w, https:\/\/www.lichendorf.at\/hschwaiger\/wp-content\/uploads\/woocommerce-placeholder-768x768.png 768w, https:\/\/www.lichendorf.at\/hschwaiger\/wp-content\/uploads\/woocommerce-placeholder.png 1200w\" sizes=\"auto, (max-width: 150px) 100vw, 150px\" \/><\/div>\n\t\t\t\t\t<div class=\"wc-block-grid__product-title\">Duschseife Grapefruit<\/div>\n\t\t\t\t<\/a>\n\t\t\t\t<div class=\"wc-block-grid__product-price price\"><span class=\"woocommerce-Price-amount amount\">9,10&nbsp;<span class=\"woocommerce-Price-currencySymbol\">&euro;<\/span><\/span><\/div>\n\t\t\t\t\n\t\t\t\t<div class=\"wp-block-button wc-block-grid__product-add-to-cart\"><a href=\"\/hschwaiger\/index.php?rest_route=%2Fwp%2Fv2%2Fpages%2F9&#038;add-to-cart=2884\" aria-label=\"In den Warenkorb legen: \u201eDuschseife Grapefruit\u201c\" data-quantity=\"1\" data-product_id=\"2884\" data-product_sku=\"\" data-price=\"9.1\" rel=\"nofollow\" class=\"wp-block-button__link  add_to_cart_button ajax_add_to_cart\">In den Warenkorb<\/a><\/div>\n\t\t\t<\/li><li class=\"wc-block-grid__product\">\n\t\t\t\t<a href=\"https:\/\/www.lichendorf.at\/hschwaiger\/?product=badebomben-diy-kit\" class=\"wc-block-grid__product-link\">\n\t\t\t\t\t\n\t\t\t\t\t<div class=\"wc-block-grid__product-image\"><img loading=\"lazy\" decoding=\"async\" width=\"150\" height=\"150\" src=\"https:\/\/www.lichendorf.at\/hschwaiger\/wp-content\/uploads\/2026\/03\/MVIMG_20260227_090727-150x150.jpg\" class=\"attachment-woocommerce_thumbnail size-woocommerce_thumbnail\" alt=\"Badebomben DIY-Kit\" srcset=\"https:\/\/www.lichendorf.at\/hschwaiger\/wp-content\/uploads\/2026\/03\/MVIMG_20260227_090727-150x150.jpg 150w, https:\/\/www.lichendorf.at\/hschwaiger\/wp-content\/uploads\/2026\/03\/MVIMG_20260227_090727-300x300.jpg 300w, https:\/\/www.lichendorf.at\/hschwaiger\/wp-content\/uploads\/2026\/03\/MVIMG_20260227_090727-1024x1024.jpg 1024w, https:\/\/www.lichendorf.at\/hschwaiger\/wp-content\/uploads\/2026\/03\/MVIMG_20260227_090727-768x768.jpg 768w, https:\/\/www.lichendorf.at\/hschwaiger\/wp-content\/uploads\/2026\/03\/MVIMG_20260227_090727-1536x1536.jpg 1536w, https:\/\/www.lichendorf.at\/hschwaiger\/wp-content\/uploads\/2026\/03\/MVIMG_20260227_090727-2048x2048.jpg 2048w, https:\/\/www.lichendorf.at\/hschwaiger\/wp-content\/uploads\/2026\/03\/MVIMG_20260227_090727-400x400.jpg 400w, https:\/\/www.lichendorf.at\/hschwaiger\/wp-content\/uploads\/2026\/03\/MVIMG_20260227_090727-100x100.jpg 100w\" sizes=\"auto, (max-width: 150px) 100vw, 150px\" \/><\/div>\n\t\t\t\t\t<div class=\"wc-block-grid__product-title\">Badebomben DIY-Kit<\/div>\n\t\t\t\t<\/a>\n\t\t\t\t<div class=\"wc-block-grid__product-price price\"><span class=\"woocommerce-Price-amount amount\">15,90&nbsp;<span class=\"woocommerce-Price-currencySymbol\">&euro;<\/span><\/span><\/div>\n\t\t\t\t\n\t\t\t\t<div class=\"wp-block-button wc-block-grid__product-add-to-cart\"><a href=\"https:\/\/www.lichendorf.at\/hschwaiger\/?product=badebomben-diy-kit\" aria-label=\"W\u00e4hle Optionen f\u00fcr \u201eBadebomben DIY-Kit\u201c\" data-quantity=\"1\" data-product_id=\"2876\" data-product_sku=\"\" data-price=\"15.9\" rel=\"nofollow\" class=\"wp-block-button__link  add_to_cart_button\">Ausf\u00fchrung w\u00e4hlen<\/a><\/div>\n\t\t\t<\/li><li class=\"wc-block-grid__product\">\n\t\t\t\t<a href=\"https:\/\/www.lichendorf.at\/hschwaiger\/?product=magnesium-badesalz-apfel\" class=\"wc-block-grid__product-link\">\n\t\t\t\t\t\n\t\t\t\t\t<div class=\"wc-block-grid__product-image\"><img loading=\"lazy\" decoding=\"async\" width=\"150\" height=\"150\" src=\"https:\/\/www.lichendorf.at\/hschwaiger\/wp-content\/uploads\/2026\/03\/MVIMG_20260226_180639-150x150.jpg\" class=\"attachment-woocommerce_thumbnail size-woocommerce_thumbnail\" alt=\"Magnesium Badesalz Apfel\" srcset=\"https:\/\/www.lichendorf.at\/hschwaiger\/wp-content\/uploads\/2026\/03\/MVIMG_20260226_180639-150x150.jpg 150w, https:\/\/www.lichendorf.at\/hschwaiger\/wp-content\/uploads\/2026\/03\/MVIMG_20260226_180639-300x300.jpg 300w, https:\/\/www.lichendorf.at\/hschwaiger\/wp-content\/uploads\/2026\/03\/MVIMG_20260226_180639-1024x1024.jpg 1024w, https:\/\/www.lichendorf.at\/hschwaiger\/wp-content\/uploads\/2026\/03\/MVIMG_20260226_180639-768x768.jpg 768w, https:\/\/www.lichendorf.at\/hschwaiger\/wp-content\/uploads\/2026\/03\/MVIMG_20260226_180639-1536x1536.jpg 1536w, https:\/\/www.lichendorf.at\/hschwaiger\/wp-content\/uploads\/2026\/03\/MVIMG_20260226_180639-2048x2048.jpg 2048w, https:\/\/www.lichendorf.at\/hschwaiger\/wp-content\/uploads\/2026\/03\/MVIMG_20260226_180639-400x400.jpg 400w, https:\/\/www.lichendorf.at\/hschwaiger\/wp-content\/uploads\/2026\/03\/MVIMG_20260226_180639-100x100.jpg 100w\" sizes=\"auto, (max-width: 150px) 100vw, 150px\" \/><\/div>\n\t\t\t\t\t<div class=\"wc-block-grid__product-title\">Magnesium Badesalz Apfel<\/div>\n\t\t\t\t<\/a>\n\t\t\t\t<div class=\"wc-block-grid__product-price price\"><span class=\"woocommerce-Price-amount amount\" aria-hidden=\"true\">2,90&nbsp;<span class=\"woocommerce-Price-currencySymbol\">&euro;<\/span><\/span> <span aria-hidden=\"true\"> \u2013 <\/span> <span class=\"woocommerce-Price-amount amount\" aria-hidden=\"true\">24,30&nbsp;<span class=\"woocommerce-Price-currencySymbol\">&euro;<\/span><\/span><span class=\"screen-reader-text\">Preisspanne: 2,90&nbsp;&euro; bis 24,30&nbsp;&euro;<\/span><\/div>\n\t\t\t\t\n\t\t\t\t<div class=\"wp-block-button wc-block-grid__product-add-to-cart\"><a href=\"https:\/\/www.lichendorf.at\/hschwaiger\/?product=magnesium-badesalz-apfel\" aria-label=\"W\u00e4hle Optionen f\u00fcr \u201eMagnesium Badesalz Apfel\u201c\" data-quantity=\"1\" data-product_id=\"2855\" data-product_sku=\"\" data-price=\"2.9\" rel=\"nofollow\" class=\"wp-block-button__link  add_to_cart_button\">Ausf\u00fchrung w\u00e4hlen<\/a><\/div>\n\t\t\t<\/li><li class=\"wc-block-grid__product\">\n\t\t\t\t<a href=\"https:\/\/www.lichendorf.at\/hschwaiger\/?product=magnesium-badesalz-grapefruit\" class=\"wc-block-grid__product-link\">\n\t\t\t\t\t\n\t\t\t\t\t<div class=\"wc-block-grid__product-image\"><img loading=\"lazy\" decoding=\"async\" width=\"150\" height=\"150\" src=\"https:\/\/www.lichendorf.at\/hschwaiger\/wp-content\/uploads\/2026\/03\/MVIMG_20260226_180325-150x150.jpg\" class=\"attachment-woocommerce_thumbnail size-woocommerce_thumbnail\" alt=\"Magnesium Badesalz Grapefruit\" srcset=\"https:\/\/www.lichendorf.at\/hschwaiger\/wp-content\/uploads\/2026\/03\/MVIMG_20260226_180325-150x150.jpg 150w, https:\/\/www.lichendorf.at\/hschwaiger\/wp-content\/uploads\/2026\/03\/MVIMG_20260226_180325-300x300.jpg 300w, https:\/\/www.lichendorf.at\/hschwaiger\/wp-content\/uploads\/2026\/03\/MVIMG_20260226_180325-1024x1024.jpg 1024w, https:\/\/www.lichendorf.at\/hschwaiger\/wp-content\/uploads\/2026\/03\/MVIMG_20260226_180325-768x768.jpg 768w, https:\/\/www.lichendorf.at\/hschwaiger\/wp-content\/uploads\/2026\/03\/MVIMG_20260226_180325-1536x1536.jpg 1536w, https:\/\/www.lichendorf.at\/hschwaiger\/wp-content\/uploads\/2026\/03\/MVIMG_20260226_180325-2048x2048.jpg 2048w, https:\/\/www.lichendorf.at\/hschwaiger\/wp-content\/uploads\/2026\/03\/MVIMG_20260226_180325-400x400.jpg 400w, https:\/\/www.lichendorf.at\/hschwaiger\/wp-content\/uploads\/2026\/03\/MVIMG_20260226_180325-100x100.jpg 100w\" sizes=\"auto, (max-width: 150px) 100vw, 150px\" \/><\/div>\n\t\t\t\t\t<div class=\"wc-block-grid__product-title\">Magnesium Badesalz Grapefruit<\/div>\n\t\t\t\t<\/a>\n\t\t\t\t<div class=\"wc-block-grid__product-price price\"><span class=\"woocommerce-Price-amount amount\" aria-hidden=\"true\">2,90&nbsp;<span class=\"woocommerce-Price-currencySymbol\">&euro;<\/span><\/span> <span aria-hidden=\"true\"> \u2013 <\/span> <span class=\"woocommerce-Price-amount amount\" aria-hidden=\"true\">24,30&nbsp;<span class=\"woocommerce-Price-currencySymbol\">&euro;<\/span><\/span><span class=\"screen-reader-text\">Preisspanne: 2,90&nbsp;&euro; bis 24,30&nbsp;&euro;<\/span><\/div>\n\t\t\t\t\n\t\t\t\t<div class=\"wp-block-button wc-block-grid__product-add-to-cart\"><a href=\"https:\/\/www.lichendorf.at\/hschwaiger\/?product=magnesium-badesalz-grapefruit\" aria-label=\"W\u00e4hle Optionen f\u00fcr \u201eMagnesium Badesalz Grapefruit\u201c\" data-quantity=\"1\" data-product_id=\"2850\" data-product_sku=\"\" data-price=\"2.9\" rel=\"nofollow\" class=\"wp-block-button__link  add_to_cart_button\">Ausf\u00fchrung w\u00e4hlen<\/a><\/div>\n\t\t\t<\/li><\/ul><\/div><\/div>\n<\/div>\n","protected":false},"excerpt":{"rendered":"","protected":false},"author":1,"featured_media":0,"parent":0,"menu_order":0,"comment_status":"closed","ping_status":"closed","template":"","meta":{"footnotes":""},"class_list":["post-9","page","type-page","status-publish","hentry"],"_links":{"self":[{"href":"https:\/\/www.lichendorf.at\/hschwaiger\/index.php?rest_route=\/wp\/v2\/pages\/9","targetHints":{"allow":["GET"]}}],"collection":[{"href":"https:\/\/www.lichendorf.at\/hschwaiger\/index.php?rest_route=\/wp\/v2\/pages"}],"about":[{"href":"https:\/\/www.lichendorf.at\/hschwaiger\/index.php?rest_route=\/wp\/v2\/types\/page"}],"author":[{"embeddable":true,"href":"https:\/\/www.lichendorf.at\/hschwaiger\/index.php?rest_route=\/wp\/v2\/users\/1"}],"replies":[{"embeddable":true,"href":"https:\/\/www.lichendorf.at\/hschwaiger\/index.php?rest_route=%2Fwp%2Fv2%2Fcomments&post=9"}],"version-history":[{"count":15,"href":"https:\/\/www.lichendorf.at\/hschwaiger\/index.php?rest_route=\/wp\/v2\/pages\/9\/revisions"}],"predecessor-version":[{"id":2425,"href":"https:\/\/www.lichendorf.at\/hschwaiger\/index.php?rest_route=\/wp\/v2\/pages\/9\/revisions\/2425"}],"wp:attachment":[{"href":"https:\/\/www.lichendorf.at\/hschwaiger\/index.php?rest_route=%2Fwp%2Fv2%2Fmedia&parent=9"}],"curies":[{"name":"wp","href":"https:\/\/api.w.org\/{rel}","templated":true}]}}