{"id":101,"date":"2025-01-01T13:39:57","date_gmt":"2025-01-01T12:39:57","guid":{"rendered":"http:\/\/sentidos.mittelerde.lan:8081\/?post_type=product&#038;p=101"},"modified":"2026-02-24T12:15:30","modified_gmt":"2026-02-24T11:15:30","slug":"aktivkohle-lavendel","status":"publish","type":"product","link":"https:\/\/www.lichendorf.at\/hschwaiger\/?product=aktivkohle-lavendel","title":{"rendered":"Aktivkohle-Lavendel"},"content":{"rendered":"<p data-start=\"286\" data-end=\"999\">Unsere \u201eLavender Charcoal Glow\u201c ist eine Gesicht- und Handseife, die gezielt Schmutz und Unreinheiten entfernt, ohne die Haut auszutrocknen. Die Aktivkohle absorbiert effektiv Verunreinigungen, w\u00e4hrend hochwertige \u00d6le wie Oliven-, Kokos-, Rizinus-, Sonnenblumen- und Raps\u00f6l die Haut sanft pflegen. Sheabutter sorgt f\u00fcr zus\u00e4tzliche Feuchtigkeit, w\u00e4hrend ein Hauch Lavendel\u00f6l f\u00fcr einen beruhigenden Duft sorgt. Das elegante 3-Schichten-Design mit schwarzer Basis und einem hell-lila Streifen in der Mitte macht diese Seife zu einem echten Hingucker. Der im Voraus in der Lauge gel\u00f6ste Zucker unterst\u00fctzt die Cremigkeit der Seife und sorgt f\u00fcr ein samtiges Hautgef\u00fchl \u2013 ohne Peelingwirkung.<\/p>\n<p data-start=\"1001\" data-end=\"1309\"><strong data-start=\"1001\" data-end=\"1010\">INCI:<\/strong><br data-start=\"1010\" data-end=\"1013\" \/>Sodium Olivate, Sodium Cocoate, Aqua, Sodium Hydroxide, Sodium Castorate, Sodium Sunflowerseedate, Sodium Rapeseedate, Sodium Shea Butterate, Citric Acid, Maris Sal, Lavandula Angustifolia Herb Oil, Sucrose, Charcoal Powder, CI 77017, 77891, 77491, 77861, 77742, Linalool*, Geraniol*, Limonene*<\/p>\n<p data-start=\"1311\" data-end=\"1354\"><strong data-start=\"1311\" data-end=\"1323\">Gewicht:<\/strong> 100\u202fg<br data-start=\"1329\" data-end=\"1332\" \/><strong data-start=\"1332\" data-end=\"1348\">\u00dcberfettung:<\/strong> 6\u202f%<\/p>\n","protected":false},"excerpt":{"rendered":"<p>Gesichts- und Handseife mit Aktivkohle und Lavendel\u00f6l, die reinigt, pflegt und ein samtig-weiches Hautgef\u00fchl hinterl\u00e4sst. 3-Schicht-Design in Schwarz und hellem Lila.<\/p>\n","protected":false},"featured_media":2171,"comment_status":"open","ping_status":"closed","template":"","meta":[],"product_brand":[63],"product_cat":[53,97],"product_tag":[],"class_list":{"0":"post-101","1":"product","2":"type-product","3":"status-publish","4":"has-post-thumbnail","6":"product_brand-h-schwaiger-naturseifen","7":"product_cat-naturseifen","8":"product_cat-spezial-seifen","10":"first","11":"outofstock","12":"purchasable","13":"product-type-simple","14":"customify-col","15":"product-has-gallery"},"_links":{"self":[{"href":"https:\/\/www.lichendorf.at\/hschwaiger\/index.php?rest_route=\/wp\/v2\/product\/101","targetHints":{"allow":["GET"]}}],"collection":[{"href":"https:\/\/www.lichendorf.at\/hschwaiger\/index.php?rest_route=\/wp\/v2\/product"}],"about":[{"href":"https:\/\/www.lichendorf.at\/hschwaiger\/index.php?rest_route=\/wp\/v2\/types\/product"}],"replies":[{"embeddable":true,"href":"https:\/\/www.lichendorf.at\/hschwaiger\/index.php?rest_route=%2Fwp%2Fv2%2Fcomments&post=101"}],"wp:featuredmedia":[{"embeddable":true,"href":"https:\/\/www.lichendorf.at\/hschwaiger\/index.php?rest_route=\/wp\/v2\/media\/2171"}],"wp:attachment":[{"href":"https:\/\/www.lichendorf.at\/hschwaiger\/index.php?rest_route=%2Fwp%2Fv2%2Fmedia&parent=101"}],"wp:term":[{"taxonomy":"product_brand","embeddable":true,"href":"https:\/\/www.lichendorf.at\/hschwaiger\/index.php?rest_route=%2Fwp%2Fv2%2Fproduct_brand&post=101"},{"taxonomy":"product_cat","embeddable":true,"href":"https:\/\/www.lichendorf.at\/hschwaiger\/index.php?rest_route=%2Fwp%2Fv2%2Fproduct_cat&post=101"},{"taxonomy":"product_tag","embeddable":true,"href":"https:\/\/www.lichendorf.at\/hschwaiger\/index.php?rest_route=%2Fwp%2Fv2%2Fproduct_tag&post=101"}],"curies":[{"name":"wp","href":"https:\/\/api.w.org\/{rel}","templated":true}]}}