{"id":1205,"date":"2025-02-18T09:26:35","date_gmt":"2025-02-18T08:26:35","guid":{"rendered":"http:\/\/sentidos.mittelerde.lan:8081\/?post_type=product&#038;p=1205"},"modified":"2025-12-25T14:08:01","modified_gmt":"2025-12-25T13:08:01","slug":"duschseife-myrte","status":"publish","type":"product","link":"https:\/\/www.lichendorf.at\/hschwaiger\/?product=duschseife-myrte","title":{"rendered":"Duschseife-Myrte"},"content":{"rendered":"<p data-start=\"458\" data-end=\"847\">Die <strong data-start=\"526\" data-end=\"540\">Myrtenkuss<\/strong> Seife ist ein harmonisches Zusammenspiel aus hochwertigen \u00d6len, pflegenden Buttern und nat\u00fcrlichen Extrakten. Ihr hellbeiges, eckiges Design mit dunkelbraunem Mittelstrich macht sie zu einem dezenten Hingucker. Mit 8\u202f% \u00dcberfettung reinigt sie sanft, ohne auszutrocknen, und pflegt die Haut sp\u00fcrbar weich.<\/p>\n<p data-start=\"849\" data-end=\"1451\"><strong data-start=\"849\" data-end=\"858\">INCI:<\/strong><br data-start=\"858\" data-end=\"861\" \/>SODIUM OLIVATE (Oliven\u00f6l), SODIUM COCOATE (Kokos\u00f6l), MYRTUS COMMUNIS LEAF EXTRACT (Myrtenextrakt), SODIUM HYDROXIDE (Natriumhydroxid), THEOBROMA CACAO SEED BUTTER (Kakaobutter), SODIUM SUNFLOWERSEEDATE (Sonnenblumen\u00f6l), ALOE BARBADENSIS FRESH LEAF JUICE (Bio Aloe Vera Gel), SODIUM CASTORATE (Rizinus\u00f6l), SODIUM SHEA BUTTERATE (Sheabutter), CITRIC ACID (Zitronens\u00e4ure), SUCROSE (Zucker), CITRUS LIMON PEEL OIL (\u00e4therisches Zitronen\u00f6l), SANTALUM ALBUM OIL (\u00e4therisches Sandelholz\u00f6l), PANTHENOL (Vitamin B5), D-ALPHA-TOCOPHEROL (Vitamin E), CI 77891 (Titandioxid), ILLITE (braune Heilerde).<\/p>\n<p data-start=\"1453\" data-end=\"1870\">Die Kombination aus <strong data-start=\"1473\" data-end=\"1548\">Oliven\u00f6l, Kokos\u00f6l, Sheabutter, Kakaobutter, Sonnenblumen- und Rizinus\u00f6l<\/strong> spendet intensive Feuchtigkeit, w\u00e4hrend <strong data-start=\"1589\" data-end=\"1606\">Aloe Vera Gel<\/strong> und <strong data-start=\"1611\" data-end=\"1628\">Myrtenextrakt<\/strong> die Haut beruhigen. Die braune Heilerde sorgt f\u00fcr ein sanftes Peeling, das die Haut geschmeidig hinterl\u00e4sst. Ein zarter Hauch von <strong data-start=\"1767\" data-end=\"1797\">Zitronen- und Sandelholz\u00f6l<\/strong> rundet das Pflegeerlebnis ab und hinterl\u00e4sst einen mild-frischen Duft.<\/p>\n<p data-start=\"1872\" data-end=\"2028\">Die <strong data-start=\"1876\" data-end=\"1890\">Myrtenkuss<\/strong> Seife (100\u202fg) eignet sich f\u00fcr alle Hauttypen und ist perfekt f\u00fcr die t\u00e4gliche Pflege \u2013 schlicht im Design, au\u00dfergew\u00f6hnlich im Erlebnis.<\/p>\n<p data-start=\"2030\" data-end=\"2255\">\n","protected":false},"excerpt":{"rendered":"<p><strong>Sanfte Pflege f\u00fcr jeden Tag: Die \u201eMyrtenkuss\u201c kombiniert Oliven- und Kokos\u00f6l mit n\u00e4hrender Kakaobutter und Aloe Vera, verfeinert mit \u00e4therischem Zitronen- und Sandelholz\u00f6l \u2013 f\u00fcr zarte, gepflegte Haut.<\/strong><\/p>\n","protected":false},"featured_media":2182,"comment_status":"open","ping_status":"closed","template":"","meta":[],"product_brand":[63],"product_cat":[53,96],"product_tag":[],"class_list":{"0":"post-1205","1":"product","2":"type-product","3":"status-publish","4":"has-post-thumbnail","6":"product_brand-h-schwaiger-naturseifen","7":"product_cat-naturseifen","8":"product_cat-pflege-seifen","10":"first","11":"instock","12":"purchasable","13":"product-type-simple","14":"customify-col","15":"product-has-gallery"},"_links":{"self":[{"href":"https:\/\/www.lichendorf.at\/hschwaiger\/index.php?rest_route=\/wp\/v2\/product\/1205","targetHints":{"allow":["GET"]}}],"collection":[{"href":"https:\/\/www.lichendorf.at\/hschwaiger\/index.php?rest_route=\/wp\/v2\/product"}],"about":[{"href":"https:\/\/www.lichendorf.at\/hschwaiger\/index.php?rest_route=\/wp\/v2\/types\/product"}],"replies":[{"embeddable":true,"href":"https:\/\/www.lichendorf.at\/hschwaiger\/index.php?rest_route=%2Fwp%2Fv2%2Fcomments&post=1205"}],"wp:featuredmedia":[{"embeddable":true,"href":"https:\/\/www.lichendorf.at\/hschwaiger\/index.php?rest_route=\/wp\/v2\/media\/2182"}],"wp:attachment":[{"href":"https:\/\/www.lichendorf.at\/hschwaiger\/index.php?rest_route=%2Fwp%2Fv2%2Fmedia&parent=1205"}],"wp:term":[{"taxonomy":"product_brand","embeddable":true,"href":"https:\/\/www.lichendorf.at\/hschwaiger\/index.php?rest_route=%2Fwp%2Fv2%2Fproduct_brand&post=1205"},{"taxonomy":"product_cat","embeddable":true,"href":"https:\/\/www.lichendorf.at\/hschwaiger\/index.php?rest_route=%2Fwp%2Fv2%2Fproduct_cat&post=1205"},{"taxonomy":"product_tag","embeddable":true,"href":"https:\/\/www.lichendorf.at\/hschwaiger\/index.php?rest_route=%2Fwp%2Fv2%2Fproduct_tag&post=1205"}],"curies":[{"name":"wp","href":"https:\/\/api.w.org\/{rel}","templated":true}]}}