{"id":1206,"date":"2025-02-18T09:30:26","date_gmt":"2025-02-18T08:30:26","guid":{"rendered":"http:\/\/sentidos.mittelerde.lan:8081\/?post_type=product&#038;p=1206"},"modified":"2026-01-14T11:13:23","modified_gmt":"2026-01-14T10:13:23","slug":"haushaltsseife-citronella","status":"publish","type":"product","link":"https:\/\/www.lichendorf.at\/hschwaiger\/?product=haushaltsseife-citronella","title":{"rendered":"Allzweckseife"},"content":{"rendered":"<p data-start=\"329\" data-end=\"661\"><strong data-start=\"329\" data-end=\"350\">Langbeschreibung:<\/strong><br data-start=\"350\" data-end=\"353\" \/>Die \u201eAllzweck-Meister\u201c Seife ist Ihre zuverl\u00e4ssige Unterst\u00fctzung im Haushalt: Egal ob Fensterputzen, Geschirrsp\u00fclen, Oberfl\u00e4chen reinigen oder Flecken wie Gras, Blut oder Erde entfernen \u2013 diese Seife packt es an. Inspiriert von der bekannten Hirschseife verbindet sie Tradition mit moderner Handwerkskunst.<\/p>\n<p data-start=\"663\" data-end=\"981\">Das schlichte, aber aufw\u00e4ndige Design in Noppenform erinnert an einen Massagebar und macht die Anwendung besonders griffig. Drei sorgf\u00e4ltig anger\u00fchrte Seifenleime verleihen der Seife ihr hellbeiges Grundton mit einem gelben, vertikalen Mittelstrich \u2013 ein optisches Highlight f\u00fcr Ihr Badezimmer oder Ihre Putzroutine.<\/p>\n<p data-start=\"983\" data-end=\"1197\"><strong data-start=\"983\" data-end=\"992\">INCI:<\/strong><br data-start=\"992\" data-end=\"995\" \/>Rindertalg, Kokos\u00f6l, destilliertes Wasser, Natriumhydroxid, Zitronens\u00e4ure, \u00e4therisches Citronella\u00f6l, Titandioxid, gelbe Tonerde, Geraniol*, Limonene*, Citronellol*<br data-start=\"1158\" data-end=\"1161\" \/>*aus naturreinen \u00e4therischen \u00d6len<\/p>\n","protected":false},"excerpt":{"rendered":"<p>Vielseitige Haushaltsseife f\u00fcr Fenster, Geschirr, Oberfl\u00e4chen und Flecken \u2013 praktische Noppenform<\/p>\n<p>120 g<\/p>\n","protected":false},"featured_media":1994,"comment_status":"open","ping_status":"closed","template":"","meta":[],"product_brand":[63],"product_cat":[53,97],"product_tag":[],"class_list":{"0":"post-1206","1":"product","2":"type-product","3":"status-publish","4":"has-post-thumbnail","6":"product_brand-h-schwaiger-naturseifen","7":"product_cat-naturseifen","8":"product_cat-spezial-seifen","10":"first","11":"instock","12":"purchasable","13":"product-type-simple","14":"customify-col","15":"product-has-gallery"},"_links":{"self":[{"href":"https:\/\/www.lichendorf.at\/hschwaiger\/index.php?rest_route=\/wp\/v2\/product\/1206","targetHints":{"allow":["GET"]}}],"collection":[{"href":"https:\/\/www.lichendorf.at\/hschwaiger\/index.php?rest_route=\/wp\/v2\/product"}],"about":[{"href":"https:\/\/www.lichendorf.at\/hschwaiger\/index.php?rest_route=\/wp\/v2\/types\/product"}],"replies":[{"embeddable":true,"href":"https:\/\/www.lichendorf.at\/hschwaiger\/index.php?rest_route=%2Fwp%2Fv2%2Fcomments&post=1206"}],"wp:featuredmedia":[{"embeddable":true,"href":"https:\/\/www.lichendorf.at\/hschwaiger\/index.php?rest_route=\/wp\/v2\/media\/1994"}],"wp:attachment":[{"href":"https:\/\/www.lichendorf.at\/hschwaiger\/index.php?rest_route=%2Fwp%2Fv2%2Fmedia&parent=1206"}],"wp:term":[{"taxonomy":"product_brand","embeddable":true,"href":"https:\/\/www.lichendorf.at\/hschwaiger\/index.php?rest_route=%2Fwp%2Fv2%2Fproduct_brand&post=1206"},{"taxonomy":"product_cat","embeddable":true,"href":"https:\/\/www.lichendorf.at\/hschwaiger\/index.php?rest_route=%2Fwp%2Fv2%2Fproduct_cat&post=1206"},{"taxonomy":"product_tag","embeddable":true,"href":"https:\/\/www.lichendorf.at\/hschwaiger\/index.php?rest_route=%2Fwp%2Fv2%2Fproduct_tag&post=1206"}],"curies":[{"name":"wp","href":"https:\/\/api.w.org\/{rel}","templated":true}]}}