{"id":1207,"date":"2025-02-18T10:19:50","date_gmt":"2025-02-18T09:19:50","guid":{"rendered":"http:\/\/sentidos.mittelerde.lan:8081\/?post_type=product&#038;p=1207"},"modified":"2025-11-24T17:21:02","modified_gmt":"2025-11-24T16:21:02","slug":"steirerseife","status":"publish","type":"product","link":"https:\/\/www.lichendorf.at\/hschwaiger\/?product=steirerseife","title":{"rendered":"Steirerseife mit BIO &#8211; K\u00fcrbiskern\u00f6l"},"content":{"rendered":"<p data-start=\"133\" data-end=\"364\"><strong data-start=\"133\" data-end=\"175\">Steiererseife \u2013 Natur trifft Tradition<\/strong><br data-start=\"175\" data-end=\"178\" \/>Unsere Steiererseife vereint hochwertige Pflege mit regionalem Flair. Das Wappen der Steiermark ist direkt auf der Seife gepr\u00e4gt und macht sie zu einem besonderen St\u00fcck Handwerkskunst.<\/p>\n<p data-start=\"366\" data-end=\"681\">Die Seife wird aus feinsten pflanzlichen \u00d6len und Fetten hergestellt: Rindertalg, Kokos-, Oliven-, Lein- und K\u00fcrbiskern\u00f6l sorgen f\u00fcr eine cremige, pflegende Konsistenz, w\u00e4hrend Sheabutter und Rizinus\u00f6l f\u00fcr geschmeidige Haut sorgen. Frisches Bio-Aloe-Vera-Gel spendet zus\u00e4tzlich Feuchtigkeit und beruhigt die Haut.<\/p>\n<p data-start=\"683\" data-end=\"1015\">F\u00fcr ein besonders angenehmes Duscherlebnis sorgt das feine Gei\u00dfblatt-Parfum\u00f6l, das dezent duftet, ohne die Haut zu reizen. Gr\u00fcne Tonerde, Zucker und Zitronens\u00e4ure runden die Rezeptur ab und unterst\u00fctzen sanft die Reinigung. Die Steiererseife ist handgemacht, liebevoll gestaltet und ein St\u00fcck steirische Tradition in jeder Dusche.<\/p>\n<p data-start=\"1017\" data-end=\"1337\"><strong data-start=\"1017\" data-end=\"1026\">INCI:<\/strong> SODIUM TALLOWATE, SODIUM COCOATE, AQUA, SODIUM HYDROXIDE, SODIUM OLIVATE, ALOE BARBADENSIS FRESH LEAF JUICE, SODIUM CASTORATE, SODIUM SHEA BUTTERATE, SODIUM LINSEEDATE, SODIUM RAPESEEDATE, SODIUM CUCURBATE, CITRIC ACID, HONEYSUCLE FRAGRANT OIL, SUCROSE, CI 77891, ILLITE, *Linalool, *Amyl Cinamal, *Geraniol, *Eugenol, *Limonene<\/p>\n<p>Gewicht: 115 &#8211; 125 g<\/p>\n<p>\u00dcberfettung: 8 %<\/p>\n","protected":false},"excerpt":{"rendered":"<p><strong data-start=\"1398\" data-end=\"1438\">Steiererseife \u2013 Pflege mit Tradition<\/strong><br data-start=\"1438\" data-end=\"1441\" \/>Handgemachte Naturseife mit dem Wappen der Steiermark. Reich an pflanzlichen \u00d6len, Sheabutter, Aloe Vera und K\u00fcrbiskern\u00f6l. Sanft duftend nach Gei\u00dfblatt, pflegend und besonders hautfreundlich.<\/p>\n","protected":false},"featured_media":2473,"comment_status":"open","ping_status":"closed","template":"","meta":[],"product_brand":[118],"product_cat":[55,53,97],"product_tag":[],"class_list":{"0":"post-1207","1":"product","2":"type-product","3":"status-publish","4":"has-post-thumbnail","6":"product_brand-steirerlinie","7":"product_cat-geschenksideen","8":"product_cat-naturseifen","9":"product_cat-spezial-seifen","11":"first","12":"instock","13":"purchasable","14":"product-type-simple","15":"customify-col","16":"product-has-gallery"},"_links":{"self":[{"href":"https:\/\/www.lichendorf.at\/hschwaiger\/index.php?rest_route=\/wp\/v2\/product\/1207","targetHints":{"allow":["GET"]}}],"collection":[{"href":"https:\/\/www.lichendorf.at\/hschwaiger\/index.php?rest_route=\/wp\/v2\/product"}],"about":[{"href":"https:\/\/www.lichendorf.at\/hschwaiger\/index.php?rest_route=\/wp\/v2\/types\/product"}],"replies":[{"embeddable":true,"href":"https:\/\/www.lichendorf.at\/hschwaiger\/index.php?rest_route=%2Fwp%2Fv2%2Fcomments&post=1207"}],"wp:featuredmedia":[{"embeddable":true,"href":"https:\/\/www.lichendorf.at\/hschwaiger\/index.php?rest_route=\/wp\/v2\/media\/2473"}],"wp:attachment":[{"href":"https:\/\/www.lichendorf.at\/hschwaiger\/index.php?rest_route=%2Fwp%2Fv2%2Fmedia&parent=1207"}],"wp:term":[{"taxonomy":"product_brand","embeddable":true,"href":"https:\/\/www.lichendorf.at\/hschwaiger\/index.php?rest_route=%2Fwp%2Fv2%2Fproduct_brand&post=1207"},{"taxonomy":"product_cat","embeddable":true,"href":"https:\/\/www.lichendorf.at\/hschwaiger\/index.php?rest_route=%2Fwp%2Fv2%2Fproduct_cat&post=1207"},{"taxonomy":"product_tag","embeddable":true,"href":"https:\/\/www.lichendorf.at\/hschwaiger\/index.php?rest_route=%2Fwp%2Fv2%2Fproduct_tag&post=1207"}],"curies":[{"name":"wp","href":"https:\/\/api.w.org\/{rel}","templated":true}]}}