{"id":1215,"date":"2025-02-18T11:18:08","date_gmt":"2025-02-18T10:18:08","guid":{"rendered":"http:\/\/sentidos.mittelerde.lan:8081\/?post_type=product&#038;p=1215"},"modified":"2025-09-30T11:12:03","modified_gmt":"2025-09-30T09:12:03","slug":"duschseife-rose","status":"publish","type":"product","link":"https:\/\/www.lichendorf.at\/hschwaiger\/?product=duschseife-rose","title":{"rendered":"Duschseife-Rose"},"content":{"rendered":"<p data-start=\"149\" data-end=\"404\">Die <strong data-start=\"153\" data-end=\"187\">Rosenkraft Haar- &amp; K\u00f6rperseife<\/strong> vereint schlichte Eleganz mit edler Raffinesse. Ihr zartes hellbeiges Design mit einem dunkelroten Mittelstrich zeugt von der aufwendigen Herstellung \u2013 drei separate Seifenans\u00e4tze wurden daf\u00fcr kunstvoll kombiniert.<\/p>\n<p data-start=\"406\" data-end=\"691\">Pflegende \u00d6le wie Oliven\u00f6l, Kokos\u00f6l, Rizinus\u00f6l, Hanf\u00f6l und Sheabutter sorgen f\u00fcr cremigen Schaum und eine sanfte Reinigung von Haut und Haar. Kakaobutter und Aloe Vera spenden Feuchtigkeit, w\u00e4hrend Seidenprotein und Vitamin E f\u00fcr glatte, geschmeidige Haut und gepflegtes Haar sorgen.<\/p>\n<p data-start=\"693\" data-end=\"969\">Der Hauch von edlem <strong data-start=\"713\" data-end=\"735\">Damaszener Rosen\u00f6l<\/strong> schenkt der Seife nicht nur einen luxuri\u00f6sen Duft, sondern macht sie auch zu einem besonderen Pflegeerlebnis. Verfeinert mit roter Tonerde und Brennesselextrakt wird diese Seife zu einem kleinen Kunstwerk f\u00fcr Dein t\u00e4gliches Ritual.<\/p>\n<p data-start=\"971\" data-end=\"1402\"><strong data-start=\"971\" data-end=\"980\">INCI:<\/strong> Sodium Cocoate, Sodium Olivate, Aqua, Urtica Urens Leaf Extract, Theobroma Cacao Seed Butter, Sodium Hydroxide, Sodium Castorate, Sodium Hemp Seedate, Sodium Shea Butterate, Citric Acid, Rosa Damascena Flower Oil, Aloe Barbadensis Fresh Leaf Juice, Sucrose, CI 77891, D-Alpha-Tocopherol, Hydrolyzed Silk Protein, Illite, *Citronellol, *Geraniol, *Citral, *Eugenol, *Limonene (*Bestandteile naturreiner \u00e4therischer \u00d6le).<\/p>\n","protected":false},"excerpt":{"rendered":"<p><strong data-start=\"1453\" data-end=\"1487\">Rosenkraft Haar- &amp; K\u00f6rperseife<\/strong><br data-start=\"1487\" data-end=\"1490\" \/>115 g \u00b7 8 % \u00dcberfettung<br data-start=\"1513\" data-end=\"1516\" \/>Luxuri\u00f6se Seife mit Damaszener Rosen\u00f6l, Seidenprotein &amp; Aloe Vera. F\u00fcr Haut &amp; Haar.<\/p>\n","protected":false},"featured_media":2027,"comment_status":"open","ping_status":"closed","template":"","meta":[],"product_brand":[63],"product_cat":[53,98],"product_tag":[],"class_list":{"0":"post-1215","1":"product","2":"type-product","3":"status-publish","4":"has-post-thumbnail","6":"product_brand-h-schwaiger-naturseifen","7":"product_cat-naturseifen","8":"product_cat-premium-seifen","10":"first","11":"instock","12":"purchasable","13":"product-type-simple","14":"customify-col","15":"product-has-gallery"},"_links":{"self":[{"href":"https:\/\/www.lichendorf.at\/hschwaiger\/index.php?rest_route=\/wp\/v2\/product\/1215","targetHints":{"allow":["GET"]}}],"collection":[{"href":"https:\/\/www.lichendorf.at\/hschwaiger\/index.php?rest_route=\/wp\/v2\/product"}],"about":[{"href":"https:\/\/www.lichendorf.at\/hschwaiger\/index.php?rest_route=\/wp\/v2\/types\/product"}],"replies":[{"embeddable":true,"href":"https:\/\/www.lichendorf.at\/hschwaiger\/index.php?rest_route=%2Fwp%2Fv2%2Fcomments&post=1215"}],"wp:featuredmedia":[{"embeddable":true,"href":"https:\/\/www.lichendorf.at\/hschwaiger\/index.php?rest_route=\/wp\/v2\/media\/2027"}],"wp:attachment":[{"href":"https:\/\/www.lichendorf.at\/hschwaiger\/index.php?rest_route=%2Fwp%2Fv2%2Fmedia&parent=1215"}],"wp:term":[{"taxonomy":"product_brand","embeddable":true,"href":"https:\/\/www.lichendorf.at\/hschwaiger\/index.php?rest_route=%2Fwp%2Fv2%2Fproduct_brand&post=1215"},{"taxonomy":"product_cat","embeddable":true,"href":"https:\/\/www.lichendorf.at\/hschwaiger\/index.php?rest_route=%2Fwp%2Fv2%2Fproduct_cat&post=1215"},{"taxonomy":"product_tag","embeddable":true,"href":"https:\/\/www.lichendorf.at\/hschwaiger\/index.php?rest_route=%2Fwp%2Fv2%2Fproduct_tag&post=1215"}],"curies":[{"name":"wp","href":"https:\/\/api.w.org\/{rel}","templated":true}]}}