{"id":147,"date":"2025-01-01T16:28:18","date_gmt":"2025-01-01T15:28:18","guid":{"rendered":"http:\/\/sentidos.mittelerde.lan:8081\/?post_type=product&#038;p=147"},"modified":"2026-01-14T10:58:35","modified_gmt":"2026-01-14T09:58:35","slug":"duschseife-nadelwald","status":"publish","type":"product","link":"https:\/\/www.lichendorf.at\/hschwaiger\/?product=duschseife-nadelwald","title":{"rendered":"Duschseife-Nadelwald"},"content":{"rendered":"<p data-start=\"247\" data-end=\"788\"><strong data-start=\"247\" data-end=\"283\">Haar- &amp; K\u00f6rperseife<\/strong><br data-start=\"283\" data-end=\"286\" \/>Tauche ein in die Frische eines Nadelwaldes. Die Seife \u201eZirbenwald\u201c vereint die pflegende Kraft von Oliven- und Kokos\u00f6l mit feuchtigkeitsspendender Sheabutter und Kakaobutter. Aloe Vera Gel und Rosmarinextrakt schenken deiner Haut und deinem Haar nat\u00fcrliche Pflege und Schutz. Ein zartes Spiel aus hell- und dunkelbraunen Holzoptik-Marmorierungen macht jedes St\u00fcck zu einem kleinen Kunstwerk. Nat\u00fcrliche \u00e4therische \u00d6le von Zypresse, Zirbe und Zitrone sorgen f\u00fcr ein belebendes, waldiges Dufterlebnis.<\/p>\n<p data-start=\"790\" data-end=\"833\"><strong data-start=\"790\" data-end=\"802\">Gewicht:<\/strong> 100\u202fg<br data-start=\"808\" data-end=\"811\" \/><strong data-start=\"811\" data-end=\"827\">\u00dcberfettung:<\/strong> 6\u202f%<\/p>\n<p data-start=\"835\" data-end=\"1279\"><strong data-start=\"835\" data-end=\"860\">Inhaltsstoffe (INCI):<\/strong><br data-start=\"860\" data-end=\"863\" \/>Sodium Olivate, Sodium Cocoate, Rosmarinus Officinalis Leaf Extract, Sodium Hydroxide, Sodium Theobroma Cacaote, Sodium Sunflowerseedate, Aloe Barbadensis Fresh Leaf Juice, Sodium Castorate, Sodium Shea Butterate, Citric Acid, Sucrose, Cupressus Sempervirens Oil, Pinus Cembra Leaf\/Twig Oil, Citrus Limon Peel Oil, Mica (goldenes Gr\u00fcn, Braun), Titandioxid, Limonene*, Linalool*<br data-start=\"1240\" data-end=\"1243\" \/>*aus naturreinen \u00e4therischen \u00d6len<\/p>\n","protected":false},"excerpt":{"rendered":"<p>Pflegende Haar- und K\u00f6rperseife in edler Holzoptik-Marmorierung mit \u00e4therischen \u00d6len von Zirbe, Zypresse und Zitrone. Gewicht: 100\u202fg | \u00dcberfettung: 6\u202f%<\/p>\n","protected":false},"featured_media":2173,"comment_status":"open","ping_status":"closed","template":"","meta":[],"product_brand":[63],"product_cat":[53,96],"product_tag":[],"class_list":{"0":"post-147","1":"product","2":"type-product","3":"status-publish","4":"has-post-thumbnail","6":"product_brand-h-schwaiger-naturseifen","7":"product_cat-naturseifen","8":"product_cat-pflege-seifen","10":"first","11":"instock","12":"purchasable","13":"product-type-simple","14":"customify-col","15":"product-has-gallery"},"_links":{"self":[{"href":"https:\/\/www.lichendorf.at\/hschwaiger\/index.php?rest_route=\/wp\/v2\/product\/147","targetHints":{"allow":["GET"]}}],"collection":[{"href":"https:\/\/www.lichendorf.at\/hschwaiger\/index.php?rest_route=\/wp\/v2\/product"}],"about":[{"href":"https:\/\/www.lichendorf.at\/hschwaiger\/index.php?rest_route=\/wp\/v2\/types\/product"}],"replies":[{"embeddable":true,"href":"https:\/\/www.lichendorf.at\/hschwaiger\/index.php?rest_route=%2Fwp%2Fv2%2Fcomments&post=147"}],"wp:featuredmedia":[{"embeddable":true,"href":"https:\/\/www.lichendorf.at\/hschwaiger\/index.php?rest_route=\/wp\/v2\/media\/2173"}],"wp:attachment":[{"href":"https:\/\/www.lichendorf.at\/hschwaiger\/index.php?rest_route=%2Fwp%2Fv2%2Fmedia&parent=147"}],"wp:term":[{"taxonomy":"product_brand","embeddable":true,"href":"https:\/\/www.lichendorf.at\/hschwaiger\/index.php?rest_route=%2Fwp%2Fv2%2Fproduct_brand&post=147"},{"taxonomy":"product_cat","embeddable":true,"href":"https:\/\/www.lichendorf.at\/hschwaiger\/index.php?rest_route=%2Fwp%2Fv2%2Fproduct_cat&post=147"},{"taxonomy":"product_tag","embeddable":true,"href":"https:\/\/www.lichendorf.at\/hschwaiger\/index.php?rest_route=%2Fwp%2Fv2%2Fproduct_tag&post=147"}],"curies":[{"name":"wp","href":"https:\/\/api.w.org\/{rel}","templated":true}]}}