{"id":1846,"date":"2025-02-26T11:32:27","date_gmt":"2025-02-26T10:32:27","guid":{"rendered":"http:\/\/sentidos.mittelerde.lan:8081\/?post_type=product&#038;p=1846"},"modified":"2026-01-14T11:03:34","modified_gmt":"2026-01-14T10:03:34","slug":"haar-koerper-lavendel","status":"publish","type":"product","link":"https:\/\/www.lichendorf.at\/hschwaiger\/?product=haar-koerper-lavendel","title":{"rendered":"Duschseife-Lavendel"},"content":{"rendered":"<p data-start=\"113\" data-end=\"809\">Die Lavendelseife ist eine luxuri\u00f6se Haar- und K\u00f6rperseife, die Reinigung und Pflege in einem bietet. Ihr schlichtes, aber raffiniertes Design entsteht durch dreifaches Anr\u00fchren des Seifenleims, veredelt mit einem zarten, 0,5\u202fcm breiten Mittelstrich in Dunkelviolett. Die Kombination aus Oliven\u00f6l, Kokos\u00f6l, Kakaobutter, Rizinus\u00f6l und Mohnsamen\u00f6l pflegt Haut und Haar sanft, w\u00e4hrend Rosmarinextrakt und Provitamin\u202fB5 Feuchtigkeit spenden und die Kopfhaut unterst\u00fctzen. Der vorab in der Lauge aufgel\u00f6ste Zucker sorgt f\u00fcr eine angenehme, glatte Textur ohne Peelingwirkung. Ein harmonisches Zusammenspiel nat\u00fcrlicher \u00e4therischer \u00d6le rundet das Erlebnis ab.<\/p>\n<p data-start=\"811\" data-end=\"1004\"><strong data-start=\"811\" data-end=\"820\">INCI:<\/strong><br data-start=\"820\" data-end=\"823\" \/>Oliven\u00f6l, Kokos\u00f6l, Kakaobutter, Rosmarinextrakt, Natriumhydroxid, Rizinus\u00f6l, Mohnsamen\u00f6l, Zitronens\u00e4ure, Zucker, Provitamin B5, Alkanawurzelpulver, Linalool*, Geraniol*, Limonene*<\/p>\n<p data-start=\"1006\" data-end=\"1042\">*aus nat\u00fcrlichen \u00e4therischen \u00d6len<\/p>\n","protected":false},"excerpt":{"rendered":"<p>Haar- und K\u00f6rperseife, pflegend und sanft. Gewicht: 120\u202fg, \u00dcberfettung: 8\u202f%.<\/p>\n","protected":false},"featured_media":2196,"comment_status":"open","ping_status":"closed","template":"","meta":[],"product_brand":[63],"product_cat":[53,96],"product_tag":[],"class_list":{"0":"post-1846","1":"product","2":"type-product","3":"status-publish","4":"has-post-thumbnail","6":"product_brand-h-schwaiger-naturseifen","7":"product_cat-naturseifen","8":"product_cat-pflege-seifen","10":"first","11":"instock","12":"purchasable","13":"product-type-simple","14":"customify-col","15":"product-has-gallery"},"_links":{"self":[{"href":"https:\/\/www.lichendorf.at\/hschwaiger\/index.php?rest_route=\/wp\/v2\/product\/1846","targetHints":{"allow":["GET"]}}],"collection":[{"href":"https:\/\/www.lichendorf.at\/hschwaiger\/index.php?rest_route=\/wp\/v2\/product"}],"about":[{"href":"https:\/\/www.lichendorf.at\/hschwaiger\/index.php?rest_route=\/wp\/v2\/types\/product"}],"replies":[{"embeddable":true,"href":"https:\/\/www.lichendorf.at\/hschwaiger\/index.php?rest_route=%2Fwp%2Fv2%2Fcomments&post=1846"}],"wp:featuredmedia":[{"embeddable":true,"href":"https:\/\/www.lichendorf.at\/hschwaiger\/index.php?rest_route=\/wp\/v2\/media\/2196"}],"wp:attachment":[{"href":"https:\/\/www.lichendorf.at\/hschwaiger\/index.php?rest_route=%2Fwp%2Fv2%2Fmedia&parent=1846"}],"wp:term":[{"taxonomy":"product_brand","embeddable":true,"href":"https:\/\/www.lichendorf.at\/hschwaiger\/index.php?rest_route=%2Fwp%2Fv2%2Fproduct_brand&post=1846"},{"taxonomy":"product_cat","embeddable":true,"href":"https:\/\/www.lichendorf.at\/hschwaiger\/index.php?rest_route=%2Fwp%2Fv2%2Fproduct_cat&post=1846"},{"taxonomy":"product_tag","embeddable":true,"href":"https:\/\/www.lichendorf.at\/hschwaiger\/index.php?rest_route=%2Fwp%2Fv2%2Fproduct_tag&post=1846"}],"curies":[{"name":"wp","href":"https:\/\/api.w.org\/{rel}","templated":true}]}}