{"id":2029,"date":"2025-02-26T14:39:43","date_gmt":"2025-02-26T13:39:43","guid":{"rendered":"http:\/\/sentidos.mittelerde.lan:8081\/?post_type=product&#038;p=2029"},"modified":"2025-11-06T11:23:39","modified_gmt":"2025-11-06T10:23:39","slug":"schmutzweg-salbei","status":"publish","type":"product","link":"https:\/\/www.lichendorf.at\/hschwaiger\/?product=schmutzweg-salbei","title":{"rendered":"Schmutzweg-Salbei"},"content":{"rendered":"<p data-start=\"200\" data-end=\"1030\">\u201eWerkhand \u2013 Premium Edition\u201c ist die Seife f\u00fcr H\u00e4nde, die nach handwerklicher Arbeit sanfte Reinigung und intensive Pflege verdienen. Reichhaltige \u00d6le wie Sodium Tallowate, Sodium Cocoate, Sodium Olivate, Sodium Shea Butterate, Sodium Sweet Almondate und Sodium Rapeseedate pflegen beanspruchte Haut nachhaltig, w\u00e4hrend Salvia Officinalis Extract und Salvia Officinalis Oil beruhigend wirken. Ein feiner gr\u00fcner Mittelstrich durchzieht die hellbeige Seife und wird von Bio-Mohnsamen im beigen Teil erg\u00e4nzt \u2013 ein dezent eleganter Akzent, der das dreifach anger\u00fchrte Design unterstreicht. Zucker wird bereits in der Lauge gel\u00f6st und sorgt f\u00fcr eine cremige Textur ohne Peelingwirkung. Dieses Premium-Produkt vereint Design, Pflege und Luxus in einem Seifenst\u00fcck f\u00fcr echte Handwerkerh\u00e4nde.<\/p>\n<p data-start=\"1032\" data-end=\"1433\"><strong data-start=\"1032\" data-end=\"1057\">Inhaltsstoffe (INCI):<\/strong><br data-start=\"1057\" data-end=\"1060\" \/>Sodium Tallowate, Sodium Cocoate, Sodium Olivate, Salvia Officinalis Extract, Sodium Hydroxide, Sodium Castorate, Sodium Shea Butterate, Sodium Sweet Almondate, Sodium Rapeseedate, Citric Acid, Salvia Officinalis Oil, Sucrose, CI 77891 (Titanium Dioxide), Papaver Somniferum Seed, D-Alpha-Tocopherol, Panthenol, Illite; *Limonene, *Linalool (*from natural essential oils)<\/p>\n","protected":false},"excerpt":{"rendered":"<p>\u201eWerkhand \u2013 Premium Edition\u201c \u2013 luxuri\u00f6se Hand- und G\u00e4rtnerseife mit pflegendem Salbei\u00f6l, Bio-Mohnsamen und elegantem gr\u00fcnen Akzent. Gewicht: 120\u202fg, \u00dcberfettung: 7\u202f%.<\/p>\n","protected":false},"featured_media":2168,"comment_status":"open","ping_status":"closed","template":"","meta":[],"product_brand":[63],"product_cat":[53,98],"product_tag":[],"class_list":{"0":"post-2029","1":"product","2":"type-product","3":"status-publish","4":"has-post-thumbnail","6":"product_brand-h-schwaiger-naturseifen","7":"product_cat-naturseifen","8":"product_cat-premium-seifen","10":"first","11":"instock","12":"purchasable","13":"product-type-simple","14":"customify-col","15":"product-has-gallery"},"_links":{"self":[{"href":"https:\/\/www.lichendorf.at\/hschwaiger\/index.php?rest_route=\/wp\/v2\/product\/2029","targetHints":{"allow":["GET"]}}],"collection":[{"href":"https:\/\/www.lichendorf.at\/hschwaiger\/index.php?rest_route=\/wp\/v2\/product"}],"about":[{"href":"https:\/\/www.lichendorf.at\/hschwaiger\/index.php?rest_route=\/wp\/v2\/types\/product"}],"replies":[{"embeddable":true,"href":"https:\/\/www.lichendorf.at\/hschwaiger\/index.php?rest_route=%2Fwp%2Fv2%2Fcomments&post=2029"}],"wp:featuredmedia":[{"embeddable":true,"href":"https:\/\/www.lichendorf.at\/hschwaiger\/index.php?rest_route=\/wp\/v2\/media\/2168"}],"wp:attachment":[{"href":"https:\/\/www.lichendorf.at\/hschwaiger\/index.php?rest_route=%2Fwp%2Fv2%2Fmedia&parent=2029"}],"wp:term":[{"taxonomy":"product_brand","embeddable":true,"href":"https:\/\/www.lichendorf.at\/hschwaiger\/index.php?rest_route=%2Fwp%2Fv2%2Fproduct_brand&post=2029"},{"taxonomy":"product_cat","embeddable":true,"href":"https:\/\/www.lichendorf.at\/hschwaiger\/index.php?rest_route=%2Fwp%2Fv2%2Fproduct_cat&post=2029"},{"taxonomy":"product_tag","embeddable":true,"href":"https:\/\/www.lichendorf.at\/hschwaiger\/index.php?rest_route=%2Fwp%2Fv2%2Fproduct_tag&post=2029"}],"curies":[{"name":"wp","href":"https:\/\/api.w.org\/{rel}","templated":true}]}}