{"id":2033,"date":"2025-02-26T14:53:53","date_gmt":"2025-02-26T13:53:53","guid":{"rendered":"http:\/\/sentidos.mittelerde.lan:8081\/?post_type=product&#038;p=2033"},"modified":"2026-01-18T18:21:52","modified_gmt":"2026-01-18T17:21:52","slug":"haarseife-rosmarin","status":"publish","type":"product","link":"https:\/\/www.lichendorf.at\/hschwaiger\/?product=haarseife-rosmarin","title":{"rendered":"Haarseife-Rosmarin"},"content":{"rendered":"<p data-start=\"142\" data-end=\"574\">Verw\u00f6hne dein Haar mit dem besonderen Luxus unserer \u201eRosmarin-Kakao Haartraum \u2013 Luxus Edition\u201c. Diese eckige, hellbeige Seife mit elegantem dunkelbraunem Mittelstrich wurde speziell f\u00fcr die Haarpflege entwickelt und kombiniert die Kraft edler \u00d6le und Buttern: Kokos-, Oliven-, Avocado- und Rizinus\u00f6l pflegen intensiv, w\u00e4hrend Kakaobutter und Sheabutter Glanz und Geschmeidigkeit schenken.<\/p>\n<p data-start=\"576\" data-end=\"917\">Aloe Vera und Alkanawurzel-Extrakt unterst\u00fctzen die Kopfhaut, spenden Feuchtigkeit und f\u00f6rdern gesundes Haarwachstum. \u00c4therisches Rosmarin\u00f6l belebt die Sinne, wirkt erfrischend und kann Schuppen vorbeugen. Zucker und Panthenol sorgen f\u00fcr extra Glanz und geschmeidiges Haar, w\u00e4hrend die milde Citronens\u00e4ure einen sanften pH-Wert garantiert.<\/p>\n<p data-start=\"919\" data-end=\"1070\">Ein luxuri\u00f6ses Pflegeerlebnis f\u00fcr alle Haartypen, das Haar und Kopfhaut gleicherma\u00dfen verw\u00f6hnt \u2013 ideal f\u00fcr besondere Momente oder als edles Geschenk.<\/p>\n<p data-start=\"1072\" data-end=\"1791\"><strong data-start=\"1072\" data-end=\"1081\">INCI:<\/strong><br data-start=\"1081\" data-end=\"1084\" \/>I-068 SODIUM COCOATE \/ Kokos\u00f6l, I-114 SODIUM OLIVATE \/ Oliven\u00f6l, I-167 ROSMARINUS OFFICINALIS LEAF EXTRACT \/ Rosmarinextrakt, I-060 SODIUM THEOBROMA CACAOATE \/ Kakaobutter, I-112 SODIUM HYDROXIDE \/ Natriumhydroxid, I-140 SODIUM CASTORATE \/ Rizinus\u00f6l, I-040 SODIUM AVOCADOATE \/ Avocado\u00f6l, I-145 SODIUM SHEA BUTTERATE \/ Sheabutter, I-164 CITRIC ACID \/ Zitronens\u00e4ure, I-024 ROSMARINUS OFFICINALIS STEM OIL \/ \u00e4therisches Rosmarin\u00f6l, I-003 RADIX ALANNAE PLV EXTRACT \/ Alkanawurzel Extrakt, I-005 ALOE BARBADENSIS FRESH LEAF JUICE \/ Aloe Vera Gel Bio, I-165 SUCROSE \/ Zucker, I-150 CI 77891 \/ Titandioxid, I-135 PANTHENOL \/ Provitamin B5, *A-052 | Limonene, *A-053 | Linalool (*aus nat\u00fcrlichen \u00e4therischen \u00d6len)<\/p>\n<p data-start=\"1793\" data-end=\"1836\"><strong data-start=\"1793\" data-end=\"1805\">Gewicht:<\/strong> 120 g<br data-start=\"1811\" data-end=\"1814\" \/><strong data-start=\"1814\" data-end=\"1830\">\u00dcberfettung:<\/strong> 7 %<\/p>\n","protected":false},"excerpt":{"rendered":"<p>\u201eRosmarin-Kakao Haartraum \u2013 Luxus Edition\u201c \u2013 Haarseife mit edlen \u00d6len &amp; Buttern, Rosmarin\u00f6l &amp; Aloe Vera, 120\u202fg, 7\u202f% \u00dcberfettung.<\/p>\n","protected":false},"featured_media":2026,"comment_status":"open","ping_status":"closed","template":"","meta":[],"product_brand":[63],"product_cat":[53,98],"product_tag":[],"class_list":{"0":"post-2033","1":"product","2":"type-product","3":"status-publish","4":"has-post-thumbnail","6":"product_brand-h-schwaiger-naturseifen","7":"product_cat-naturseifen","8":"product_cat-premium-seifen","10":"first","11":"instock","12":"purchasable","13":"product-type-simple","14":"customify-col","15":"product-has-gallery"},"_links":{"self":[{"href":"https:\/\/www.lichendorf.at\/hschwaiger\/index.php?rest_route=\/wp\/v2\/product\/2033","targetHints":{"allow":["GET"]}}],"collection":[{"href":"https:\/\/www.lichendorf.at\/hschwaiger\/index.php?rest_route=\/wp\/v2\/product"}],"about":[{"href":"https:\/\/www.lichendorf.at\/hschwaiger\/index.php?rest_route=\/wp\/v2\/types\/product"}],"replies":[{"embeddable":true,"href":"https:\/\/www.lichendorf.at\/hschwaiger\/index.php?rest_route=%2Fwp%2Fv2%2Fcomments&post=2033"}],"wp:featuredmedia":[{"embeddable":true,"href":"https:\/\/www.lichendorf.at\/hschwaiger\/index.php?rest_route=\/wp\/v2\/media\/2026"}],"wp:attachment":[{"href":"https:\/\/www.lichendorf.at\/hschwaiger\/index.php?rest_route=%2Fwp%2Fv2%2Fmedia&parent=2033"}],"wp:term":[{"taxonomy":"product_brand","embeddable":true,"href":"https:\/\/www.lichendorf.at\/hschwaiger\/index.php?rest_route=%2Fwp%2Fv2%2Fproduct_brand&post=2033"},{"taxonomy":"product_cat","embeddable":true,"href":"https:\/\/www.lichendorf.at\/hschwaiger\/index.php?rest_route=%2Fwp%2Fv2%2Fproduct_cat&post=2033"},{"taxonomy":"product_tag","embeddable":true,"href":"https:\/\/www.lichendorf.at\/hschwaiger\/index.php?rest_route=%2Fwp%2Fv2%2Fproduct_tag&post=2033"}],"curies":[{"name":"wp","href":"https:\/\/api.w.org\/{rel}","templated":true}]}}