{"id":2183,"date":"2025-09-28T15:02:03","date_gmt":"2025-09-28T13:02:03","guid":{"rendered":"https:\/\/www.lichendorf.at\/hschwaiger\/?post_type=product&#038;p=2183"},"modified":"2025-11-14T16:34:28","modified_gmt":"2025-11-14T15:34:28","slug":"sheabutter-grapefruit","status":"publish","type":"product","link":"https:\/\/www.lichendorf.at\/hschwaiger\/?product=sheabutter-grapefruit","title":{"rendered":"Sheabutter-Grapefruit"},"content":{"rendered":"<p data-start=\"255\" data-end=\"737\">\u201cMorgenglanz\u201d ist eine sanfte Hand- und K\u00f6rperseife, die Ihre Haut mit pflegender Sheabutter, Avocado- und Walnuss\u00f6l verw\u00f6hnt. Der helle, fast wei\u00dfe Grund sorgt f\u00fcr eine milde Reinigung, w\u00e4hrend der zarte rosa Swirl einen fr\u00f6hlichen Farbakzent setzt. Abgerundet wird das Duscherlebnis durch das <strong data-start=\"594\" data-end=\"631\">belebende \u00e4therische Grapefruit\u00f6l<\/strong>, das f\u00fcr Frische und gute Laune sorgt. Ideal f\u00fcr alle Hauttypen, besonders sanft zu empfindlicher Haut.<\/p>\n<p data-start=\"255\" data-end=\"737\"><strong data-start=\"834\" data-end=\"843\">INCI:<\/strong><br data-start=\"843\" data-end=\"846\" \/>SODIUM COCOATE, SODIUM SHEA BUTTERATE, AQUA, SODIUM OLIVATE, SODIUM AVOCADOATE, SODIUM CASTORATE, SODIUM RAPESEEDATE, CITRIC ACID, CITRUS PARADISI M. PEEL OIL, SODIUM WALNUTSEEDATE, CI\u202f77891, ILLITE, LIMONENE<\/p>\n","protected":false},"excerpt":{"rendered":"<ul>\n<li data-start=\"715\" data-end=\"732\">\n<ul>\n<li data-start=\"659\" data-end=\"676\">\n<p data-start=\"661\" data-end=\"676\">Gewicht: 80\u202fg<\/p>\n<\/li>\n<li data-start=\"677\" data-end=\"697\">\n<p data-start=\"679\" data-end=\"697\">\u00dcberfettung: 8\u202f%<\/p>\n<\/li>\n<li data-start=\"698\" data-end=\"754\">\n<p data-start=\"700\" data-end=\"754\">Sanfte Pflege mit Sheabutter, Avocado- und Walnuss\u00f6l<\/p>\n<\/li>\n<li data-start=\"755\" data-end=\"807\">\n<p data-start=\"757\" data-end=\"807\">Erfrischender Duft dank \u00e4therischem Grapefruit\u00f6l<\/p>\n<\/li>\n<li data-start=\"808\" data-end=\"832\">\n<p data-start=\"810\" data-end=\"832\">F\u00fcr H\u00e4nde und K\u00f6rper<\/p>\n<\/li>\n<\/ul>\n<\/li>\n<li data-start=\"754\" data-end=\"824\"><\/li>\n<\/ul>\n","protected":false},"featured_media":2274,"comment_status":"open","ping_status":"closed","template":"","meta":[],"product_brand":[63],"product_cat":[53,96],"product_tag":[],"class_list":{"0":"post-2183","1":"product","2":"type-product","3":"status-publish","4":"has-post-thumbnail","6":"product_brand-h-schwaiger-naturseifen","7":"product_cat-naturseifen","8":"product_cat-pflege-seifen","10":"first","11":"instock","12":"purchasable","13":"product-type-simple","14":"customify-col","15":"product-has-gallery"},"_links":{"self":[{"href":"https:\/\/www.lichendorf.at\/hschwaiger\/index.php?rest_route=\/wp\/v2\/product\/2183","targetHints":{"allow":["GET"]}}],"collection":[{"href":"https:\/\/www.lichendorf.at\/hschwaiger\/index.php?rest_route=\/wp\/v2\/product"}],"about":[{"href":"https:\/\/www.lichendorf.at\/hschwaiger\/index.php?rest_route=\/wp\/v2\/types\/product"}],"replies":[{"embeddable":true,"href":"https:\/\/www.lichendorf.at\/hschwaiger\/index.php?rest_route=%2Fwp%2Fv2%2Fcomments&post=2183"}],"wp:featuredmedia":[{"embeddable":true,"href":"https:\/\/www.lichendorf.at\/hschwaiger\/index.php?rest_route=\/wp\/v2\/media\/2274"}],"wp:attachment":[{"href":"https:\/\/www.lichendorf.at\/hschwaiger\/index.php?rest_route=%2Fwp%2Fv2%2Fmedia&parent=2183"}],"wp:term":[{"taxonomy":"product_brand","embeddable":true,"href":"https:\/\/www.lichendorf.at\/hschwaiger\/index.php?rest_route=%2Fwp%2Fv2%2Fproduct_brand&post=2183"},{"taxonomy":"product_cat","embeddable":true,"href":"https:\/\/www.lichendorf.at\/hschwaiger\/index.php?rest_route=%2Fwp%2Fv2%2Fproduct_cat&post=2183"},{"taxonomy":"product_tag","embeddable":true,"href":"https:\/\/www.lichendorf.at\/hschwaiger\/index.php?rest_route=%2Fwp%2Fv2%2Fproduct_tag&post=2183"}],"curies":[{"name":"wp","href":"https:\/\/api.w.org\/{rel}","templated":true}]}}