{"id":2194,"date":"2025-09-30T09:42:38","date_gmt":"2025-09-30T07:42:38","guid":{"rendered":"https:\/\/www.lichendorf.at\/hschwaiger\/?post_type=product&#038;p=2194"},"modified":"2025-12-01T14:29:31","modified_gmt":"2025-12-01T13:29:31","slug":"aktivkohle-orange","status":"publish","type":"product","link":"https:\/\/www.lichendorf.at\/hschwaiger\/?product=aktivkohle-orange","title":{"rendered":"Aktivkohle-Orange"},"content":{"rendered":"<p data-start=\"148\" data-end=\"572\"><strong data-start=\"148\" data-end=\"206\">KontrastPur \u2013 die Seife f\u00fcr saubere H\u00e4nde &amp; klare Haut<\/strong><br data-start=\"206\" data-end=\"209\" \/>Unsere \u201eKontrastPur\u201c-Seife vereint kraftvolle Reinigung mit sanfter Pflege. Aktivkohle sorgt daf\u00fcr, dass Schmutz und \u00fcbersch\u00fcssiges Hautfett gr\u00fcndlich gebunden und entfernt werden \u2013 ideal f\u00fcr stark beanspruchte oder verschmutzte H\u00e4nde. Gleichzeitig ist sie mild genug, um auch im Gesicht angewendet zu werden, wo sie bei unreiner Haut unterst\u00fctzend wirken kann.<\/p>\n<p data-start=\"574\" data-end=\"843\">Das auff\u00e4llige Design in tiefem Schwarz mit einem nat\u00fcrlichen, unregelm\u00e4\u00dfigen Wei\u00dfstrich macht jede Seife zu einem kleinen Unikat. Aufwendig von Hand hergestellt, ben\u00f6tigt sie drei separate Seifenans\u00e4tze \u2013 ein Beweis f\u00fcr die Liebe zum Detail und echte Handwerkskunst.<\/p>\n<p data-start=\"845\" data-end=\"873\"><strong data-start=\"845\" data-end=\"871\">Vorteile im \u00dcberblick:<\/strong><\/p>\n<ul data-start=\"874\" data-end=\"1198\">\n<li data-start=\"874\" data-end=\"957\">\n<p data-start=\"876\" data-end=\"957\"><strong data-start=\"876\" data-end=\"894\">F\u00fcr die H\u00e4nde:<\/strong> gr\u00fcndliche Reinigung nach Gartenarbeit, Werkstatt oder K\u00fcche<\/p>\n<\/li>\n<li data-start=\"958\" data-end=\"1034\">\n<p data-start=\"960\" data-end=\"1034\"><strong data-start=\"960\" data-end=\"980\">F\u00fcr das Gesicht:<\/strong> milde Pflege, ideal bei fettiger oder unreiner Haut<\/p>\n<\/li>\n<li data-start=\"1035\" data-end=\"1118\">\n<p data-start=\"1037\" data-end=\"1118\"><strong data-start=\"1037\" data-end=\"1059\">Nat\u00fcrlich duftend:<\/strong> mit \u00e4therischem Orangen\u00f6l, das frisch und belebend wirkt<\/p>\n<\/li>\n<li data-start=\"1119\" data-end=\"1198\">\n<p data-start=\"1121\" data-end=\"1198\"><strong data-start=\"1121\" data-end=\"1143\">Besonderes Design:<\/strong> markante Schwarz-Wei\u00df-Optik \u2013 modern und individuell<\/p>\n<\/li>\n<\/ul>\n<p data-start=\"1200\" data-end=\"1409\"><strong data-start=\"1200\" data-end=\"1209\">INCI:<\/strong> SODIUM TALLOWATE, SODIUM COCOATE, AQUA, SODIUM HYDROXIDE, CITRIC ACID, CITRUS AURANTIUM DULCIS PEEL OIL, CHARCOAL POWDER, CI 77891, *LIMONENE, *CITRAL, *LINALOOL (*aus naturreinen \u00e4therischen \u00d6len)<\/p>\n","protected":false},"excerpt":{"rendered":"<p><strong data-start=\"1467\" data-end=\"1500\">KontrastPur \u2013 Aktivkohleseife<\/strong><br data-start=\"1500\" data-end=\"1503\" \/>115 g | 6 % \u00dcberfettung<\/p>\n<p>Schwarz-wei\u00dfe Spezialseife f\u00fcr Gesicht und H\u00e4nde. Mit Aktivkohle, \u00e4therischem Orangen\u00f6l und markantem Unikats-Design.<\/p>\n","protected":false},"featured_media":2513,"comment_status":"open","ping_status":"closed","template":"","meta":[],"product_brand":[87,63],"product_cat":[53,97],"product_tag":[],"class_list":{"0":"post-2194","1":"product","2":"type-product","3":"status-publish","4":"has-post-thumbnail","6":"product_brand-duschseifen-2","7":"product_brand-h-schwaiger-naturseifen","8":"product_cat-naturseifen","9":"product_cat-spezial-seifen","11":"first","12":"instock","13":"purchasable","14":"product-type-simple","15":"customify-col","16":"product-has-gallery"},"_links":{"self":[{"href":"https:\/\/www.lichendorf.at\/hschwaiger\/index.php?rest_route=\/wp\/v2\/product\/2194","targetHints":{"allow":["GET"]}}],"collection":[{"href":"https:\/\/www.lichendorf.at\/hschwaiger\/index.php?rest_route=\/wp\/v2\/product"}],"about":[{"href":"https:\/\/www.lichendorf.at\/hschwaiger\/index.php?rest_route=\/wp\/v2\/types\/product"}],"replies":[{"embeddable":true,"href":"https:\/\/www.lichendorf.at\/hschwaiger\/index.php?rest_route=%2Fwp%2Fv2%2Fcomments&post=2194"}],"wp:featuredmedia":[{"embeddable":true,"href":"https:\/\/www.lichendorf.at\/hschwaiger\/index.php?rest_route=\/wp\/v2\/media\/2513"}],"wp:attachment":[{"href":"https:\/\/www.lichendorf.at\/hschwaiger\/index.php?rest_route=%2Fwp%2Fv2%2Fmedia&parent=2194"}],"wp:term":[{"taxonomy":"product_brand","embeddable":true,"href":"https:\/\/www.lichendorf.at\/hschwaiger\/index.php?rest_route=%2Fwp%2Fv2%2Fproduct_brand&post=2194"},{"taxonomy":"product_cat","embeddable":true,"href":"https:\/\/www.lichendorf.at\/hschwaiger\/index.php?rest_route=%2Fwp%2Fv2%2Fproduct_cat&post=2194"},{"taxonomy":"product_tag","embeddable":true,"href":"https:\/\/www.lichendorf.at\/hschwaiger\/index.php?rest_route=%2Fwp%2Fv2%2Fproduct_tag&post=2194"}],"curies":[{"name":"wp","href":"https:\/\/api.w.org\/{rel}","templated":true}]}}