{"id":2271,"date":"2025-12-01T11:49:02","date_gmt":"2025-12-01T10:49:02","guid":{"rendered":"https:\/\/www.lichendorf.at\/hschwaiger\/?post_type=product&#038;p=2271"},"modified":"2025-12-25T14:08:05","modified_gmt":"2025-12-25T13:08:05","slug":"religioese-symbole","status":"publish","type":"product","link":"https:\/\/www.lichendorf.at\/hschwaiger\/?product=religioese-symbole","title":{"rendered":"Sternzeichen Seifen"},"content":{"rendered":"<p data-start=\"636\" data-end=\"706\"><strong data-start=\"636\" data-end=\"704\">Handgemachte Sternzeichen-Seifen \u2013 Kleine Geschenke voller Liebe<\/strong><\/p>\n<p data-start=\"708\" data-end=\"1032\">Diese zauberhaften Sternzeichen-Seifen werden mit viel Liebe und handwerklichem Geschick gefertigt. Jede Seife ist ein kleines Kunstwerk: sorgf\u00e4ltig gegossen, farblich gestaltet und in einem praktischen Beutel verpackt, hinterlegt mit buntem Papier, das die positiven Eigenschaften des jeweiligen Sternzeichens hervorhebt.<\/p>\n<p data-start=\"1034\" data-end=\"1254\">Die Seifen sind perfekt als <strong data-start=\"1062\" data-end=\"1078\">Geschenkidee<\/strong> f\u00fcr Freunde, Familie oder f\u00fcr sich selbst. Sie verbinden pflegende Inhaltsstoffe mit einem liebevollen, \u00e4sthetischen Design, das Freude beim Auspacken und Benutzen bereitet.<\/p>\n<h3 data-start=\"1256\" data-end=\"1280\"><strong data-start=\"1260\" data-end=\"1278\">Besonderheiten<\/strong><\/h3>\n<ul data-start=\"1281\" data-end=\"1610\">\n<li data-start=\"1281\" data-end=\"1341\">\n<p data-start=\"1283\" data-end=\"1341\">Handgefertigt in kleinen Chargen, jedes St\u00fcck ein Unikat<\/p>\n<\/li>\n<li data-start=\"1342\" data-end=\"1394\">\n<p data-start=\"1344\" data-end=\"1394\">Pflegende \u00d6le und Fette f\u00fcr sanfte Hautreinigung<\/p>\n<\/li>\n<li data-start=\"1395\" data-end=\"1447\">\n<p data-start=\"1397\" data-end=\"1447\">Farbenfrohe Gestaltung, passend zum Sternzeichen<\/p>\n<\/li>\n<li data-start=\"1448\" data-end=\"1523\">\n<p data-start=\"1450\" data-end=\"1523\">Praktische Verpackung im Kunststoffbeutel mit sch\u00f6nem Papierhintergrund<\/p>\n<\/li>\n<li data-start=\"1524\" data-end=\"1610\">\n<p data-start=\"1526\" data-end=\"1610\">Ideal als kleine Aufmerksamkeit, Mitbringsel oder dekoratives Badezimmer-Highlight<\/p>\n<\/li>\n<\/ul>\n<h1 data-start=\"1617\" data-end=\"1666\"><strong data-start=\"1619\" data-end=\"1664\">INCI\u00a0<\/strong><\/h1>\n<p data-start=\"1667\" data-end=\"2188\">Sodium Tallowate (BIO Rindertalg)<br data-start=\"1705\" data-end=\"1708\" \/>Sodium Cocoate (BIO Kokos\u00f6l)<br data-start=\"1739\" data-end=\"1742\" \/>Sodium Olivate (BIO Oliven\u00f6l)<br data-start=\"1776\" data-end=\"1779\" \/>Aqua (Destilliertes Wasser)<br data-start=\"1796\" data-end=\"1799\" \/>Sodium Hydroxide (\u00c4tznatron)<br data-start=\"1831\" data-end=\"1834\" \/>Sodium Sunflowerseedate (BIO Sonnenblumen\u00f6l)<br data-start=\"1883\" data-end=\"1886\" \/>Organic Geranium Essential Oil &#8211; Rose (\u00c4therisches Geranien\u00f6l)<br data-start=\"1952\" data-end=\"1955\" \/>CI 77891 (Titandioxid), CI 77019 (Mica), CI 77288 (Chromoxidgr\u00fcn), CI 77007, CI 77491, CI 77492, CI 77861, CI 77742, Fluorphlogopite (Glimmerpigmente)<br data-start=\"2109\" data-end=\"2112\" \/>Allergene im Parfum: Citronellol, Geraniol, Linalool, Citral, Limonene<\/p>\n","protected":false},"excerpt":{"rendered":"<p>Liebevoll handgemachte Sternzeichen-Seifen in praktischem Kunststoffbeutel mit Beschreibung der positiven Charaktereigenschaften. Jede Seife ist ein kleines Geschenk voller Sorgfalt und Kreativit\u00e4t \u2013 ideal als Mitbringsel oder f\u00fcr die eigene Pflegeroutine.<\/p>\n<p>Gewicht: 20 g<\/p>\n","protected":false},"featured_media":1349,"comment_status":"open","ping_status":"closed","template":"","meta":[],"product_brand":[63,67],"product_cat":[55,73,53,97],"product_tag":[],"class_list":{"0":"post-2271","1":"product","2":"type-product","3":"status-publish","4":"has-post-thumbnail","6":"product_brand-h-schwaiger-naturseifen","7":"product_brand-naturseifen-motive","8":"product_cat-geschenksideen","9":"product_cat-motivseifen","10":"product_cat-naturseifen","11":"product_cat-spezial-seifen","13":"first","14":"outofstock","15":"featured","16":"purchasable","17":"product-type-variable","18":"customify-col","19":"product-has-gallery"},"_links":{"self":[{"href":"https:\/\/www.lichendorf.at\/hschwaiger\/index.php?rest_route=\/wp\/v2\/product\/2271","targetHints":{"allow":["GET"]}}],"collection":[{"href":"https:\/\/www.lichendorf.at\/hschwaiger\/index.php?rest_route=\/wp\/v2\/product"}],"about":[{"href":"https:\/\/www.lichendorf.at\/hschwaiger\/index.php?rest_route=\/wp\/v2\/types\/product"}],"replies":[{"embeddable":true,"href":"https:\/\/www.lichendorf.at\/hschwaiger\/index.php?rest_route=%2Fwp%2Fv2%2Fcomments&post=2271"}],"wp:featuredmedia":[{"embeddable":true,"href":"https:\/\/www.lichendorf.at\/hschwaiger\/index.php?rest_route=\/wp\/v2\/media\/1349"}],"wp:attachment":[{"href":"https:\/\/www.lichendorf.at\/hschwaiger\/index.php?rest_route=%2Fwp%2Fv2%2Fmedia&parent=2271"}],"wp:term":[{"taxonomy":"product_brand","embeddable":true,"href":"https:\/\/www.lichendorf.at\/hschwaiger\/index.php?rest_route=%2Fwp%2Fv2%2Fproduct_brand&post=2271"},{"taxonomy":"product_cat","embeddable":true,"href":"https:\/\/www.lichendorf.at\/hschwaiger\/index.php?rest_route=%2Fwp%2Fv2%2Fproduct_cat&post=2271"},{"taxonomy":"product_tag","embeddable":true,"href":"https:\/\/www.lichendorf.at\/hschwaiger\/index.php?rest_route=%2Fwp%2Fv2%2Fproduct_tag&post=2271"}],"curies":[{"name":"wp","href":"https:\/\/api.w.org\/{rel}","templated":true}]}}