{"id":2334,"date":"2025-11-07T13:46:06","date_gmt":"2025-11-07T12:46:06","guid":{"rendered":"https:\/\/www.lichendorf.at\/hschwaiger\/?post_type=product&#038;p=2334"},"modified":"2026-01-19T07:59:20","modified_gmt":"2026-01-19T06:59:20","slug":"steirersalbe-pechsalbe-mit-cbd","status":"publish","type":"product","link":"https:\/\/www.lichendorf.at\/hschwaiger\/?product=steirersalbe-pechsalbe-mit-cbd","title":{"rendered":"Steirersalbe \/ Pechsalbe mit CBD"},"content":{"rendered":"<p data-start=\"603\" data-end=\"687\"><strong data-start=\"603\" data-end=\"687\">Tradition, Handwerk &amp; Wirkstoffpflege \u2013 vereint in einer einzigartigen Hautsalbe<\/strong><\/p>\n<p data-start=\"689\" data-end=\"1236\">Diese exklusive Salbe verbindet altbew\u00e4hrte heimische Rohstoffe mit modernen, hautfreundlichen Wirkstoffen und ist damit ein echtes Highlight f\u00fcr alle, die Nat\u00fcrlichkeit und Qualit\u00e4t lieben.<br data-start=\"879\" data-end=\"882\" \/>Die Inspiration kommt aus der Steiermark \u2013 aus dem Spruch <em data-start=\"940\" data-end=\"975\">\u201eSteirerbluat is koa Himbeersaft\u201c<\/em>. Genau wie dieser Ausdruck steht auch diese Pech-Salbe f\u00fcr St\u00e4rke, Erdverbundenheit und urspr\u00fcngliche Kraft. Das Produkt ist bewusst reduziert, kompromisslos nat\u00fcrlich und steckt voller wertvoller Inhaltsstoffe, die man in dieser Kombination nur selten findet.<\/p>\n<h3 data-start=\"1238\" data-end=\"1280\"><strong data-start=\"1242\" data-end=\"1280\">Was diese Salbe so besonders macht<\/strong><\/h3>\n<ul data-start=\"1281\" data-end=\"2246\">\n<li data-start=\"1281\" data-end=\"1471\">\n<p data-start=\"1283\" data-end=\"1471\"><strong data-start=\"1283\" data-end=\"1298\">Pech (Harz)<\/strong> \u2013 selten verwendet, aber unglaublich wertvoll. Es wirkt sch\u00fctzend, unterst\u00fctzt die Hautregeneration und verleiht der Salbe ihren charakteristischen, naturbelassenen Duft.<\/p>\n<\/li>\n<li data-start=\"1472\" data-end=\"1636\">\n<p data-start=\"1474\" data-end=\"1636\"><strong data-start=\"1474\" data-end=\"1502\">Steirisches K\u00fcrbiskern\u00f6l<\/strong> \u2013 reich an pflegenden Fetts\u00e4uren, antioxidativ und sehr hochwertig. Ein regionaler Schatz, der trockene Haut besonders weich macht.<\/p>\n<\/li>\n<li data-start=\"1637\" data-end=\"1709\">\n<p data-start=\"1639\" data-end=\"1709\"><strong data-start=\"1639\" data-end=\"1649\">Hanf\u00f6l<\/strong> \u2013 beruhigend, ausgleichend und ideal f\u00fcr irritierte Haut.<\/p>\n<\/li>\n<li data-start=\"1710\" data-end=\"1839\">\n<p data-start=\"1712\" data-end=\"1839\"><strong data-start=\"1712\" data-end=\"1733\">Lindenbl\u00fctenhonig<\/strong> \u2013 feuchtigkeitsspendend und hautberuhigend; ein regionales Naturprodukt, das selten in Salben vorkommt.<\/p>\n<\/li>\n<li data-start=\"1840\" data-end=\"1917\">\n<p data-start=\"1842\" data-end=\"1917\"><strong data-start=\"1842\" data-end=\"1857\">Bienenwachs<\/strong> \u2013 bildet einen sanften Schutzfilm &amp; bewahrt Feuchtigkeit.<\/p>\n<\/li>\n<li data-start=\"1918\" data-end=\"2053\">\n<p data-start=\"1920\" data-end=\"2053\"><strong data-start=\"1920\" data-end=\"1949\">Provitamin B5 (Panthenol)<\/strong> \u2013 ein moderner Wirkstoff, der die Hautregeneration unterst\u00fctzt und f\u00fcr glatte, entspannte Haut sorgt.<\/p>\n<\/li>\n<li data-start=\"2054\" data-end=\"2158\">\n<p data-start=\"2056\" data-end=\"2158\"><strong data-start=\"2056\" data-end=\"2073\">Seidenprotein<\/strong> \u2013 verleiht ein seidig-weiches Hautgef\u00fchl und unterst\u00fctzt die Feuchtigkeitsbindung.<\/p>\n<\/li>\n<li data-start=\"2159\" data-end=\"2246\">\n<p data-start=\"2161\" data-end=\"2246\"><strong data-start=\"2161\" data-end=\"2174\">Vitamin E<\/strong> \u2013 sch\u00fctzt die \u00d6le, wirkt antioxidativ und pflegt die Haut zus\u00e4tzlich.<\/p>\n<\/li>\n<\/ul>\n<p data-start=\"2248\" data-end=\"2405\">Diese Kombination macht die Salbe zu einem vielseitigen Pflegetalent \u2013 perfekt f\u00fcr trockene, strapazierte Haut, raue Stellen, Ellenbogen, H\u00e4nde oder Beine.<\/p>\n<p data-start=\"2407\" data-end=\"2490\">Ein Produkt, das Tradition sp\u00fcrbar macht \u2013 und die Steiermark in jeder Faser tr\u00e4gt.<\/p>\n<p data-start=\"2407\" data-end=\"2490\"><strong data-start=\"2499\" data-end=\"2513\">INCI-Liste<br \/>\n<\/strong><\/p>\n<p data-start=\"2407\" data-end=\"2490\">Picea Abies Resin, Larix Decidua Resin (Fichten- und Lerchenharz)<br \/>\nOlea Europaea Fruit Oil (Oliven\u00f6l BIO)<br \/>\nCera Alba (Bienenwachs BIO)<br \/>\nCucurbita Pepo Seed Oil (K\u00fcrbiskern\u00f6l BIO)<br \/>\nCannabis Sativa Seed Oil (Hanf\u00f6l BIO)<br \/>\nMel (Lindenbl\u00fctenhonig BIO)<br \/>\nPanthenol (Provitamin B5)<br \/>\nHydrolyzed Silk (Seidenprotein)<br \/>\nTocopherol (Vitamin E \u00d6l)<\/p>\n","protected":false},"excerpt":{"rendered":"<h3 data-start=\"6870\" data-end=\"6899\">Steirersalbe \u2013 30\u202fml<\/h3>\n<p data-start=\"6900\" data-end=\"7038\"><strong data-start=\"6900\" data-end=\"6923\">Kurze Beschreibung:<\/strong><br data-start=\"6923\" data-end=\"6926\" \/>Eine reichhaltige Pflegekomposition aus Pech, Oliven\u00f6l, Bienenwachs, K\u00fcrbiskern\u00f6l, Hanf\u00f6l, Lindenbl\u00fctenhonig sowie Provitamin B5, Vitamin E und Seidenprotein. Diese Salbe pflegt intensiv, sch\u00fctzt trockene Haut und bringt traditionelle steirische Rohstoffe mit moderner Wirkstoffkosmetik zusammen.<\/p>\n","protected":false},"featured_media":2481,"comment_status":"open","ping_status":"closed","template":"","meta":[],"product_brand":[118],"product_cat":[48],"product_tag":[120,119],"class_list":{"0":"post-2334","1":"product","2":"type-product","3":"status-publish","4":"has-post-thumbnail","6":"product_brand-steirerlinie","7":"product_cat-salben","8":"product_tag-harzsalbe","9":"product_tag-pechsalbe","10":"product_shipping_class-versandfertig-in-1-3-werktagen","12":"first","13":"instock","14":"shipping-taxable","15":"purchasable","16":"product-type-simple","17":"customify-col","18":"product-has-gallery"},"_links":{"self":[{"href":"https:\/\/www.lichendorf.at\/hschwaiger\/index.php?rest_route=\/wp\/v2\/product\/2334","targetHints":{"allow":["GET"]}}],"collection":[{"href":"https:\/\/www.lichendorf.at\/hschwaiger\/index.php?rest_route=\/wp\/v2\/product"}],"about":[{"href":"https:\/\/www.lichendorf.at\/hschwaiger\/index.php?rest_route=\/wp\/v2\/types\/product"}],"replies":[{"embeddable":true,"href":"https:\/\/www.lichendorf.at\/hschwaiger\/index.php?rest_route=%2Fwp%2Fv2%2Fcomments&post=2334"}],"wp:featuredmedia":[{"embeddable":true,"href":"https:\/\/www.lichendorf.at\/hschwaiger\/index.php?rest_route=\/wp\/v2\/media\/2481"}],"wp:attachment":[{"href":"https:\/\/www.lichendorf.at\/hschwaiger\/index.php?rest_route=%2Fwp%2Fv2%2Fmedia&parent=2334"}],"wp:term":[{"taxonomy":"product_brand","embeddable":true,"href":"https:\/\/www.lichendorf.at\/hschwaiger\/index.php?rest_route=%2Fwp%2Fv2%2Fproduct_brand&post=2334"},{"taxonomy":"product_cat","embeddable":true,"href":"https:\/\/www.lichendorf.at\/hschwaiger\/index.php?rest_route=%2Fwp%2Fv2%2Fproduct_cat&post=2334"},{"taxonomy":"product_tag","embeddable":true,"href":"https:\/\/www.lichendorf.at\/hschwaiger\/index.php?rest_route=%2Fwp%2Fv2%2Fproduct_tag&post=2334"}],"curies":[{"name":"wp","href":"https:\/\/api.w.org\/{rel}","templated":true}]}}