{"id":2441,"date":"2025-11-15T12:14:45","date_gmt":"2025-11-15T11:14:45","guid":{"rendered":"https:\/\/www.lichendorf.at\/hschwaiger\/?post_type=product&#038;p=2441"},"modified":"2025-12-01T15:21:20","modified_gmt":"2025-12-01T14:21:20","slug":"steirer-lippenpflege","status":"publish","type":"product","link":"https:\/\/www.lichendorf.at\/hschwaiger\/?product=steirer-lippenpflege","title":{"rendered":"Steirer Lippenpflege mit BIO-K\u00fcrbiskern\u00f6l"},"content":{"rendered":"<p data-start=\"535\" data-end=\"597\"><strong data-start=\"535\" data-end=\"597\">Pflege, die man schmeckt \u2013 Tradition trifft Wirkstoffkraft<\/strong><\/p>\n<p data-start=\"599\" data-end=\"884\">Diese Lippenpflege ist ein echtes Highlight f\u00fcr alle, die Wert auf Nat\u00fcrlichkeit, regionale Rohstoffe und intensive Pflege legen. Inspiriert von der Steiermark und dem Spruch <em data-start=\"774\" data-end=\"809\">\u201eSteirerbluat is koa Himbeersaft\u201c<\/em>, steht der Lippenbalsam f\u00fcr St\u00e4rke, Urspr\u00fcnglichkeit und echte Qualit\u00e4t.<\/p>\n<h3 data-start=\"886\" data-end=\"931\"><strong data-start=\"890\" data-end=\"931\">Besonderheiten, die man selten findet<\/strong><\/h3>\n<ul data-start=\"932\" data-end=\"1484\">\n<li data-start=\"932\" data-end=\"1030\">\n<p data-start=\"934\" data-end=\"1030\"><strong data-start=\"934\" data-end=\"953\">BIO-Bienenwachs<\/strong> \u2013 bildet einen sanften Schutzfilm und bewahrt die Feuchtigkeit der Lippen.<\/p>\n<\/li>\n<li data-start=\"1031\" data-end=\"1129\">\n<p data-start=\"1033\" data-end=\"1129\"><strong data-start=\"1033\" data-end=\"1070\">BIO-K\u00fcrbiskern\u00f6l &amp; BIO-CBD-Hanf\u00f6l<\/strong> \u2013 pflegen intensiv, wirken beruhigend und regenerierend.<\/p>\n<\/li>\n<li data-start=\"1130\" data-end=\"1232\">\n<p data-start=\"1132\" data-end=\"1232\"><strong data-start=\"1132\" data-end=\"1168\">BIO-Sheabutter &amp; BIO-Kakaobutter<\/strong> \u2013 reichhaltige Fette, die trockene Lippen geschmeidig machen.<\/p>\n<\/li>\n<li data-start=\"1233\" data-end=\"1315\">\n<p data-start=\"1235\" data-end=\"1315\"><strong data-start=\"1235\" data-end=\"1256\">BIO-Aloe Vera Gel<\/strong> \u2013 spendet Feuchtigkeit und beruhigt empfindliche Lippen.<\/p>\n<\/li>\n<li data-start=\"1316\" data-end=\"1377\">\n<p data-start=\"1318\" data-end=\"1377\"><strong data-start=\"1318\" data-end=\"1331\">BIO-Honig<\/strong> \u2013 wirkt pflegend und leicht antibakteriell.<\/p>\n<\/li>\n<li data-start=\"1378\" data-end=\"1484\">\n<p data-start=\"1380\" data-end=\"1484\"><strong data-start=\"1380\" data-end=\"1411\">Vitamin E, Seidenprotein und Provitamin B5<\/strong> \u2013 unterst\u00fctzen die Hautregeneration und sch\u00fctzen vor freien Radikalen.<\/p>\n<\/li>\n<\/ul>\n<p data-start=\"1486\" data-end=\"1710\">Der Balsam schmilzt sanft auf den Lippen, hinterl\u00e4sst ein geschmeidiges Gef\u00fchl und vereint regionale Tradition mit moderner Hautpflege. Ideal f\u00fcr den t\u00e4glichen Gebrauch, besonders bei kaltem Wetter oder trockener Raumluft.<\/p>\n<p>&nbsp;<\/p>\n<p data-start=\"6277\" data-end=\"6863\"><strong data-start=\"6277\" data-end=\"6286\">INCI:<\/strong><\/p>\n<p data-start=\"6277\" data-end=\"6863\">Cera Alba (Bienenwachs BIO)<br \/>\nSodium Cucurbate (K\u00fcrbiskern\u00f6l BIO)<br \/>\nSodium Hemp Seedate (CBD-Hanf\u00f6l BIO)<br \/>\nSodium Shea Butterate (Sheabutter BIO)<br \/>\nSodium Theobroma Cacaoate (Kakaobutter BIO)<br \/>\nAloe Barbadensis Fresh Leaf Juice (Aloe Vera Gel BIO)<br \/>\nMethyl Glucose Sesquistearate (Emulsan)<br \/>\nMel (Honig BIO)<br \/>\nPARFUM: Cymbopogon Nardus Oil (\u00c4therisches \u00d6l Zitronenmelisse)<br \/>\nHydrolyzed Silk Protein (Seidenprotein)<br \/>\nPanthenol (Provitamin B5)<br \/>\nD-Alpha-Tocopherol (Vitamin E \u00d6l)<br \/>\nDehydroacetic Acid &amp; Benzyl Alcohol (Konservierung)<br \/>\nAllergene im Parfum: Citronellol, Geraniol, Limonene, Eugenol, Linalool, Farsenol<\/p>\n","protected":false},"excerpt":{"rendered":"<p data-start=\"5148\" data-end=\"5285\">Reichhaltiger Lippenbalsam mit BIO-Bienenwachs, K\u00fcrbiskern\u00f6l, CBD-Hanf\u00f6l, Sheabutter, Kakaobutter, Aloe Vera Gel und Honig. Pflegt trockene Lippen intensiv, sch\u00fctzt sie vor Austrocknung und verbindet steirische Tradition mit moderner Wirkstoffpflege.<\/p>\n<p data-start=\"5148\" data-end=\"5285\">Inhalt: 6 g<\/p>\n","protected":false},"featured_media":2480,"comment_status":"open","ping_status":"closed","template":"","meta":[],"product_brand":[118],"product_cat":[50],"product_tag":[132,133,131,40,130],"class_list":{"0":"post-2441","1":"product","2":"type-product","3":"status-publish","4":"has-post-thumbnail","6":"product_brand-steirerlinie","7":"product_cat-lippenpflege","8":"product_tag-fettstift","9":"product_tag-fieberblasen","10":"product_tag-labello","11":"product_tag-lippenpflege","12":"product_tag-lippenstift","13":"product_shipping_class-versandfertig-in-1-3-werktagen","15":"first","16":"instock","17":"shipping-taxable","18":"purchasable","19":"product-type-simple","20":"customify-col","21":"product-has-gallery"},"_links":{"self":[{"href":"https:\/\/www.lichendorf.at\/hschwaiger\/index.php?rest_route=\/wp\/v2\/product\/2441","targetHints":{"allow":["GET"]}}],"collection":[{"href":"https:\/\/www.lichendorf.at\/hschwaiger\/index.php?rest_route=\/wp\/v2\/product"}],"about":[{"href":"https:\/\/www.lichendorf.at\/hschwaiger\/index.php?rest_route=\/wp\/v2\/types\/product"}],"replies":[{"embeddable":true,"href":"https:\/\/www.lichendorf.at\/hschwaiger\/index.php?rest_route=%2Fwp%2Fv2%2Fcomments&post=2441"}],"wp:featuredmedia":[{"embeddable":true,"href":"https:\/\/www.lichendorf.at\/hschwaiger\/index.php?rest_route=\/wp\/v2\/media\/2480"}],"wp:attachment":[{"href":"https:\/\/www.lichendorf.at\/hschwaiger\/index.php?rest_route=%2Fwp%2Fv2%2Fmedia&parent=2441"}],"wp:term":[{"taxonomy":"product_brand","embeddable":true,"href":"https:\/\/www.lichendorf.at\/hschwaiger\/index.php?rest_route=%2Fwp%2Fv2%2Fproduct_brand&post=2441"},{"taxonomy":"product_cat","embeddable":true,"href":"https:\/\/www.lichendorf.at\/hschwaiger\/index.php?rest_route=%2Fwp%2Fv2%2Fproduct_cat&post=2441"},{"taxonomy":"product_tag","embeddable":true,"href":"https:\/\/www.lichendorf.at\/hschwaiger\/index.php?rest_route=%2Fwp%2Fv2%2Fproduct_tag&post=2441"}],"curies":[{"name":"wp","href":"https:\/\/api.w.org\/{rel}","templated":true}]}}