{"id":2442,"date":"2025-11-15T12:23:40","date_gmt":"2025-11-15T11:23:40","guid":{"rendered":"https:\/\/www.lichendorf.at\/hschwaiger\/?post_type=product&#038;p=2442"},"modified":"2026-02-24T12:08:46","modified_gmt":"2026-02-24T11:08:46","slug":"steirer-badebombe-mit-bio-kuerbiskernoel","status":"publish","type":"product","link":"https:\/\/www.lichendorf.at\/hschwaiger\/?product=steirer-badebombe-mit-bio-kuerbiskernoel","title":{"rendered":"Steirer Badebombe mit BIO-K\u00fcrbiskern\u00f6l"},"content":{"rendered":"<p data-start=\"473\" data-end=\"546\"><strong data-start=\"473\" data-end=\"546\">Sprudelnde Entspannung aus der Steiermark \u2013 Pflege f\u00fcr Haut und Sinne<\/strong><\/p>\n<p data-start=\"548\" data-end=\"827\">Unsere Steirer-Badebombe verbindet die Kraft der Natur mit modernen Wirkstoffen. Inspiriert von der Steiermark und dem Spruch <em data-start=\"674\" data-end=\"709\">\u201eSteirerbluat is koa Himbeersaft\u201c<\/em>, steht sie f\u00fcr Qualit\u00e4t, Urspr\u00fcnglichkeit und nat\u00fcrliche Pflege \u2013 perfekt f\u00fcr entspannende Badeerlebnisse zu Hause.<\/p>\n<h3 data-start=\"829\" data-end=\"874\"><strong data-start=\"833\" data-end=\"874\">Besonderheiten, die man selten findet<\/strong><\/h3>\n<ul data-start=\"875\" data-end=\"1528\">\n<li data-start=\"875\" data-end=\"987\">\n<p data-start=\"877\" data-end=\"987\"><strong data-start=\"877\" data-end=\"914\">BIO-K\u00fcrbiskern\u00f6l &amp; BIO-CBD-Hanf\u00f6l<\/strong> \u2013 pflegen intensiv, wirken beruhigend und machen die Haut geschmeidig.<\/p>\n<\/li>\n<li data-start=\"988\" data-end=\"1048\">\n<p data-start=\"990\" data-end=\"1048\"><strong data-start=\"990\" data-end=\"1007\">Seidenprotein<\/strong> \u2013 hinterl\u00e4sst ein samtiges Hautgef\u00fchl.<\/p>\n<\/li>\n<li data-start=\"1049\" data-end=\"1136\">\n<p data-start=\"1051\" data-end=\"1136\"><strong data-start=\"1051\" data-end=\"1080\">Provitamin B5 (Panthenol)<\/strong> \u2013 unterst\u00fctzt die Regeneration trockener Hautpartien.<\/p>\n<\/li>\n<li data-start=\"1137\" data-end=\"1204\">\n<p data-start=\"1139\" data-end=\"1204\"><strong data-start=\"1139\" data-end=\"1152\">BIO-Honig<\/strong> \u2013 spendet Feuchtigkeit und pflegt die Haut sanft.<\/p>\n<\/li>\n<li data-start=\"1205\" data-end=\"1315\">\n<p data-start=\"1207\" data-end=\"1315\"><strong data-start=\"1207\" data-end=\"1268\">Zart duftendes Gei\u00dfblattparfum (Honeysuckle Fragrant Oil)<\/strong> \u2013 macht das Badeerlebnis besonders angenehm.<\/p>\n<\/li>\n<li data-start=\"1316\" data-end=\"1425\">\n<p data-start=\"1318\" data-end=\"1425\"><strong data-start=\"1318\" data-end=\"1383\">Farbige Highlights durch Mica, Titanoxid und Gr\u00fcnes Chromoxid<\/strong> \u2013 f\u00fcr ein stimmungsvolles Badeerlebnis.<\/p>\n<\/li>\n<li data-start=\"1426\" data-end=\"1528\">\n<p data-start=\"1428\" data-end=\"1528\"><strong data-start=\"1428\" data-end=\"1475\">Sprudelwirkung durch Natron &amp; Zitronens\u00e4ure<\/strong> \u2013 sorgt f\u00fcr prickelnden Badespa\u00df und Wohlbefinden.<\/p>\n<\/li>\n<\/ul>\n<p data-start=\"1530\" data-end=\"1675\">Diese Badebombe verwandelt jedes Bad in ein kleines Wellness-Ritual, pflegt die Haut und bringt die steirische Tradition direkt ins Badezimmer.<\/p>\n<p data-start=\"1530\" data-end=\"1675\">\n<p data-start=\"1530\" data-end=\"1675\">INCI<\/p>\n<p data-start=\"1530\" data-end=\"1675\">Sodium Bicarbonate (Natron)<br \/>\nCitric Acid (Zitronens\u00e4ure)<br \/>\nParfum: Honeysuckle Fragrant Oil (Gei\u00dfblatt Parfum)<br \/>\nPotassium Bitartrate (Weinstein)<br \/>\nZea Mays Starch (Maisst\u00e4rke)<br \/>\nSodium Cocoyl Isethionate (SCI Pulver)<br \/>\nPanthenol (Provitamin B5)<br \/>\nHydrolyzed Silk Protein (Seidenprotein)<br \/>\nD-Alpha-Tocopherol (Vitamin E \u00d6l)<br \/>\nAqua (Wasser)<br \/>\nMel (Honig BIO)<br \/>\nSodium Hemp Seedate (CBD-Hanf\u00f6l BIO)<br \/>\nSodium Cucurbate (K\u00fcrbiskern\u00f6l BIO)<br \/>\nPolysorbate 80<br \/>\nTitanium Dioxide, Mica, Chromium Oxide Green, Tin Oxide (Mica Tannengr\u00fcn)<br \/>\nAllergene im Parfum: Linalool, Amyl Cinnamal, Geraniol, Eugenol, Limonene<\/p>\n","protected":false},"excerpt":{"rendered":"<h3 data-start=\"3604\" data-end=\"3638\">Steirer Badebombe \u2013 100\u202fg<\/h3>\n<p data-start=\"3639\" data-end=\"3812\"><strong data-start=\"3639\" data-end=\"3662\">Kurze Beschreibung:<\/strong><br data-start=\"3662\" data-end=\"3665\" \/>Sprudelnde Steirer-Badebombe mit BIO-K\u00fcrbiskern\u00f6l, CBD-Hanf\u00f6l, Seidenprotein und Provitamin B5. Pflegt die Haut sanft, schenkt Entspannung und ein farbenfrohes Badeerlebnis mit zartem Gei\u00dfblattduft.<\/p>\n<p data-start=\"3814\" data-end=\"3909\">\n","protected":false},"featured_media":2482,"comment_status":"open","ping_status":"closed","template":"","meta":[],"product_brand":[118],"product_cat":[124],"product_tag":[128,126,125,127,129],"class_list":{"0":"post-2442","1":"product","2":"type-product","3":"status-publish","4":"has-post-thumbnail","6":"product_brand-steirerlinie","7":"product_cat-badezusatz","8":"product_tag-badebombe","9":"product_tag-badesalz","10":"product_tag-magnesiumbad","11":"product_tag-muskel","12":"product_tag-sprudelbome","13":"product_shipping_class-versandfertig-in-1-3-werktagen","15":"first","16":"instock","17":"shipping-taxable","18":"purchasable","19":"product-type-simple","20":"customify-col"},"_links":{"self":[{"href":"https:\/\/www.lichendorf.at\/hschwaiger\/index.php?rest_route=\/wp\/v2\/product\/2442","targetHints":{"allow":["GET"]}}],"collection":[{"href":"https:\/\/www.lichendorf.at\/hschwaiger\/index.php?rest_route=\/wp\/v2\/product"}],"about":[{"href":"https:\/\/www.lichendorf.at\/hschwaiger\/index.php?rest_route=\/wp\/v2\/types\/product"}],"replies":[{"embeddable":true,"href":"https:\/\/www.lichendorf.at\/hschwaiger\/index.php?rest_route=%2Fwp%2Fv2%2Fcomments&post=2442"}],"wp:featuredmedia":[{"embeddable":true,"href":"https:\/\/www.lichendorf.at\/hschwaiger\/index.php?rest_route=\/wp\/v2\/media\/2482"}],"wp:attachment":[{"href":"https:\/\/www.lichendorf.at\/hschwaiger\/index.php?rest_route=%2Fwp%2Fv2%2Fmedia&parent=2442"}],"wp:term":[{"taxonomy":"product_brand","embeddable":true,"href":"https:\/\/www.lichendorf.at\/hschwaiger\/index.php?rest_route=%2Fwp%2Fv2%2Fproduct_brand&post=2442"},{"taxonomy":"product_cat","embeddable":true,"href":"https:\/\/www.lichendorf.at\/hschwaiger\/index.php?rest_route=%2Fwp%2Fv2%2Fproduct_cat&post=2442"},{"taxonomy":"product_tag","embeddable":true,"href":"https:\/\/www.lichendorf.at\/hschwaiger\/index.php?rest_route=%2Fwp%2Fv2%2Fproduct_tag&post=2442"}],"curies":[{"name":"wp","href":"https:\/\/api.w.org\/{rel}","templated":true}]}}