{"id":2444,"date":"2025-11-15T12:38:14","date_gmt":"2025-11-15T11:38:14","guid":{"rendered":"https:\/\/www.lichendorf.at\/hschwaiger\/?post_type=product&#038;p=2444"},"modified":"2025-12-01T15:20:16","modified_gmt":"2025-12-01T14:20:16","slug":"steirer-badesalz-mit-bio-kuerbiskernoel","status":"publish","type":"product","link":"https:\/\/www.lichendorf.at\/hschwaiger\/?product=steirer-badesalz-mit-bio-kuerbiskernoel","title":{"rendered":"Steirer Badesalz mit BIO K\u00fcrbiskern\u00f6l"},"content":{"rendered":"<p data-start=\"538\" data-end=\"613\"><strong data-start=\"538\" data-end=\"613\">Magnesium trifft steirische Tradition \u2013 Entspannung f\u00fcr K\u00f6rper und Haut<\/strong><\/p>\n<p data-start=\"615\" data-end=\"906\">Dieses exklusive Magnesiumbadesalz verbindet wirksame Entspannung mit intensiver Hautpflege. Inspiriert von der Steiermark und dem Spruch <em data-start=\"753\" data-end=\"788\">\u201eSteirerbluat is koa Himbeersaft\u201c<\/em>, vereint das Produkt regionale Rohstoffe, moderne Wirkstoffe und nat\u00fcrliche Pflege f\u00fcr ein besonderes Badeerlebnis.<\/p>\n<h3 data-start=\"908\" data-end=\"951\"><strong data-start=\"912\" data-end=\"951\">Was dieses Badesalz besonders macht<\/strong><\/h3>\n<ul data-start=\"952\" data-end=\"1675\">\n<li data-start=\"952\" data-end=\"1091\">\n<p data-start=\"954\" data-end=\"1091\"><strong data-start=\"954\" data-end=\"992\">Magnesiumsalze (Magnesium Sulfate)<\/strong> \u2013 unterst\u00fctzen die Regeneration von Muskeln und f\u00f6rdern Entspannung nach k\u00f6rperlicher Belastung.<\/p>\n<\/li>\n<li data-start=\"1092\" data-end=\"1214\">\n<p data-start=\"1094\" data-end=\"1214\"><strong data-start=\"1094\" data-end=\"1131\">BIO-K\u00fcrbiskern\u00f6l &amp; BIO-CBD-Hanf\u00f6l<\/strong> \u2013 pflegen die Haut intensiv, wirken beruhigend und unterst\u00fctzen die Elastizit\u00e4t.<\/p>\n<\/li>\n<li data-start=\"1215\" data-end=\"1279\">\n<p data-start=\"1217\" data-end=\"1279\"><strong data-start=\"1217\" data-end=\"1234\">Seidenprotein<\/strong> \u2013 sorgt f\u00fcr ein samtig-weiches Hautgef\u00fchl.<\/p>\n<\/li>\n<li data-start=\"1280\" data-end=\"1381\">\n<p data-start=\"1282\" data-end=\"1381\"><strong data-start=\"1282\" data-end=\"1311\">Provitamin B5 (Panthenol)<\/strong> \u2013 unterst\u00fctzt die Hautregeneration und pflegt trockene Hautpartien.<\/p>\n<\/li>\n<li data-start=\"1382\" data-end=\"1483\">\n<p data-start=\"1384\" data-end=\"1483\"><strong data-start=\"1384\" data-end=\"1436\">Sanfter Gei\u00dfblattduft (Honeysuckle Fragrant Oil)<\/strong> \u2013 macht das Badeerlebnis besonders angenehm.<\/p>\n<\/li>\n<li data-start=\"1484\" data-end=\"1583\">\n<p data-start=\"1486\" data-end=\"1583\"><strong data-start=\"1486\" data-end=\"1528\">SCI Pulver (Sodium Cocoyl Isethionate)<\/strong> \u2013 mildes Tensid, das f\u00fcr weiches Wassergef\u00fchl sorgt.<\/p>\n<\/li>\n<li data-start=\"1584\" data-end=\"1675\">\n<p data-start=\"1586\" data-end=\"1675\"><strong data-start=\"1586\" data-end=\"1646\">Farbliche Highlights durch Gr\u00fcnes Mica<\/strong>\u00a0\u2013 dekorativ und nat\u00fcrlich.<\/p>\n<\/li>\n<\/ul>\n<p data-start=\"1677\" data-end=\"1830\">Dieses Badesalz ist ideal f\u00fcr entspannende Wellnessmomente zu Hause, pflegt die Haut und vereint die Kraft der Steiermark mit moderner Wirkstoffpflege.<\/p>\n<p>&nbsp;<\/p>\n<p data-start=\"3220\" data-end=\"3597\"><strong data-start=\"3220\" data-end=\"3229\">INCI:<\/strong><br \/>\n<br data-start=\"3229\" data-end=\"3232\" \/>Magnesium Sulfate (Magnesiumsalz)<br \/>\nSodium Cocoyl Isethionate (SCI Pulver)<br \/>\nHoneysuckle Fragrant Oil (Gei\u00dfblatt Parfum)<br \/>\nPanthenol (Provitamin B5)<br \/>\nSodium Cucurbate (K\u00fcrbiskern\u00f6l BIO)<br \/>\nSodium Hemp Seedate (CBD-Hanf\u00f6l BIO)<br \/>\nHydrolyzed Silk Protein (Seidenprotein)<br \/>\nTitanium Dioxide, Mica, Chromium Oxide Green, Tin Oxide (Gr\u00fcnes Mica)<br \/>\nPolysorbate 80<br \/>\nAllergene im Parfum: Linalool, Amyl Cinnamal, Geraniol, Eugenol, Limonene<\/p>\n","protected":false},"excerpt":{"rendered":"<h3 data-start=\"2149\" data-end=\"2198\">Steirer Luxus-Magnesium-Badesalz \u2013 250\u202fg<\/h3>\n<p data-start=\"2199\" data-end=\"2392\"><strong data-start=\"2199\" data-end=\"2222\">Kurze Beschreibung:<\/strong><br data-start=\"2222\" data-end=\"2225\" \/>Entspannendes Magnesiumbadesalz mit BIO-K\u00fcrbiskern\u00f6l, CBD-Hanf\u00f6l, Seidenprotein und Provitamin B5. Unterst\u00fctzt die Regeneration nach Belastung, pflegt die Haut sanft und sorgt f\u00fcr ein wohltuendes Badeerlebnis mit feinem Gei\u00dfblattduft.<\/p>\n","protected":false},"featured_media":2479,"comment_status":"open","ping_status":"closed","template":"","meta":[],"product_brand":[118],"product_cat":[124],"product_tag":[126,125,127],"class_list":{"0":"post-2444","1":"product","2":"type-product","3":"status-publish","4":"has-post-thumbnail","6":"product_brand-steirerlinie","7":"product_cat-badezusatz","8":"product_tag-badesalz","9":"product_tag-magnesiumbad","10":"product_tag-muskel","11":"product_shipping_class-versandfertig-in-1-3-werktagen","13":"first","14":"instock","15":"shipping-taxable","16":"purchasable","17":"product-type-simple","18":"customify-col"},"_links":{"self":[{"href":"https:\/\/www.lichendorf.at\/hschwaiger\/index.php?rest_route=\/wp\/v2\/product\/2444","targetHints":{"allow":["GET"]}}],"collection":[{"href":"https:\/\/www.lichendorf.at\/hschwaiger\/index.php?rest_route=\/wp\/v2\/product"}],"about":[{"href":"https:\/\/www.lichendorf.at\/hschwaiger\/index.php?rest_route=\/wp\/v2\/types\/product"}],"replies":[{"embeddable":true,"href":"https:\/\/www.lichendorf.at\/hschwaiger\/index.php?rest_route=%2Fwp%2Fv2%2Fcomments&post=2444"}],"wp:featuredmedia":[{"embeddable":true,"href":"https:\/\/www.lichendorf.at\/hschwaiger\/index.php?rest_route=\/wp\/v2\/media\/2479"}],"wp:attachment":[{"href":"https:\/\/www.lichendorf.at\/hschwaiger\/index.php?rest_route=%2Fwp%2Fv2%2Fmedia&parent=2444"}],"wp:term":[{"taxonomy":"product_brand","embeddable":true,"href":"https:\/\/www.lichendorf.at\/hschwaiger\/index.php?rest_route=%2Fwp%2Fv2%2Fproduct_brand&post=2444"},{"taxonomy":"product_cat","embeddable":true,"href":"https:\/\/www.lichendorf.at\/hschwaiger\/index.php?rest_route=%2Fwp%2Fv2%2Fproduct_cat&post=2444"},{"taxonomy":"product_tag","embeddable":true,"href":"https:\/\/www.lichendorf.at\/hschwaiger\/index.php?rest_route=%2Fwp%2Fv2%2Fproduct_tag&post=2444"}],"curies":[{"name":"wp","href":"https:\/\/api.w.org\/{rel}","templated":true}]}}