{"id":2571,"date":"2025-12-01T18:29:57","date_gmt":"2025-12-01T17:29:57","guid":{"rendered":"https:\/\/www.lichendorf.at\/hschwaiger\/?post_type=product&#038;p=2571"},"modified":"2025-12-25T14:08:05","modified_gmt":"2025-12-25T13:08:05","slug":"seife-wolke-mit-schmetterling","status":"publish","type":"product","link":"https:\/\/www.lichendorf.at\/hschwaiger\/?product=seife-wolke-mit-schmetterling","title":{"rendered":"Seife &#8211; Wolke mit Schmetterling"},"content":{"rendered":"<p data-start=\"421\" data-end=\"508\"><strong data-start=\"421\" data-end=\"506\">Handgemachte Wolkenseife mit h\u00fcbschem Schmetterling \u2013 Einzigartige Geschenke voller Liebe<\/strong><\/p>\n<p data-start=\"510\" data-end=\"800\">Diese besonderen Seifen bestechen durch ihre liebevolle Handarbeit. Jede Seife ist cremewei\u00df und ist ein echtes Unikat. Perfekt geeignet, um stilvoll DANKE zu sagen.<\/p>\n<p data-start=\"802\" data-end=\"1052\">Perfekt als <strong data-start=\"814\" data-end=\"848\">Geschenk f\u00fcr besondere Anl\u00e4sse<\/strong>, Mitbringsel oder f\u00fcr die eigene Badezimmerdekoration. Die Kombination aus pflegenden \u00d6len, zarter Seifenbasis und der dekorativen Verzierung macht sie zu einem Hingucker und Wohlf\u00fchlerlebnis zugleich.<\/p>\n<h3 data-start=\"1054\" data-end=\"1078\"><strong data-start=\"1058\" data-end=\"1076\">Besonderheiten<\/strong><\/h3>\n<ul data-start=\"1079\" data-end=\"1359\">\n<li data-start=\"1079\" data-end=\"1140\">\n<p data-start=\"1081\" data-end=\"1140\">Handgefertigt in kleinen Chargen \u2013 jedes St\u00fcck ein Unikat<\/p>\n<\/li>\n<li data-start=\"1141\" data-end=\"1187\">\n<p data-start=\"1143\" data-end=\"1187\">Pflegende BIO-\u00d6le f\u00fcr sanfte Hautreinigung<\/p>\n<\/li>\n<li data-start=\"1188\" data-end=\"1240\">\n<p data-start=\"1190\" data-end=\"1240\">Cremewei\u00dfe Basis \u2013 schlicht und elegant<\/p>\n<\/li>\n<li data-start=\"1241\" data-end=\"1299\">\n<p data-start=\"1243\" data-end=\"1299\">\u00e4sthetische Verzierungen<\/p>\n<\/li>\n<li data-start=\"1300\" data-end=\"1359\">\n<p data-start=\"1302\" data-end=\"1359\">Seltenes Produkt \u2013 ideal als Geschenk oder Sammlerst\u00fcck<\/p>\n<\/li>\n<\/ul>\n<h1 data-start=\"1366\" data-end=\"1415\"><strong data-start=\"1368\" data-end=\"1413\">INCI\u00a0<\/strong><\/h1>\n<p data-start=\"1417\" data-end=\"1825\"><strong data-start=\"1417\" data-end=\"1455\">Sodium Tallowate (Rindertalg BIO)<\/strong><br data-start=\"1455\" data-end=\"1458\" \/><strong data-start=\"1458\" data-end=\"1493\">Sodium Cocoate (Kokos\u00f6l BIO)<\/strong><br data-start=\"1493\" data-end=\"1496\" \/><strong data-start=\"1496\" data-end=\"1534\">Sodium Olivate (Oliven\u00f6l BIO)<\/strong><br data-start=\"1534\" data-end=\"1537\" \/><strong data-start=\"1537\" data-end=\"1568\">Aqua (destilliertes Wasser)<\/strong><br data-start=\"1568\" data-end=\"1571\" \/><strong data-start=\"1571\" data-end=\"1603\">Sodium Hydroxide (\u00c4tznatron)<\/strong><br data-start=\"1603\" data-end=\"1606\" \/><strong data-start=\"1606\" data-end=\"1654\">Sodium Sunflowerseedate (Sonnenblumen\u00f6l BIO)<\/strong><br data-start=\"1654\" data-end=\"1657\" \/><strong data-start=\"1657\" data-end=\"1721\">Organic Geranium Essential Oil (\u00c4therisches Rosengeranien\u00f6l)<\/strong><br data-start=\"1721\" data-end=\"1724\" \/><strong data-start=\"1724\" data-end=\"1758\">Titanium Dioxide (Titandioxid)<\/strong><\/p>\n","protected":false},"excerpt":{"rendered":"<p>Handgefertigte Seifen in Wolkenform cremewei\u00df mit h\u00fcbschem Schmetterling. Jedes St\u00fcck ist liebevoll verziert. Als keines DANKESCH\u00d6N \u2013 eine besondere Geschenkidee.<\/p>\n<p>&nbsp;<\/p>\n<p>Gewicht: 45 g<\/p>\n","protected":false},"featured_media":2494,"comment_status":"open","ping_status":"closed","template":"","meta":[],"product_brand":[63],"product_cat":[55,73,53,97],"product_tag":[],"class_list":{"0":"post-2571","1":"product","2":"type-product","3":"status-publish","4":"has-post-thumbnail","6":"product_brand-h-schwaiger-naturseifen","7":"product_cat-geschenksideen","8":"product_cat-motivseifen","9":"product_cat-naturseifen","10":"product_cat-spezial-seifen","12":"first","13":"outofstock","14":"featured","15":"purchasable","16":"product-type-variable","17":"customify-col","18":"product-has-gallery"},"_links":{"self":[{"href":"https:\/\/www.lichendorf.at\/hschwaiger\/index.php?rest_route=\/wp\/v2\/product\/2571","targetHints":{"allow":["GET"]}}],"collection":[{"href":"https:\/\/www.lichendorf.at\/hschwaiger\/index.php?rest_route=\/wp\/v2\/product"}],"about":[{"href":"https:\/\/www.lichendorf.at\/hschwaiger\/index.php?rest_route=\/wp\/v2\/types\/product"}],"replies":[{"embeddable":true,"href":"https:\/\/www.lichendorf.at\/hschwaiger\/index.php?rest_route=%2Fwp%2Fv2%2Fcomments&post=2571"}],"wp:featuredmedia":[{"embeddable":true,"href":"https:\/\/www.lichendorf.at\/hschwaiger\/index.php?rest_route=\/wp\/v2\/media\/2494"}],"wp:attachment":[{"href":"https:\/\/www.lichendorf.at\/hschwaiger\/index.php?rest_route=%2Fwp%2Fv2%2Fmedia&parent=2571"}],"wp:term":[{"taxonomy":"product_brand","embeddable":true,"href":"https:\/\/www.lichendorf.at\/hschwaiger\/index.php?rest_route=%2Fwp%2Fv2%2Fproduct_brand&post=2571"},{"taxonomy":"product_cat","embeddable":true,"href":"https:\/\/www.lichendorf.at\/hschwaiger\/index.php?rest_route=%2Fwp%2Fv2%2Fproduct_cat&post=2571"},{"taxonomy":"product_tag","embeddable":true,"href":"https:\/\/www.lichendorf.at\/hschwaiger\/index.php?rest_route=%2Fwp%2Fv2%2Fproduct_tag&post=2571"}],"curies":[{"name":"wp","href":"https:\/\/api.w.org\/{rel}","templated":true}]}}