{"id":2596,"date":"2025-12-01T19:03:57","date_gmt":"2025-12-01T18:03:57","guid":{"rendered":"https:\/\/www.lichendorf.at\/hschwaiger\/?post_type=product&#038;p=2596"},"modified":"2025-12-25T14:08:00","modified_gmt":"2025-12-25T13:08:00","slug":"seife-suesse-hundepfoetchen-zitrone","status":"publish","type":"product","link":"https:\/\/www.lichendorf.at\/hschwaiger\/?product=seife-suesse-hundepfoetchen-zitrone","title":{"rendered":"Seife &#8211; S\u00fc\u00dfe Hundepf\u00f6tchen Zitrone"},"content":{"rendered":"<p data-start=\"467\" data-end=\"546\"><strong data-start=\"467\" data-end=\"544\">Handgemachte Hundepfoten-Seifen \u2013 Frischer Duft und liebevolle Handarbeit<\/strong><\/p>\n<p data-start=\"548\" data-end=\"791\">Diese verspielten Hundepfoten-Seifen sind handgefertigt und werden in kleinen Klarsichts\u00e4ckchen pr\u00e4sentiert. Jeder Stempel zeigt die niedliche Pfote \u2013 ideal, um kleine Dankesch\u00f6ns, Mitbringsel oder liebevolle Aufmerksamkeiten zu verschenken.<\/p>\n<p data-start=\"793\" data-end=\"1068\">Die Seifen duften frisch nach <strong data-start=\"823\" data-end=\"851\">Zitrone und Zitronengras<\/strong>, kombiniert mit feinen Kr\u00e4uternoten \u2013 ein belebender Duft beim H\u00e4ndewaschen. Die pflegenden \u00d6le hinterlassen die Haut zart und geschmeidig, w\u00e4hrend das verspielte Design Freude beim Auspacken und Benutzen bereitet.<\/p>\n<h3 data-start=\"1070\" data-end=\"1094\"><strong data-start=\"1074\" data-end=\"1092\">Besonderheiten<\/strong><\/h3>\n<ul data-start=\"1095\" data-end=\"1413\">\n<li data-start=\"1095\" data-end=\"1137\">\n<p data-start=\"1097\" data-end=\"1137\">Handgefertigt \u2013 jedes St\u00fcck ein Unikat<\/p>\n<\/li>\n<li data-start=\"1138\" data-end=\"1214\">\n<p data-start=\"1140\" data-end=\"1214\">Mild pflegende Rezeptur mit Kokos-, Oliven-, Sonnenblumen- und Rizinus\u00f6l<\/p>\n<\/li>\n<li data-start=\"1215\" data-end=\"1281\">\n<p data-start=\"1217\" data-end=\"1281\">Frischer, zitroniger Duft durch Citruslimon und Zitronengras\u00f6l<\/p>\n<\/li>\n<li data-start=\"1282\" data-end=\"1344\">\n<p data-start=\"1284\" data-end=\"1344\">Praktische Geschenkverpackung in kleinen Klarsichts\u00e4ckchen<\/p>\n<\/li>\n<li data-start=\"1345\" data-end=\"1413\">\n<p data-start=\"1347\" data-end=\"1413\">Perfekt als kleine Aufmerksamkeit, Mitbringsel oder Sammlerst\u00fcck<\/p>\n<\/li>\n<\/ul>\n<p>&nbsp;<\/p>\n<p>&nbsp;<\/p>\n<h1 data-start=\"1617\" data-end=\"1666\"><strong data-start=\"1619\" data-end=\"1664\">INCI\u00a0<\/strong><\/h1>\n<p data-start=\"1667\" data-end=\"2188\">Sodium Cocoate (Kokos\u00f6l)<br \/>\nSodium Olivate (Oliven\u00f6l)<br \/>\nSodium Hydroxide (\u00c4tznatron)<br \/>\nSodium Sunflowerseedate (Sonnenblumen\u00f6l)<br \/>\nSodium Castorate (Rizinus\u00f6l)<br \/>\nCitrus Limon Peel Oil (\u00c4therisches Zitronen\u00f6l)<br \/>\nCymbopogon Nardus Oil (\u00c4therisches Zitronengras\u00f6l)<br \/>\nSucrose (Zucker)<br \/>\nFluorphlogopite (Glimmerpigmente)<br \/>\nCI 77891, CI 77491, CI 77861, CI 77019, CI 77742 (Farbpigmente)<br \/>\nAllergene im Parfum: Limonene, Geraniol, Citronellol, Citral, Linalool<\/p>\n","protected":false},"excerpt":{"rendered":"<p>Bunte Hundepfoten-Seifen mit frischem Zitronen- und Zitronengrasduft, liebevoll handgefertigt und in kleinen Klarsichts\u00e4ckchen verpackt. Perfekt als kleine Geschenke oder Dankesch\u00f6n f\u00fcr Freunde, Familie und Hundeliebhaber.<\/p>\n<p>Gewicht: 15 g<\/p>\n","protected":false},"featured_media":2597,"comment_status":"open","ping_status":"closed","template":"","meta":[],"product_brand":[63,67],"product_cat":[55,73,53,97],"product_tag":[],"class_list":{"0":"post-2596","1":"product","2":"type-product","3":"status-publish","4":"has-post-thumbnail","6":"product_brand-h-schwaiger-naturseifen","7":"product_brand-naturseifen-motive","8":"product_cat-geschenksideen","9":"product_cat-motivseifen","10":"product_cat-naturseifen","11":"product_cat-spezial-seifen","13":"first","14":"instock","15":"featured","16":"purchasable","17":"product-type-simple","18":"customify-col","19":"product-has-gallery"},"_links":{"self":[{"href":"https:\/\/www.lichendorf.at\/hschwaiger\/index.php?rest_route=\/wp\/v2\/product\/2596","targetHints":{"allow":["GET"]}}],"collection":[{"href":"https:\/\/www.lichendorf.at\/hschwaiger\/index.php?rest_route=\/wp\/v2\/product"}],"about":[{"href":"https:\/\/www.lichendorf.at\/hschwaiger\/index.php?rest_route=\/wp\/v2\/types\/product"}],"replies":[{"embeddable":true,"href":"https:\/\/www.lichendorf.at\/hschwaiger\/index.php?rest_route=%2Fwp%2Fv2%2Fcomments&post=2596"}],"wp:featuredmedia":[{"embeddable":true,"href":"https:\/\/www.lichendorf.at\/hschwaiger\/index.php?rest_route=\/wp\/v2\/media\/2597"}],"wp:attachment":[{"href":"https:\/\/www.lichendorf.at\/hschwaiger\/index.php?rest_route=%2Fwp%2Fv2%2Fmedia&parent=2596"}],"wp:term":[{"taxonomy":"product_brand","embeddable":true,"href":"https:\/\/www.lichendorf.at\/hschwaiger\/index.php?rest_route=%2Fwp%2Fv2%2Fproduct_brand&post=2596"},{"taxonomy":"product_cat","embeddable":true,"href":"https:\/\/www.lichendorf.at\/hschwaiger\/index.php?rest_route=%2Fwp%2Fv2%2Fproduct_cat&post=2596"},{"taxonomy":"product_tag","embeddable":true,"href":"https:\/\/www.lichendorf.at\/hschwaiger\/index.php?rest_route=%2Fwp%2Fv2%2Fproduct_tag&post=2596"}],"curies":[{"name":"wp","href":"https:\/\/api.w.org\/{rel}","templated":true}]}}