{"id":2598,"date":"2025-12-01T19:09:46","date_gmt":"2025-12-01T18:09:46","guid":{"rendered":"https:\/\/www.lichendorf.at\/hschwaiger\/?post_type=product&#038;p=2598"},"modified":"2026-01-26T12:56:42","modified_gmt":"2026-01-26T11:56:42","slug":"seife-suesse-bluemchen-zitrone","status":"publish","type":"product","link":"https:\/\/www.lichendorf.at\/hschwaiger\/?product=seife-suesse-bluemchen-zitrone","title":{"rendered":"Seife &#8211; S\u00fc\u00dfe Bl\u00fcmchen &#8211; Rosmarin"},"content":{"rendered":"<p data-start=\"486\" data-end=\"569\"><strong data-start=\"486\" data-end=\"567\">Handgemachte Bl\u00fcmchen-Seife \u2013 Liebevolle Handarbeit und frischer Rosmarinduft<\/strong><\/p>\n<p data-start=\"571\" data-end=\"866\">Diese zauberhafte Bl\u00fcmchen-Seife wird mit viel Liebe handgefertigt und in fr\u00f6hlichen Lila- und Pinkt\u00f6nen gestaltet. Die Verpackung in kleinen Klarsichts\u00e4ckchen tr\u00e4gt den Schriftzug <strong data-start=\"752\" data-end=\"776\">\u201eEin Hoch auf dich!\u201c<\/strong>, sodass sie direkt als liebevolles Geschenk oder kleine Aufmerksamkeit Freude bereitet.<\/p>\n<p data-start=\"868\" data-end=\"1107\">Der frische Duft nach <strong data-start=\"890\" data-end=\"902\">Rosmarin<\/strong> macht das H\u00e4ndewaschen zu einem belebenden Erlebnis. Die mild pflegenden \u00d6le hinterlassen die Haut zart und geschmeidig, w\u00e4hrend das dekorative Bl\u00fcmchen-Design beim Auspacken f\u00fcr strahlende Augen sorgt.<\/p>\n<h3 data-start=\"1109\" data-end=\"1133\"><strong data-start=\"1113\" data-end=\"1131\">Besonderheiten<\/strong><\/h3>\n<ul data-start=\"1134\" data-end=\"1514\">\n<li data-start=\"1134\" data-end=\"1176\">\n<p data-start=\"1136\" data-end=\"1176\">Handgefertigt \u2013 jedes St\u00fcck ein Unikat<\/p>\n<\/li>\n<li data-start=\"1177\" data-end=\"1253\">\n<p data-start=\"1179\" data-end=\"1253\">Mild pflegende Rezeptur mit Kokos-, Oliven-, Sonnenblumen- und Rizinus\u00f6l<\/p>\n<\/li>\n<li data-start=\"1254\" data-end=\"1313\">\n<p data-start=\"1256\" data-end=\"1313\">Frischer Rosmarinduft (Rosmarinus Officinalis Stem Oil)<\/p>\n<\/li>\n<li data-start=\"1314\" data-end=\"1354\">\n<p data-start=\"1316\" data-end=\"1354\">Dekorative Bl\u00fcmchen in Lila und Pink<\/p>\n<\/li>\n<li data-start=\"1355\" data-end=\"1436\">\n<p data-start=\"1357\" data-end=\"1436\">Praktische Geschenkverpackung im Klarsichts\u00e4ckchen mit liebevollem Schriftzug<\/p>\n<\/li>\n<li data-start=\"1437\" data-end=\"1514\">\n<p data-start=\"1439\" data-end=\"1514\">Perfekt als kleine Aufmerksamkeit, Mitbringsel oder dekoratives Highlight<\/p>\n<\/li>\n<\/ul>\n<h1 data-start=\"1617\" data-end=\"1666\"><strong data-start=\"1619\" data-end=\"1664\">INCI\u00a0<\/strong><\/h1>\n<p data-start=\"1667\" data-end=\"2188\">Sodium Cocoate (Kokos\u00f6l)<br \/>\nSodium Olivate (Oliven\u00f6l)<br \/>\nAqua (Wasser)<br \/>\nSodium Hydroxide (\u00c4tznatron)<br \/>\nSodium Sunflowerseedate (Sonnenblumen\u00f6l)<br \/>\nSodium Castorate (Rizinus\u00f6l)<br \/>\nSucrose (Zucker)<br \/>\nRosmarinus Officinalis Stem Oil (\u00c4therisches Rosmarin\u00f6l)<br \/>\nCI 77891, CI 77019, CI 77288, CI 77491, CI 77742, Fluorphlogopite (Farbpigmente)<br \/>\nAllergene im Parfum: Limonene, Linalool<\/p>\n","protected":false},"excerpt":{"rendered":"<p>Handgefertigte Bl\u00fcmchen-Seife, liebevoll in Lila und Pink gestaltet, mit frischem Rosmarinduft. Verpackt in kleinen Klarsichts\u00e4ckchen mit dem Schriftzug \u201eEin Hoch auf dich!\u201c, ideal als kleine Geschenkidee oder Aufmerksamkeit f\u00fcr besondere Momente.<\/p>\n<p>Gewicht: 18 g<\/p>\n","protected":false},"featured_media":2600,"comment_status":"open","ping_status":"closed","template":"","meta":[],"product_brand":[63,67],"product_cat":[55,73,53,97],"product_tag":[],"class_list":{"0":"post-2598","1":"product","2":"type-product","3":"status-publish","4":"has-post-thumbnail","6":"product_brand-h-schwaiger-naturseifen","7":"product_brand-naturseifen-motive","8":"product_cat-geschenksideen","9":"product_cat-motivseifen","10":"product_cat-naturseifen","11":"product_cat-spezial-seifen","13":"first","14":"outofstock","15":"featured","16":"purchasable","17":"product-type-variable","18":"customify-col","19":"product-has-gallery"},"_links":{"self":[{"href":"https:\/\/www.lichendorf.at\/hschwaiger\/index.php?rest_route=\/wp\/v2\/product\/2598","targetHints":{"allow":["GET"]}}],"collection":[{"href":"https:\/\/www.lichendorf.at\/hschwaiger\/index.php?rest_route=\/wp\/v2\/product"}],"about":[{"href":"https:\/\/www.lichendorf.at\/hschwaiger\/index.php?rest_route=\/wp\/v2\/types\/product"}],"replies":[{"embeddable":true,"href":"https:\/\/www.lichendorf.at\/hschwaiger\/index.php?rest_route=%2Fwp%2Fv2%2Fcomments&post=2598"}],"wp:featuredmedia":[{"embeddable":true,"href":"https:\/\/www.lichendorf.at\/hschwaiger\/index.php?rest_route=\/wp\/v2\/media\/2600"}],"wp:attachment":[{"href":"https:\/\/www.lichendorf.at\/hschwaiger\/index.php?rest_route=%2Fwp%2Fv2%2Fmedia&parent=2598"}],"wp:term":[{"taxonomy":"product_brand","embeddable":true,"href":"https:\/\/www.lichendorf.at\/hschwaiger\/index.php?rest_route=%2Fwp%2Fv2%2Fproduct_brand&post=2598"},{"taxonomy":"product_cat","embeddable":true,"href":"https:\/\/www.lichendorf.at\/hschwaiger\/index.php?rest_route=%2Fwp%2Fv2%2Fproduct_cat&post=2598"},{"taxonomy":"product_tag","embeddable":true,"href":"https:\/\/www.lichendorf.at\/hschwaiger\/index.php?rest_route=%2Fwp%2Fv2%2Fproduct_tag&post=2598"}],"curies":[{"name":"wp","href":"https:\/\/api.w.org\/{rel}","templated":true}]}}