{"id":2735,"date":"2026-01-18T18:09:54","date_gmt":"2026-01-18T17:09:54","guid":{"rendered":"https:\/\/www.lichendorf.at\/hschwaiger\/?post_type=product&#038;p=2735"},"modified":"2026-02-24T12:16:40","modified_gmt":"2026-02-24T11:16:40","slug":"mini-fotobuch-aus-leder","status":"publish","type":"product","link":"https:\/\/www.lichendorf.at\/hschwaiger\/?product=mini-fotobuch-aus-leder","title":{"rendered":"Leder-Minibuch- Es ist Liebe"},"content":{"rendered":"<p>Mini-Fotobuch aus Leder \u2013 f\u00fcr Menschen, die sich m\u00f6gen<\/p>\n<p data-start=\"666\" data-end=\"998\">Dieses Mini-Fotobuch wurde als handgefertigtes Einzelst\u00fcck aus echtem Leder umgesetzt.<br data-start=\"752\" data-end=\"755\" \/>Der mehrfarbige Ledereinband wurde von Hand geschnitten und geklebt, die Vorderseite mit einem kleinen Lederherz versehen. Am R\u00fccken wurden eine Lederschlaufe mit Schl\u00fcsselring sowie ein handgeschnittenes Lederband zum Verschlie\u00dfen angebracht.<\/p>\n<p data-start=\"1000\" data-end=\"1370\">Im Inneren entstanden <strong data-start=\"1022\" data-end=\"1040\">8 Doppelseiten<\/strong> mit selbstgezeichneten Strichm\u00e4nnchen und jeweils einem kurzen, trockenen Spruch.<br data-start=\"1122\" data-end=\"1125\" \/>Die Seiten wurden aus <strong data-start=\"1147\" data-end=\"1169\">echten Fotoabz\u00fcgen<\/strong> gefertigt, entwickelt, h\u00e4ndisch zugeschnitten und direkt gebunden.<br data-start=\"1236\" data-end=\"1239\" \/>Vorsatz- und Endpapier wurden ebenfalls als Fotoseiten ausgef\u00fchrt und mit einem Hinweis auf die handwerkliche Herstellung versehen.<\/p>\n<p data-start=\"1372\" data-end=\"1615\">Das Mini-Fotobuch wurde bewusst reduziert gestaltet: klein im Format, ruhig im Ausdruck und langlebig in der Ausf\u00fchrung.<br data-start=\"1492\" data-end=\"1495\" \/>Es war nicht als Dekoobjekt gedacht, sondern als kleines Buch f\u00fcr den Alltag \u2013 zum Mitnehmen, Anh\u00e4ngen oder Verschenken.<\/p>\n<p data-start=\"1617\" data-end=\"1703\">Jedes B\u00fccherl wurde einzeln gefertigt und ist ein Unikat.<br data-start=\"1674\" data-end=\"1677\" \/>Handgemacht in \u00d6sterreich.<\/p>\n","protected":false},"excerpt":{"rendered":"<p>Dieses handgefertigte Mini-Fotobuch wurde aus echtem Leder gefertigt und mit Spr\u00fcchen sowie selbstgezeichneten Strichm\u00e4nnchen gestaltet.<br data-start=\"445\" data-end=\"448\" \/>Es wurde so klein gehalten, dass es als Schl\u00fcssel-, Taschen- oder Rucksackanh\u00e4nger verwendet werden kann.<br data-start=\"553\" data-end=\"556\" \/>Ein pers\u00f6nliches Geschenk f\u00fcr Menschen, die B\u00fccher und leise Gesten sch\u00e4tzen.<\/p>\n<p>Auf Wunsch ist dieses Buch auch personalisiert mit eigenen Fotos, Gravur und Lederfarbe erh\u00e4ltlich. Einfach anfragen unter: hschwaiger@lichendorf.at<\/p>\n<p>Ma\u00dfe: ca. 5,5 x 4,5 cm ohne Schlaufe<\/p>\n","protected":false},"featured_media":2729,"comment_status":"open","ping_status":"closed","template":"","meta":[],"product_brand":[],"product_cat":[155,55],"product_tag":[152,153],"class_list":{"0":"post-2735","1":"product","2":"type-product","3":"status-publish","4":"has-post-thumbnail","6":"product_cat-buch-foto","7":"product_cat-geschenksideen","8":"product_tag-lederbuch","9":"product_tag-schluesselanhaenger","10":"product_shipping_class-versandfertig-in-1-3-werktagen","12":"first","13":"instock","14":"shipping-taxable","15":"purchasable","16":"product-type-variable","17":"customify-col","18":"product-has-gallery"},"_links":{"self":[{"href":"https:\/\/www.lichendorf.at\/hschwaiger\/index.php?rest_route=\/wp\/v2\/product\/2735","targetHints":{"allow":["GET"]}}],"collection":[{"href":"https:\/\/www.lichendorf.at\/hschwaiger\/index.php?rest_route=\/wp\/v2\/product"}],"about":[{"href":"https:\/\/www.lichendorf.at\/hschwaiger\/index.php?rest_route=\/wp\/v2\/types\/product"}],"replies":[{"embeddable":true,"href":"https:\/\/www.lichendorf.at\/hschwaiger\/index.php?rest_route=%2Fwp%2Fv2%2Fcomments&post=2735"}],"wp:featuredmedia":[{"embeddable":true,"href":"https:\/\/www.lichendorf.at\/hschwaiger\/index.php?rest_route=\/wp\/v2\/media\/2729"}],"wp:attachment":[{"href":"https:\/\/www.lichendorf.at\/hschwaiger\/index.php?rest_route=%2Fwp%2Fv2%2Fmedia&parent=2735"}],"wp:term":[{"taxonomy":"product_brand","embeddable":true,"href":"https:\/\/www.lichendorf.at\/hschwaiger\/index.php?rest_route=%2Fwp%2Fv2%2Fproduct_brand&post=2735"},{"taxonomy":"product_cat","embeddable":true,"href":"https:\/\/www.lichendorf.at\/hschwaiger\/index.php?rest_route=%2Fwp%2Fv2%2Fproduct_cat&post=2735"},{"taxonomy":"product_tag","embeddable":true,"href":"https:\/\/www.lichendorf.at\/hschwaiger\/index.php?rest_route=%2Fwp%2Fv2%2Fproduct_tag&post=2735"}],"curies":[{"name":"wp","href":"https:\/\/api.w.org\/{rel}","templated":true}]}}