{"id":2876,"date":"2026-03-07T08:08:15","date_gmt":"2026-03-07T07:08:15","guid":{"rendered":"https:\/\/www.lichendorf.at\/hschwaiger\/?post_type=product&#038;p=2876"},"modified":"2026-03-07T08:31:17","modified_gmt":"2026-03-07T07:31:17","slug":"badebomben-diy-kit","status":"publish","type":"product","link":"https:\/\/www.lichendorf.at\/hschwaiger\/?product=badebomben-diy-kit","title":{"rendered":"Badebomben DIY-Kit"},"content":{"rendered":"<p data-start=\"774\" data-end=\"989\">Mit diesem <strong data-start=\"785\" data-end=\"807\">DIY Badebomben-Set<\/strong> kannst du ganz einfach deine eigenen sprudelnden Badebomben herstellen. Das Set enth\u00e4lt alle Zutaten, die du daf\u00fcr brauchst \u2013 bereits vorbereitet und perfekt aufeinander abgestimmt.<\/p>\n<p data-start=\"991\" data-end=\"1198\">Verschiedenen D\u00fcfte verwandeln dein Bad in eine kleine Wellness-Oase. W\u00e4hrend die Badebombe im Wasser sprudelt, pflegen <strong data-start=\"1117\" data-end=\"1141\">Kokos\u00f6l und Oliven\u00f6l<\/strong> die Haut und sorgen f\u00fcr ein angenehm weiches Hautgef\u00fchl.<\/p>\n<p data-start=\"1200\" data-end=\"1243\">Das Badebomben-Kit eignet sich perfekt f\u00fcr:<\/p>\n<p data-start=\"1245\" data-end=\"1390\">\u2728 kreative DIY-Fans<br data-start=\"1264\" data-end=\"1267\" \/>\u2728 entspannende Wellnessmomente zuhause<br data-start=\"1305\" data-end=\"1308\" \/>\u2728 Geschenkideen f\u00fcr Badefans<br data-start=\"1336\" data-end=\"1339\" \/>\u2728 gemeinsame Bastelzeit mit Freunden oder Familie<\/p>\n<p data-start=\"1392\" data-end=\"1475\">Durch die einfache Anwendung gelingt die Herstellung auch <strong data-start=\"1450\" data-end=\"1474\">Anf\u00e4ngern problemlos<\/strong>.<\/p>\n<h2 data-section-id=\"jvjhp\" data-start=\"2004\" data-end=\"2020\">Inhaltsstoffe Apfel:<\/h2>\n<p data-start=\"2021\" data-end=\"2142\">Natron, Zitronens\u00e4ure, Kokos\u00f6l, Apfelduft\u00f6l, Oliven\u00f6l, destilliertes Wasser, Weinstein, Maisst\u00e4rke, Polysorbate 80, Mica.<\/p>\n<hr data-start=\"2144\" data-end=\"2147\" \/>\n<h2 data-section-id=\"1xw6fu0\" data-start=\"2149\" data-end=\"2156\">INCI<\/h2>\n<p data-start=\"2157\" data-end=\"2385\">SODIUM BICARBONATE, CITRIC ACID, COCOS NUCIFERA OIL, APPLE CIDER FRAGRANT OIL, OLEA EUROPAEA FRUIT OIL, AQUA, POTASSIUM BITARTRATE, ZEA MAYS STARCH, POLYSORBATE 80, C.I. 77891, C.I. 77019, C.I. 77288, COUMARIN, EUGENOL, LIMONENE<\/p>\n<h2 data-section-id=\"jvjhp\" data-start=\"2004\" data-end=\"2020\">Inhaltsstoffe Magnolie:<\/h2>\n<p data-start=\"2021\" data-end=\"2142\">Natron, Zitronens\u00e4ure, Kokos\u00f6l, Magnolienduft\u00f6l, Oliven\u00f6l, destilliertes Wasser, Weinstein, Maisst\u00e4rke, Polysorbate 80, Mica.<\/p>\n<hr data-start=\"2144\" data-end=\"2147\" \/>\n<h2 data-section-id=\"1xw6fu0\" data-start=\"2149\" data-end=\"2156\">INCI<\/h2>\n<p data-start=\"2157\" data-end=\"2385\">SODIUM BICARBONATE, CITRIC ACID, SODIUM COCOATE, MAGNOLIA FRAGRANT OIL, SODIUM OLIVATE, AQUA, POTASSIUM BITARTRATE, ZEA MAYS STARCH, POLYSORBATE 80, C.I. 77019, 77891, 77491, 77742<\/p>\n<h2 data-section-id=\"jvjhp\" data-start=\"2004\" data-end=\"2020\">Inhaltsstoffe Lavendel:<\/h2>\n<p data-start=\"2021\" data-end=\"2142\">Natron, Zitronens\u00e4ure, Kokos\u00f6l, \u00e4therisches Lavendel\u00f6l, Oliven\u00f6l, destilliertes Wasser, Weinstein, Maisst\u00e4rke, Polysorbate 80, Mica.<\/p>\n<hr data-start=\"2144\" data-end=\"2147\" \/>\n<h2 data-section-id=\"1xw6fu0\" data-start=\"2149\" data-end=\"2156\">INCI<\/h2>\n<p data-start=\"2157\" data-end=\"2385\">SODIUM BICARBONATE, CITRIC ACID, SODIUM COCOATE, LAVANDULA ANGUSTOFOLIA HERB OIL, SODIUM OLIVATE, AQUA, POTASSIUM BITARTRATE, ZEA MAYS STARCH, POLYSORBATE 80, C.I. 77019, 77891, 77491, 77861, 77742<\/p>\n","protected":false},"excerpt":{"rendered":"<p>Mit dem <strong data-start=\"334\" data-end=\"358\">Badebomben-Kit<\/strong>\u00a0stellst du deine eigenen sprudelnden Badebomben ganz einfach selbst her. Alle Zutaten sind bereits exakt vorbereitet und portioniert. Der fruchtig-frische Apfelduft sorgt f\u00fcr ein entspannendes Badeerlebnis, w\u00e4hrend Kokos- und Oliven\u00f6l die Haut pflegen. Perfekt als kreatives Geschenk oder f\u00fcr einen gem\u00fctlichen DIY-Wellnessabend zuhause.<\/p>\n","protected":false},"featured_media":2883,"comment_status":"open","ping_status":"closed","template":"","meta":[],"product_brand":[],"product_cat":[124],"product_tag":[126,125,127],"class_list":{"0":"post-2876","1":"product","2":"type-product","3":"status-publish","4":"has-post-thumbnail","6":"product_cat-badezusatz","7":"product_tag-badesalz","8":"product_tag-magnesiumbad","9":"product_tag-muskel","10":"product_shipping_class-versandfertig-in-1-3-werktagen","12":"first","13":"outofstock","14":"shipping-taxable","15":"purchasable","16":"product-type-variable","17":"has-default-attributes","18":"customify-col","19":"product-has-gallery"},"_links":{"self":[{"href":"https:\/\/www.lichendorf.at\/hschwaiger\/index.php?rest_route=\/wp\/v2\/product\/2876","targetHints":{"allow":["GET"]}}],"collection":[{"href":"https:\/\/www.lichendorf.at\/hschwaiger\/index.php?rest_route=\/wp\/v2\/product"}],"about":[{"href":"https:\/\/www.lichendorf.at\/hschwaiger\/index.php?rest_route=\/wp\/v2\/types\/product"}],"replies":[{"embeddable":true,"href":"https:\/\/www.lichendorf.at\/hschwaiger\/index.php?rest_route=%2Fwp%2Fv2%2Fcomments&post=2876"}],"wp:featuredmedia":[{"embeddable":true,"href":"https:\/\/www.lichendorf.at\/hschwaiger\/index.php?rest_route=\/wp\/v2\/media\/2883"}],"wp:attachment":[{"href":"https:\/\/www.lichendorf.at\/hschwaiger\/index.php?rest_route=%2Fwp%2Fv2%2Fmedia&parent=2876"}],"wp:term":[{"taxonomy":"product_brand","embeddable":true,"href":"https:\/\/www.lichendorf.at\/hschwaiger\/index.php?rest_route=%2Fwp%2Fv2%2Fproduct_brand&post=2876"},{"taxonomy":"product_cat","embeddable":true,"href":"https:\/\/www.lichendorf.at\/hschwaiger\/index.php?rest_route=%2Fwp%2Fv2%2Fproduct_cat&post=2876"},{"taxonomy":"product_tag","embeddable":true,"href":"https:\/\/www.lichendorf.at\/hschwaiger\/index.php?rest_route=%2Fwp%2Fv2%2Fproduct_tag&post=2876"}],"curies":[{"name":"wp","href":"https:\/\/api.w.org\/{rel}","templated":true}]}}