{"id":2884,"date":"2026-03-14T12:38:03","date_gmt":"2026-03-14T11:38:03","guid":{"rendered":"https:\/\/www.lichendorf.at\/hschwaiger\/?post_type=product&#038;p=2884"},"modified":"2026-03-14T12:40:55","modified_gmt":"2026-03-14T11:40:55","slug":"duschseife-grapefruit","status":"publish","type":"product","link":"https:\/\/www.lichendorf.at\/hschwaiger\/?product=duschseife-grapefruit","title":{"rendered":"Duschseife Grapefruit"},"content":{"rendered":"<p>Bald verf\u00fcgbar<\/p>\n<p>&nbsp;<\/p>\n<p>Drinnen ist:<\/p>\n<p>Kokos\u00f6l, Sheabutter, Destilliertes Wasser, Oliven\u00f6l, NaOH, Avocado\u00f6l, Rizinus\u00f6l, Raps\u00f6l, \u00e4therisches Grapefruit\u00f6l, Macadamianuss\u00f6l, Titandioxid, Mica Magenta<\/p>\n","protected":false},"excerpt":{"rendered":"<p data-start=\"105\" data-end=\"385\">\n<p data-start=\"387\" data-end=\"672\"><strong data-start=\"387\" data-end=\"396\">INCI:<\/strong> SODIUM COCOATE, SODIUM SHEA BUTTERATE, AQUA, SODIUM OLIVATE, SODIUM HYDROXIDE, SODIUM AVOCADOATE, SODIUM CASTORATE, SODIUM RAPESEEDATE, CITRUS PARADISI M. PEEL OIL, CITRUS PARADISI M. PEEL OIL, CI\u00a077891, C.I. 77019, 77891, 77491, 77742<\/p>\n<p data-start=\"387\" data-end=\"672\">110 g<\/p>\n","protected":false},"featured_media":0,"comment_status":"open","ping_status":"closed","template":"","meta":[],"product_brand":[63],"product_cat":[71,55,53,70],"product_tag":[],"class_list":{"0":"post-2884","1":"product","2":"type-product","3":"status-publish","5":"product_brand-h-schwaiger-naturseifen","6":"product_cat-duschseifen","7":"product_cat-geschenksideen","8":"product_cat-naturseifen","9":"product_cat-standardseifen","11":"first","12":"instock","13":"purchasable","14":"product-type-simple","15":"customify-col"},"_links":{"self":[{"href":"https:\/\/www.lichendorf.at\/hschwaiger\/index.php?rest_route=\/wp\/v2\/product\/2884","targetHints":{"allow":["GET"]}}],"collection":[{"href":"https:\/\/www.lichendorf.at\/hschwaiger\/index.php?rest_route=\/wp\/v2\/product"}],"about":[{"href":"https:\/\/www.lichendorf.at\/hschwaiger\/index.php?rest_route=\/wp\/v2\/types\/product"}],"replies":[{"embeddable":true,"href":"https:\/\/www.lichendorf.at\/hschwaiger\/index.php?rest_route=%2Fwp%2Fv2%2Fcomments&post=2884"}],"wp:attachment":[{"href":"https:\/\/www.lichendorf.at\/hschwaiger\/index.php?rest_route=%2Fwp%2Fv2%2Fmedia&parent=2884"}],"wp:term":[{"taxonomy":"product_brand","embeddable":true,"href":"https:\/\/www.lichendorf.at\/hschwaiger\/index.php?rest_route=%2Fwp%2Fv2%2Fproduct_brand&post=2884"},{"taxonomy":"product_cat","embeddable":true,"href":"https:\/\/www.lichendorf.at\/hschwaiger\/index.php?rest_route=%2Fwp%2Fv2%2Fproduct_cat&post=2884"},{"taxonomy":"product_tag","embeddable":true,"href":"https:\/\/www.lichendorf.at\/hschwaiger\/index.php?rest_route=%2Fwp%2Fv2%2Fproduct_tag&post=2884"}],"curies":[{"name":"wp","href":"https:\/\/api.w.org\/{rel}","templated":true}]}}